{"id":18224,"date":"2026-05-04T09:18:18","date_gmt":"2026-05-04T07:18:18","guid":{"rendered":"https:\/\/www.nilorn.com\/information-regarding-public-takeover-bid-from-trimco-group\/"},"modified":"2026-05-04T09:29:46","modified_gmt":"2026-05-04T07:29:46","slug":"information-regarding-public-takeover-bid-from-trimco-group","status":"publish","type":"page","link":"https:\/\/www.nilorn.com\/sv\/information-regarding-public-takeover-bid-from-trimco-group\/","title":{"rendered":"Information om uppk\u00f6pserbjudande fr\u00e5n Trimco Group"},"content":{"rendered":"<p>[et_pb_section fb_built=&#8221;1&#8243; _builder_version=&#8221;4.23.1&#8243; _dynamic_attributes=&#8221;background_image&#8221; background_image=&#8221;@ET-DC@eyJkeW5hbWljIjp0cnVlLCJjb250ZW50IjoicG9zdF9mZWF0dXJlZF9pbWFnZSIsInNldHRpbmdzIjp7fX0=@&#8221; da_disable_devices=&#8221;off|off|off&#8221; global_colors_info=&#8221;{}&#8221; da_is_popup=&#8221;off&#8221; da_exit_intent=&#8221;off&#8221; da_has_close=&#8221;on&#8221; da_alt_close=&#8221;off&#8221; da_dark_close=&#8221;off&#8221; da_not_modal=&#8221;on&#8221; da_is_singular=&#8221;off&#8221; da_with_loader=&#8221;off&#8221; da_has_shadow=&#8221;on&#8221;][et_pb_row _builder_version=&#8221;4.27.6&#8243; width=&#8221;100%&#8221; global_colors_info=&#8221;{}&#8221;][et_pb_column type=&#8221;4_4&#8243; _builder_version=&#8221;4.16&#8243; global_colors_info=&#8221;{}&#8221;][et_pb_image src=&#8221;https:\/\/www.nilorn.com\/wp-content\/uploads\/2024\/01\/packaging-header.jpg&#8221; title_text=&#8221;packaging-header&#8221; _builder_version=&#8221;4.27.6&#8243; _module_preset=&#8221;default&#8221; global_colors_info=&#8221;{}&#8221;][\/et_pb_image][\/et_pb_column][\/et_pb_row][\/et_pb_section][et_pb_section fb_built=&#8221;1&#8243; _builder_version=&#8221;4.16&#8243; da_disable_devices=&#8221;off|off|off&#8221; global_colors_info=&#8221;{}&#8221; da_is_popup=&#8221;off&#8221; da_exit_intent=&#8221;off&#8221; da_has_close=&#8221;on&#8221; da_alt_close=&#8221;off&#8221; da_dark_close=&#8221;off&#8221; da_not_modal=&#8221;on&#8221; da_is_singular=&#8221;off&#8221; da_with_loader=&#8221;off&#8221; da_has_shadow=&#8221;on&#8221;][et_pb_row _builder_version=&#8221;4.27.6&#8243; width=&#8221;60%&#8221; custom_padding=&#8221;50px||30px||false|false&#8221; animation_style=&#8221;fade&#8221; global_colors_info=&#8221;{}&#8221;][et_pb_column type=&#8221;4_4&#8243; _builder_version=&#8221;4.16&#8243; global_colors_info=&#8221;{}&#8221;][et_pb_text admin_label=&#8221;Header text&#8221; _builder_version=&#8221;4.27.6&#8243; _dynamic_attributes=&#8221;content&#8221; header_font=&#8221;|300|||||||&#8221; header_text_align=&#8221;left&#8221; text_orientation=&#8221;center&#8221; max_width_tablet=&#8221;&#8221; max_width_phone=&#8221;65%&#8221; max_width_last_edited=&#8221;on|phone&#8221; module_alignment=&#8221;center&#8221; global_colors_info=&#8221;{}&#8221;]@ET-DC@eyJkeW5hbWljIjp0cnVlLCJjb250ZW50IjoicG9zdF90aXRsZSIsInNldHRpbmdzIjp7ImJlZm9yZSI6IjxoMT4iLCJhZnRlciI6IjxcL2gxPiJ9fQ==@[\/et_pb_text][et_pb_divider show_divider=&#8221;off&#8221; _builder_version=&#8221;4.27.6&#8243; _module_preset=&#8221;default&#8221; global_colors_info=&#8221;{}&#8221;][\/et_pb_divider][et_pb_text _builder_version=&#8221;4.27.6&#8243; _module_preset=&#8221;default&#8221; global_colors_info=&#8221;{}&#8221;]<\/p>\n<p data-start=\"0\" data-end=\"244\">Den 4 maj 2026 offentliggjorde Trimco Group (UK) Limited, ett indirekt hel\u00e4gt dotterbolag till Trimco Group Holdings Limited, (\u201d<strong>Budgivaren<\/strong>\u201d), ett offentligt kontant uppk\u00f6pserbjudande till aktie\u00e4garna i Nil\u00f6rngruppen AB (publ) (\u201d<strong>Nil\u00f6rngruppen<\/strong>\u201d eller \u201d<strong>Bolaget<\/strong>\u201d) att \u00f6verl\u00e5ta samtliga sina aktier i Bolaget till Budgivaren f\u00f6r 77 kronor kontant per aktie (&#8221;<strong>Erbjudandet<\/strong>\u201d).<\/p>\n<p>[\/et_pb_text][et_pb_divider show_divider=&#8221;off&#8221; _builder_version=&#8221;4.27.6&#8243; _module_preset=&#8221;default&#8221; global_colors_info=&#8221;{}&#8221;][\/et_pb_divider][et_pb_text _builder_version=&#8221;4.27.6&#8243; _module_preset=&#8221;default&#8221; global_colors_info=&#8221;{}&#8221;]<\/p>\n<h5 data-start=\"246\" data-end=\"307\">\u00a0<\/h5>\n<p><\/p>\n<h5 data-start=\"246\" data-end=\"307\">Information avseende Erbjudandet fr\u00e5n Trimco Group:<\/h5>\n<p><\/p>\n<p data-start=\"309\" data-end=\"345\">L\u00e4s mer: <a href=\"https:\/\/www.offer-to-scale.com\/sv\">Erbjudande till aktie\u00e4gare i Nil\u00f6rngruppen<\/a><\/p>\n<p><\/p>\n<h5 data-start=\"246\" data-end=\"307\">\u00a0<\/h5>\n<p><\/p>\n<h5 data-start=\"246\" data-end=\"307\">Information avseende Erbjudandet fr\u00e5n Nil\u00f6rngruppen:<\/h5>\n<p><\/p>\n<p>L\u00e4s mer: <a href=\"https:\/\/www.nilorn.com\/sv\/pressmeddelande\/nyheter-enligt-mar\/nilorngruppen-offentliggor-styrelsens-uttalande-med-anledning-av-offentligt-uppkopserbjudande-fran-trimco-group\/\">Nil\u00f6rngruppen offentligg\u00f6r styrelsens uttalande med anledning av offentligt uppk\u00f6pserbjudande fr\u00e5n Trimco Group<\/a><\/p>\n<p><\/p>\n<p>&nbsp;<\/p>\n<p>[\/et_pb_text][et_pb_divider show_divider=&#8221;off&#8221; _builder_version=&#8221;4.27.6&#8243; _module_preset=&#8221;default&#8221; background_color=&#8221;RGBA(255,255,255,0)&#8221; global_colors_info=&#8221;{}&#8221;][\/et_pb_divider][\/et_pb_column][\/et_pb_row][\/et_pb_section][et_pb_section fb_built=&#8221;1&#8243; _builder_version=&#8221;4.23.1&#8243; background_color=&#8221;#434343&#8243; custom_padding=&#8221;||0px|||&#8221; da_disable_devices=&#8221;off|off|off&#8221; global_colors_info=&#8221;{}&#8221; da_is_popup=&#8221;off&#8221; da_exit_intent=&#8221;off&#8221; da_has_close=&#8221;on&#8221; da_alt_close=&#8221;off&#8221; da_dark_close=&#8221;off&#8221; da_not_modal=&#8221;on&#8221; da_is_singular=&#8221;off&#8221; da_with_loader=&#8221;off&#8221; da_has_shadow=&#8221;on&#8221;][et_pb_row column_structure=&#8221;1_4,1_4,1_4,1_4&#8243; make_equal=&#8221;on&#8221; _builder_version=&#8221;4.27.4&#8243; width=&#8221;90%&#8221; width_tablet=&#8221;90%&#8221; width_phone=&#8221;90%&#8221; width_last_edited=&#8221;on|phone&#8221; custom_padding=&#8221;50px||||false|false&#8221; global_colors_info=&#8221;{}&#8221;][et_pb_column type=&#8221;1_4&#8243; module_class=&#8221;footer-column-sitemap&#8221; _builder_version=&#8221;4.23.1&#8243; _module_preset=&#8221;default&#8221; global_colors_info=&#8221;{}&#8221;][et_pb_text _builder_version=&#8221;4.27.4&#8243; text_font=&#8221;&#8211;et_global_heading_font|700|||||||&#8221; text_text_color=&#8221;#FFFFFF&#8221; text_font_size=&#8221;22px&#8221; text_letter_spacing=&#8221;1px&#8221; header_font_size=&#8221;18px&#8221; header_6_font_size=&#8221;18px&#8221; background_layout=&#8221;dark&#8221; custom_margin=&#8221;||0.5em||false|false&#8221; custom_padding=&#8221;||||false|false&#8221; text_font_size_tablet=&#8221;22px&#8221; text_font_size_phone=&#8221;18px&#8221; text_font_size_last_edited=&#8221;on|desktop&#8221; global_colors_info=&#8221;{}&#8221;]<\/p>\n<p>Site Map<\/p>\n<p>[\/et_pb_text][et_pb_menu menu_id=&#8221;4&#8243; active_link_color=&#8221;rgba(255,255,255,0.8)&#8221; module_id=&#8221;footer-sitemap-menu&#8221; module_class=&#8221;sitemap-menu&#8221; _builder_version=&#8221;4.27.4&#8243; menu_font=&#8221;||||||||&#8221; menu_text_color=&#8221;rgba(255,255,255,0.8)&#8221; menu_font_size=&#8221;15px&#8221; menu_line_height=&#8221;0.8rem&#8221; background_enable_color=&#8221;off&#8221; background_layout=&#8221;dark&#8221; menu_font_size_tablet=&#8221;18px&#8221; menu_font_size_phone=&#8221;16px&#8221; menu_font_size_last_edited=&#8221;on|tablet&#8221; global_colors_info=&#8221;{}&#8221;][\/et_pb_menu][\/et_pb_column][et_pb_column type=&#8221;1_4&#8243; module_class=&#8221;footer-column-social&#8221; _builder_version=&#8221;4.23.1&#8243; _module_preset=&#8221;default&#8221; global_colors_info=&#8221;{}&#8221;][et_pb_text _builder_version=&#8221;4.27.4&#8243; text_font=&#8221;&#8211;et_global_heading_font|300|||||||&#8221; text_text_color=&#8221;#FFFFFF&#8221; text_font_size=&#8221;22px&#8221; text_letter_spacing=&#8221;1px&#8221; header_font_size=&#8221;18px&#8221; header_6_font_size=&#8221;18px&#8221; background_layout=&#8221;dark&#8221; custom_margin=&#8221;||0.5em||false|false&#8221; custom_padding=&#8221;||||false|false&#8221; custom_padding_tablet=&#8221;||||false|false&#8221; custom_padding_phone=&#8221;10px||||false|false&#8221; custom_padding_last_edited=&#8221;on|desktop&#8221; text_font_size_tablet=&#8221;22px&#8221; text_font_size_phone=&#8221;18px&#8221; text_font_size_last_edited=&#8221;on|desktop&#8221; global_colors_info=&#8221;{}&#8221;]<\/p>\n<p>Social<\/p>\n<p>[\/et_pb_text][et_pb_social_media_follow _builder_version=&#8221;4.16&#8243; text_orientation=&#8221;left&#8221; max_width=&#8221;40px&#8221; max_width_tablet=&#8221;&#8221; max_width_phone=&#8221;90%&#8221; max_width_last_edited=&#8221;on|phone&#8221; module_alignment=&#8221;left&#8221; custom_margin=&#8221;||||false|false&#8221; custom_padding=&#8221;0px||||false|false&#8221; text_orientation_phone=&#8221;left&#8221; text_orientation_last_edited=&#8221;off|phone&#8221; global_colors_info=&#8221;{}&#8221;][et_pb_social_media_follow_network social_network=&#8221;instagram&#8221; url=&#8221;https:\/\/www.instagram.com\/nilornworldwide\/&#8221; icon_color=&#8221;rgba(0,0,0,0)&#8221; _builder_version=&#8221;4.16&#8243; background_enable_color=&#8221;off&#8221; background_image=&#8221;https:\/\/www.nilorn.com\/wp-content\/uploads\/2020\/05\/instagram-icon.png&#8221; background_enable_image=&#8221;on&#8221; background_size=&#8221;contain&#8221; custom_margin=&#8221;||1rem||false|false&#8221; custom_margin_tablet=&#8221;&#8221; custom_margin_phone=&#8221;|1rem|1rem||false|false&#8221; custom_margin_last_edited=&#8221;on|phone&#8221; custom_padding=&#8221;||||false|false&#8221; global_colors_info=&#8221;{}&#8221; follow_button=&#8221;off&#8221; url_new_window=&#8221;on&#8221;]instagram[\/et_pb_social_media_follow_network][et_pb_social_media_follow_network social_network=&#8221;facebook&#8221; url=&#8221;https:\/\/www.facebook.com\/nilornworldwide&#8221; icon_color=&#8221;rgba(0,0,0,0)&#8221; _builder_version=&#8221;4.16&#8243; background_enable_color=&#8221;off&#8221; background_image=&#8221;https:\/\/www.nilorn.com\/wp-content\/uploads\/2020\/05\/facebook-icon.png&#8221; background_enable_image=&#8221;on&#8221; background_size=&#8221;contain&#8221; custom_margin=&#8221;||1rem||false|false&#8221; custom_margin_tablet=&#8221;&#8221; custom_margin_phone=&#8221;|1rem|||false|false&#8221; custom_margin_last_edited=&#8221;on|phone&#8221; custom_padding=&#8221;||||false|false&#8221; global_colors_info=&#8221;{}&#8221; follow_button=&#8221;off&#8221; url_new_window=&#8221;on&#8221;]facebook[\/et_pb_social_media_follow_network][et_pb_social_media_follow_network social_network=&#8221;vimeo&#8221; url=&#8221;https:\/\/issuu.com\/nilornworldwide&#8221; icon_color=&#8221;rgba(0,0,0,0)&#8221; _builder_version=&#8221;4.16&#8243; background_enable_color=&#8221;off&#8221; background_image=&#8221;https:\/\/www.nilorn.com\/wp-content\/uploads\/2020\/05\/issuu-icon.png&#8221; background_enable_image=&#8221;on&#8221; background_size=&#8221;contain&#8221; custom_margin=&#8221;||1rem||false|false&#8221; custom_margin_tablet=&#8221;&#8221; custom_margin_phone=&#8221;|1rem|||false|false&#8221; custom_margin_last_edited=&#8221;on|phone&#8221; custom_padding=&#8221;||||false|false&#8221; global_colors_info=&#8221;{}&#8221; follow_button=&#8221;off&#8221; url_new_window=&#8221;on&#8221;]vimeo[\/et_pb_social_media_follow_network][et_pb_social_media_follow_network social_network=&#8221;linkedin&#8221; url=&#8221;https:\/\/www.linkedin.com\/company\/nilornworldwide\/&#8221; icon_color=&#8221;rgba(0,0,0,0)&#8221; _builder_version=&#8221;4.16&#8243; background_enable_color=&#8221;off&#8221; background_image=&#8221;https:\/\/www.nilorn.com\/wp-content\/uploads\/2020\/05\/linkedin-icon.png&#8221; background_enable_image=&#8221;on&#8221; background_size=&#8221;contain&#8221; custom_margin=&#8221;||1rem||false|false&#8221; custom_margin_tablet=&#8221;&#8221; custom_margin_phone=&#8221;|1rem|||false|false&#8221; custom_margin_last_edited=&#8221;on|desktop&#8221; global_colors_info=&#8221;{}&#8221; follow_button=&#8221;off&#8221; url_new_window=&#8221;on&#8221;]linkedin[\/et_pb_social_media_follow_network][\/et_pb_social_media_follow][\/et_pb_column][et_pb_column type=&#8221;1_4&#8243; module_class=&#8221;footer-column-newsletter&#8221; _builder_version=&#8221;4.23.1&#8243; custom_css_main_element=&#8221;width:20%!important;&#8221; global_colors_info=&#8221;{}&#8221; custom_css_main_element_last_edited=&#8221;on|desktop&#8221; custom_css_main_element_tablet=&#8221;width:50%;&#8221; custom_css_main_element_phone=&#8221;width:50%;&#8221;][et_pb_text _builder_version=&#8221;4.27.4&#8243; text_font=&#8221;&#8211;et_global_heading_font|300|||||||&#8221; text_text_color=&#8221;#FFFFFF&#8221; text_font_size=&#8221;22px&#8221; text_letter_spacing=&#8221;1px&#8221; header_6_font_size=&#8221;18px&#8221; background_layout=&#8221;dark&#8221; custom_margin=&#8221;||0.5em||false|false&#8221; custom_margin_tablet=&#8221;||0.5em||false|false&#8221; custom_margin_phone=&#8221;||0em||false|false&#8221; custom_margin_last_edited=&#8221;on|phone&#8221; custom_padding=&#8221;||||false|false&#8221; custom_padding_tablet=&#8221;||||false|false&#8221; custom_padding_phone=&#8221;10px||||false|false&#8221; custom_padding_last_edited=&#8221;on|phone&#8221; text_font_size_tablet=&#8221;22px&#8221; text_font_size_phone=&#8221;18px&#8221; text_font_size_last_edited=&#8221;on|phone&#8221; global_colors_info=&#8221;{}&#8221;]<\/p>\n<p>Subscribe to our newsletter<\/p>\n<p>[\/et_pb_text][et_pb_code _builder_version=&#8221;4.23.2&#8243; _module_preset=&#8221;default&#8221; width=&#8221;80%&#8221; width_tablet=&#8221;50%&#8221; width_phone=&#8221;50%&#8221; width_last_edited=&#8221;on|desktop&#8221; max_width=&#8221;800px&#8221; custom_margin=&#8221;||||false|false&#8221; custom_padding=&#8221;||||false|false&#8221; global_colors_info=&#8221;{}&#8221;]<\/p>\n<div id=\"mc_embed_shell\"><!-- [et_pb_line_break_holder] -->  <!-- [et_pb_line_break_holder] --><\/p>\n<div id=\"mc_embed_signup\"><!-- [et_pb_line_break_holder] -->    <\/p>\n<form action=\"https:\/\/nilorn.us9.list-manage.com\/subscribe\/post?u=2ba1cba0cc9bf0f086a4a8de1&#038;id=d7fa85523c&#038;f_id=00f936e1f0\" method=\"post\" id=\"mc-embedded-subscribe-form\" name=\"mc-embedded-subscribe-form\" class=\"validate\" target=\"_self\" novalidate=\"\"><!-- [et_pb_line_break_holder] -->        <\/p>\n<div id=\"mc_embed_signup_scroll\"><!-- [et_pb_line_break_holder] -->            <\/p>\n<div class=\"mc-field-group\"><label for=\"mce-EMAIL\" style=\"font-size:14px\">Email Address<\/label><input type=\"email\" name=\"EMAIL\" class=\"required email\" id=\"mce-EMAIL\" required=\"\" value=\"\"><\/div>\n<p><!-- [et_pb_line_break_holder] --><\/p>\n<div hidden=\"\"><input type=\"hidden\" name=\"tags\" value=\"12705709\"><\/div>\n<p><!-- [et_pb_line_break_holder] -->        <\/p>\n<div id=\"mce-responses\" class=\"clear\"><!-- [et_pb_line_break_holder] -->            <\/p>\n<div class=\"response\" id=\"mce-error-response\" style=\"display: none;\"><\/div>\n<p><!-- [et_pb_line_break_holder] -->            <\/p>\n<div class=\"response\" id=\"mce-success-response\" style=\"display: none;\"><\/div>\n<p><!-- [et_pb_line_break_holder] -->        <\/div>\n<div aria-hidden=\"true\" style=\"position: absolute; left: -5000px;\"><input type=\"text\" name=\"b_2ba1cba0cc9bf0f086a4a8de1_d7fa85523c\" tabindex=\"-1\" value=\"\"><\/div>\n<div class=\"clear\"><input type=\"submit\" name=\"subscribe\" id=\"mc-embedded-subscribe\" class=\"button et_pb_button\" value=\"Subscribe\" style=\"font-size:14px;\"><\/div>\n<p><!-- [et_pb_line_break_holder] -->    <\/div>\n<p><!-- [et_pb_line_break_holder] --><\/form>\n<p><!-- [et_pb_line_break_holder] --><\/div>\n<p><!-- [et_pb_line_break_holder] --><\/div>\n<p><!-- [et_pb_line_break_holder] -->[\/et_pb_code][\/et_pb_column][et_pb_column type=&#8221;1_4&#8243; module_class=&#8221;footer-column-letswork&#8221; _builder_version=&#8221;4.23.1&#8243; custom_css_main_element=&#8221;width:40%!important;&#8221; global_colors_info=&#8221;{}&#8221; custom_css_main_element_last_edited=&#8221;on|desktop&#8221; custom_css_main_element_tablet=&#8221;width:47%&#8221; custom_css_main_element_phone=&#8221;width:47%&#8221;][et_pb_text _builder_version=&#8221;4.27.4&#8243; _module_preset=&#8221;default&#8221; text_font=&#8221;|700|||||||&#8221; text_text_color=&#8221;#FFFFFF&#8221; text_font_size=&#8221;52px&#8221; text_line_height=&#8221;1.1em&#8221; custom_margin=&#8221;||0px||false|false&#8221; custom_padding=&#8221;||8px||false|false&#8221; custom_padding_tablet=&#8221;||8px||false|false&#8221; custom_padding_phone=&#8221;30px||8px||false|false&#8221; custom_padding_last_edited=&#8221;on|desktop&#8221; text_font_size_tablet=&#8221;52px&#8221; text_font_size_phone=&#8221;38px&#8221; text_font_size_last_edited=&#8221;on|desktop&#8221; text_line_height_tablet=&#8221;1em&#8221; text_line_height_phone=&#8221;1em&#8221; text_line_height_last_edited=&#8221;on|desktop&#8221; header_font_size_tablet=&#8221;&#8221; header_font_size_phone=&#8221;38px&#8221; header_font_size_last_edited=&#8221;on|phone&#8221; module_alignment_tablet=&#8221;&#8221; module_alignment_phone=&#8221;&#8221; module_alignment_last_edited=&#8221;on|desktop&#8221; global_colors_info=&#8221;{}&#8221;]<\/p>\n<p>LET&#8217;S WORK TOGETHER<\/p>\n<p>[\/et_pb_text][et_pb_button button_url=&#8221;mailto:info@nilorn.com&#8221; button_text=&#8221;Get in touch&#8221; _builder_version=&#8221;4.27.4&#8243; _module_preset=&#8221;default&#8221; custom_margin=&#8221;||||false|false&#8221; global_colors_info=&#8221;{}&#8221;][\/et_pb_button][\/et_pb_column][\/et_pb_row][et_pb_row _builder_version=&#8221;4.22.2&#8243; _module_preset=&#8221;default&#8221; custom_margin=&#8221;0px||0px||false|false&#8221; custom_padding=&#8221;0px||0px||false|false&#8221; global_colors_info=&#8221;{}&#8221;][et_pb_column type=&#8221;4_4&#8243; _builder_version=&#8221;4.22.2&#8243; _module_preset=&#8221;default&#8221; global_colors_info=&#8221;{}&#8221;][et_pb_divider show_divider=&#8221;off&#8221; _builder_version=&#8221;4.23.1&#8243; _module_preset=&#8221;default&#8221; height=&#8221;50px&#8221; global_colors_info=&#8221;{}&#8221;][\/et_pb_divider][\/et_pb_column][\/et_pb_row][\/et_pb_section][et_pb_section fb_built=&#8221;1&#8243; _builder_version=&#8221;4.23.1&#8243; background_color=&#8221;#434343&#8243; custom_padding=&#8221;0px||22px|||&#8221; da_disable_devices=&#8221;off|off|off&#8221; global_colors_info=&#8221;{}&#8221; da_is_popup=&#8221;off&#8221; da_exit_intent=&#8221;off&#8221; da_has_close=&#8221;on&#8221; da_alt_close=&#8221;off&#8221; da_dark_close=&#8221;off&#8221; da_not_modal=&#8221;on&#8221; da_is_singular=&#8221;off&#8221; da_with_loader=&#8221;off&#8221; da_has_shadow=&#8221;on&#8221;][et_pb_row _builder_version=&#8221;4.23.1&#8243; width=&#8221;90%&#8221; custom_padding=&#8221;||0px||false|false&#8221; global_colors_info=&#8221;{}&#8221;][et_pb_column type=&#8221;4_4&#8243; _builder_version=&#8221;4.16&#8243; global_colors_info=&#8221;{}&#8221;][et_pb_code module_class=&#8221;footer-custom-lang-switch&#8221; _builder_version=&#8221;4.27.4&#8243; _module_preset=&#8221;default&#8221; custom_css_free_form=&#8221;selector a { color:#fff !important; }&#8221; global_colors_info=&#8221;{}&#8221;]\n<div role=\"navigation\" aria-label=\"Spr\u00e5kbytare\" class=\"wpml-ls-statics-footer wpml-ls wpml-ls-legacy-list-horizontal\">\n\t<ul><li class=\"wpml-ls-slot-footer wpml-ls-item wpml-ls-item-en wpml-ls-first-item wpml-ls-item-legacy-list-horizontal\">\n\t\t\t\t<a href=\"https:\/\/www.nilorn.com\/\" hreflang=\"en\" lang=\"en\" class=\"wpml-ls-link\" aria-label=\"Byt till EN (EN)\" title=\"Byt till EN (EN)\">\n\t\t\t\t\t<span class=\"wpml-ls-native\">EN<\/span><\/a>\n\t\t\t<\/li><li class=\"wpml-ls-slot-footer wpml-ls-item wpml-ls-item-sv wpml-ls-current-language wpml-ls-last-item wpml-ls-item-legacy-list-horizontal\">\n\t\t\t\t<a href=\"https:\/\/www.nilorn.com\/sv\/\" hreflang=\"sv\" lang=\"sv\" class=\"wpml-ls-link\" aria-current=\"page\" aria-label=\"Byt till SV (SV)\" title=\"Byt till SV (SV)\">\n\t\t\t\t\t<span class=\"wpml-ls-native\">SV<\/span><\/a>\n\t\t\t<\/li><\/ul>\n<\/div>\n[\/et_pb_code][et_pb_divider color=&#8221;rgba(255,255,255,0.8)&#8221; _builder_version=&#8221;4.16&#8243; width=&#8221;100%&#8221; module_alignment=&#8221;center&#8221; height=&#8221;0.6rem&#8221; custom_margin=&#8221;||0px||false|false&#8221; custom_padding=&#8221;||0px|||&#8221; global_colors_info=&#8221;{}&#8221;][\/et_pb_divider][\/et_pb_column][\/et_pb_row][et_pb_row _builder_version=&#8221;4.23.1&#8243; width=&#8221;90%&#8221; custom_padding=&#8221;0px||0px||false|true&#8221; global_colors_info=&#8221;{}&#8221;][et_pb_column type=&#8221;4_4&#8243; _builder_version=&#8221;4.16&#8243; global_colors_info=&#8221;{}&#8221;][et_pb_text module_class=&#8221;external&#8221; _builder_version=&#8221;4.27.4&#8243; _dynamic_attributes=&#8221;content&#8221; text_font=&#8221;|300||on|||||&#8221; text_text_color=&#8221;rgba(255,255,255,0.8)&#8221; text_font_size=&#8221;10px&#8221; text_letter_spacing=&#8221;1px&#8221; link_text_color=&#8221;#FFFFFF&#8221; background_layout=&#8221;dark&#8221; custom_margin=&#8221;0px||||false|false&#8221; custom_padding=&#8221;0px||||false|false&#8221; text_font_size_tablet=&#8221;12px&#8221; text_font_size_phone=&#8221;9px&#8221; text_font_size_last_edited=&#8221;on|phone&#8221; global_colors_info=&#8221;{}&#8221;]@ET-DC@eyJkeW5hbWljIjp0cnVlLCJjb250ZW50IjoiY3VycmVudF9kYXRlIiwic2V0dGluZ3MiOnsiYmVmb3JlIjoiPHA+Q29weXJpZ2h0IFx1MDBhOSAiLCJhZnRlciI6IiBOSUxcdTAwZDZSTkdSVVBQRU4gQUIgXC8gPGEgaHJlZj1cImh0dHBzOlwvXC93d3cubmlsb3JuLmNvbVwvc3ZcL2ludGVncml0ZXRzcG9saWN5XC9cIiB0aXRsZT1cIlByaXZhY3kgcG9saWN5XCI+UHJpdmFjeSBQb2xpY3k8XC9hPlx1MDBhMFwvIDxhIGhyZWY9XCJodHRwczpcL1wvd3d3Lm5pbG9ybi5jb21cL3N2XC92aWxsa29yXC9cIiB0aXRsZT1cIlRlcm1zIGFuZCBjb25kaXRpb25zXCI+VGVybXMgYW5kIGNvbmRpdGlvbnM8XC9hPiBcLyA8YSBocmVmPVwiaHR0cHM6XC9cL3d3dy5uaWxvcm4uY29tXC93cC1jb250ZW50XC91cGxvYWRzXC8yMDI1XC8wNlwvTmlsb3JuZ3J1cHBlbi1BQi1Nb2Rlcm4tU2xhdmVyeS1IdW1hbi1UcmFmZmlja2luZy1TdGF0ZW1lbnQtMjAyNS0xLnBkZlwiIHRhcmdldD1cIl9ibGFua1wiIHJlbD1cIm5vb3BlbmVyIG5vcmVmZXJyZXJcIiB0aXRsZT1cIk9wZW4gTW9kZXJuIFNsYXZlcnkgQWN0LCBQREZcIj5Nb2Rlcm4gU2xhdmVyeSBBY3QgKFBERik8XC9hPjxcL3A+IiwiZGF0ZV9mb3JtYXQiOiJjdXN0b20iLCJjdXN0b21fZGF0ZV9mb3JtYXQiOiJZIn19@[\/et_pb_text][et_pb_code disabled_on=&#8221;off|off|on&#8221; module_class=&#8221;mobile-custom-lang-switch&#8221; _builder_version=&#8221;4.16&#8243; _module_preset=&#8221;default&#8221; global_colors_info=&#8221;{}&#8221;]\n<div\n\t role=\"navigation\" aria-label=\"Spr\u00e5kbytare\" class=\"wpml-ls-statics-shortcode_actions wpml-ls wpml-ls-legacy-dropdown js-wpml-ls-legacy-dropdown\">\n\t<ul>\n\t\t<li class=\"wpml-ls-slot-shortcode_actions wpml-ls-item wpml-ls-item-sv wpml-ls-current-language wpml-ls-last-item wpml-ls-item-legacy-dropdown\">\n\t\t\t<a href=\"#\" hreflang=\"\" lang=\"\" class=\"js-wpml-ls-item-toggle wpml-ls-item-toggle\" aria-current=\"page\" aria-expanded=\"false\" aria-controls=\"wpml-ls-submenu-default\" aria-label=\"Spr\u00e5kv\u00e4xlare, tryck p\u00e5 tab f\u00f6r att navigera till andra spr\u00e5k\" title=\"Byt till SV\">\n\t\t\t\t<span class=\"wpml-ls-native\">SV<\/span><\/a>\n\n\t\t\t<ul id=\"wpml-ls-submenu-default\" class=\"wpml-ls-sub-menu\">\n\t\t\t\t\n\t\t\t\t\t<li class=\"wpml-ls-slot-shortcode_actions wpml-ls-item wpml-ls-item-en wpml-ls-first-item\">\n\t\t\t\t\t\t<a href=\"https:\/\/www.nilorn.com\/\" hreflang=\"en\" lang=\"en\" class=\"wpml-ls-link\" aria-label=\"Byt till EN\" title=\"Byt till EN\">\n\t\t\t\t\t\t\t<span class=\"wpml-ls-native\">EN<\/span><\/a>\n\t\t\t\t\t<\/li>\n\n\t\t\t\t\t\t\t<\/ul>\n\n\t\t<\/li>\n\n\t<\/ul>\n<\/div>\n[\/et_pb_code][\/et_pb_column][\/et_pb_row][\/et_pb_section]<\/p>\n","protected":false},"excerpt":{"rendered":"<p>Den 4 maj 2026 offentliggjorde Trimco Group (UK) Limited, ett indirekt hel\u00e4gt dotterbolag till Trimco Group Holdings Limited, (\u201dBudgivaren\u201d), ett offentligt kontant uppk\u00f6pserbjudande till aktie\u00e4garna i Nil\u00f6rngruppen AB (publ) (\u201dNil\u00f6rngruppen\u201d eller \u201dBolaget\u201d) att \u00f6verl\u00e5ta samtliga sina aktier i Bolaget till Budgivaren f\u00f6r 77 kronor kontant per aktie (&#8221;Erbjudandet\u201d).\u00a0Information avseende Erbjudandet fr\u00e5n Trimco Group:L\u00e4s mer: Erbjudande [&hellip;]<\/p>\n","protected":false},"author":6,"featured_media":0,"parent":0,"menu_order":0,"comment_status":"closed","ping_status":"closed","template":"","meta":{"_et_pb_use_builder":"on","_et_pb_old_content":"","_et_gb_content_width":"","footnotes":""},"class_list":["post-18224","page","type-page","status-publish","hentry"],"_links":{"self":[{"href":"https:\/\/www.nilorn.com\/sv\/wp-json\/wp\/v2\/pages\/18224","targetHints":{"allow":["GET"]}}],"collection":[{"href":"https:\/\/www.nilorn.com\/sv\/wp-json\/wp\/v2\/pages"}],"about":[{"href":"https:\/\/www.nilorn.com\/sv\/wp-json\/wp\/v2\/types\/page"}],"author":[{"embeddable":true,"href":"https:\/\/www.nilorn.com\/sv\/wp-json\/wp\/v2\/users\/6"}],"replies":[{"embeddable":true,"href":"https:\/\/www.nilorn.com\/sv\/wp-json\/wp\/v2\/comments?post=18224"}],"version-history":[{"count":7,"href":"https:\/\/www.nilorn.com\/sv\/wp-json\/wp\/v2\/pages\/18224\/revisions"}],"predecessor-version":[{"id":18233,"href":"https:\/\/www.nilorn.com\/sv\/wp-json\/wp\/v2\/pages\/18224\/revisions\/18233"}],"wp:attachment":[{"href":"https:\/\/www.nilorn.com\/sv\/wp-json\/wp\/v2\/media?parent=18224"}],"curies":[{"name":"wp","href":"https:\/\/api.w.org\/{rel}","templated":true}]}}