{"id":2877,"date":"2020-09-03T16:10:27","date_gmt":"2020-09-03T14:10:27","guid":{"rendered":"https:\/\/www.nilorn.com\/villkor\/"},"modified":"2023-12-28T13:34:03","modified_gmt":"2023-12-28T12:34:03","slug":"villkor","status":"publish","type":"page","link":"https:\/\/www.nilorn.com\/sv\/villkor\/","title":{"rendered":"Villkor"},"content":{"rendered":"<p>[et_pb_section fb_built=&#8221;1&#8243; _builder_version=&#8221;4.16&#8243; global_colors_info=&#8221;{}&#8221; da_is_popup=&#8221;off&#8221; da_exit_intent=&#8221;off&#8221; da_has_close=&#8221;on&#8221; da_alt_close=&#8221;off&#8221; da_dark_close=&#8221;off&#8221; da_not_modal=&#8221;on&#8221; da_is_singular=&#8221;off&#8221; da_with_loader=&#8221;off&#8221; da_has_shadow=&#8221;on&#8221; da_disable_devices=&#8221;off|off|off&#8221;][et_pb_row custom_padding_last_edited=&#8221;on|phone&#8221; _builder_version=&#8221;4.16&#8243; custom_padding=&#8221;50px||30px||false|false&#8221; custom_padding_tablet=&#8221;&#8221; custom_padding_phone=&#8221;0px||0px||false|false&#8221; animation_style=&#8221;fade&#8221; global_colors_info=&#8221;{}&#8221;][et_pb_column type=&#8221;4_4&#8243; _builder_version=&#8221;4.16&#8243; global_colors_info=&#8221;{}&#8221;][et_pb_text admin_label=&#8221;Header text&#8221; _builder_version=&#8221;4.16&#8243; _dynamic_attributes=&#8221;content&#8221; header_font=&#8221;|300|||||||&#8221; header_text_align=&#8221;center&#8221; header_2_font=&#8221;|300|||||||&#8221; header_2_font_size=&#8221;30px&#8221; text_orientation=&#8221;center&#8221; global_colors_info=&#8221;{}&#8221;]@ET-DC@eyJkeW5hbWljIjp0cnVlLCJjb250ZW50IjoicG9zdF90aXRsZSIsInNldHRpbmdzIjp7ImJlZm9yZSI6IjxoMT4iLCJhZnRlciI6IjxcL2gxPiJ9fQ==@[\/et_pb_text][\/et_pb_column][\/et_pb_row][et_pb_row _builder_version=&#8221;4.16&#8243; _module_preset=&#8221;default&#8221; custom_padding=&#8221;||4rem||false|false&#8221; global_colors_info=&#8221;{}&#8221;][et_pb_column type=&#8221;4_4&#8243; _builder_version=&#8221;4.16&#8243; _module_preset=&#8221;default&#8221; global_colors_info=&#8221;{}&#8221;][et_pb_text admin_label=&#8221;Text&#8221; _builder_version=&#8221;4.23.1&#8243; text_text_color=&#8221;#000000&#8243; header_2_font=&#8221;|300|||||||&#8221; header_2_text_align=&#8221;left&#8221; header_2_font_size=&#8221;30px&#8221; hover_enabled=&#8221;0&#8243; text_line_height_phone=&#8221;2em&#8221; text_line_height_last_edited=&#8221;off|desktop&#8221; global_colors_info=&#8221;{}&#8221; sticky_enabled=&#8221;0&#8243;]<\/p>\n<p>Genom att g\u00e5 in p\u00e5 och anv\u00e4nda Nil\u00f6rngruppens webbplats, dvs. Nil\u00f6rngruppen och\/eller n\u00e5got av dess dotterbolag (\u201dNil\u00f6rngruppen\u201d) godk\u00e4nner du f\u00f6ljande villkor:<\/p>\n<h2>GARANTI- OCH ANSVARSBEGR\u00c4NSNING<\/h2>\n<p>\u00c4ven om stor m\u00f6da har lagts ned p\u00e5 att s\u00e4kerst\u00e4lla att uppgifterna p\u00e5 denna webbplats \u00e4r korrekta tillhandah\u00e5ller Nil\u00f6rngruppen informationen \u201dI BEFINTLIGT SKICK\u201d och L\u00c4MNAR INGA GARANTIER, VARKEN UTTRYCKLIGA ELLER UNDERF\u00d6RST\u00c5DDA, INKLUSIVE MEN EJ BEGR\u00c4NSAT TILL UNDERF\u00d6RST\u00c5DDA GARANTIER OM S\u00c4LJBARHET OCH L\u00c4MPLIGHET F\u00d6R VISSA \u00c4NDAM\u00c5L. Du bekr\u00e4ftar h\u00e4rmed att du anv\u00e4nder webbplatsen p\u00e5 egen risk, att du b\u00e4r hela ansvaret f\u00f6r alla kostnader i samband med anv\u00e4ndning av webbplatsen och att Nil\u00f6rngruppen inte ansvarar f\u00f6r n\u00e5gra direkta, oavsiktliga eller indirekta skador eller f\u00f6ljdskador som uppst\u00e5r genom att du tar del av eller anv\u00e4nder informationen eller programvaran p\u00e5 denna webbplats.<\/p>\n<p>Eventuella garantier och l\u00f6ften p\u00e5 denna webbplats avseende Nil\u00f6rngruppen tj\u00e4nster som du k\u00f6per eller anv\u00e4nder beskrivs i villkoren i k\u00f6peavtalet f\u00f6r respektive tj\u00e4nst.<\/p>\n<p>F\u00f6r webbplatser som inte tillh\u00f6r Nil\u00f6rngruppen som v\u00e5r webbplats h\u00e4nvisar eller l\u00e4nkar till l\u00e4mnar Nil\u00f6rngruppen inte heller n\u00e5gra garantier vad g\u00e4ller riktigheten eller tillf\u00f6rlitligheten i informationen p\u00e5 dessa webbplatser och ansvarar inte f\u00f6r material skapat eller publicerat av tredje part p\u00e5 dessa webbplatser. Nil\u00f6rngruppen garanterar inte heller att denna webbplats eller andra webbplatser som vi l\u00e4nkar till inte inneh\u00e5ller virus eller andra skadliga inslag.<\/p>\n<p>COPYRIGHT<br \/>Upphovsr\u00e4tten till denna webbplats och till den information och programvara som tillg\u00e4ngligg\u00f6rs via denna webbplats innehas av Nil\u00f6rngruppen eller respektive licensgivare. Med ensamr\u00e4tt. I allt licensierat material uppges vilken licensgivare som har beviljat Nil\u00f6rngruppen r\u00e4tten att anv\u00e4nda materialet. Den information och programvara som tillg\u00e4ngligg\u00f6rs p\u00e5 denna webbplats f\u00e5r inte reproduceras, kopieras, \u00f6verf\u00f6ras, spridas, lagras, \u00e4ndras, laddas ner eller p\u00e5 annat s\u00e4tt anv\u00e4ndas f\u00f6r kommersiella syften utan f\u00f6reg\u00e5ende skriftligt godk\u00e4nnande fr\u00e5n Nil\u00f6rngruppen. Den f\u00e5r dock reproduceras, lagras och laddas ner f\u00f6r enskilt bruk utan f\u00f6reg\u00e5ende skriftligt godk\u00e4nnande fr\u00e5n Nil\u00f6rngruppen. Informationen eller programvaran f\u00e5r inte under n\u00e5gra omst\u00e4ndigheter \u00f6verl\u00e4mnas till tredje part.<\/p>\n<h2>VARUM\u00c4RKEN OCH PATENT<\/h2>\n<p>Alla varum\u00e4rken, m\u00e4rkesnamn och f\u00f6retagslogotyper som visas p\u00e5 webbplatsen tillh\u00f6r Nil\u00f6rngruppen eller respektive licensgivare och f\u00e5r inte anv\u00e4ndas p\u00e5 n\u00e5got s\u00e4tt utan f\u00f6reg\u00e5ende skriftligt godk\u00e4nnande fr\u00e5n Nil\u00f6rngruppen. F\u00f6r alla licensierade varum\u00e4rken som anv\u00e4nds p\u00e5 denna webbplats uppges vilken licensgivare som har beviljat Nil\u00f6rngruppen r\u00e4tten att anv\u00e4nda varum\u00e4rket. \u00c5tkomst till denna webbplats ger inte anv\u00e4ndaren r\u00e4tt till n\u00e5gon licens enligt n\u00e5gra patent som \u00e4gs av eller har licensierats till Nil\u00f6rngruppen.<\/p>\n<h2>\u00c4NDRINGAR<\/h2>\n<p>Nil\u00f6rngruppen f\u00f6rbeh\u00e5ller sig r\u00e4tten att n\u00e4rsomhelst g\u00f6ra \u00e4ndringar av eller till\u00e4gg till denna webbplats<\/p>\n<p>[\/et_pb_text][\/et_pb_column][\/et_pb_row][\/et_pb_section]<\/p>\n","protected":false},"excerpt":{"rendered":"<p>Genom att g\u00e5 in p\u00e5 och anv\u00e4nda Nil\u00f6rngruppens webbplats, dvs. Nil\u00f6rngruppen och\/eller n\u00e5got av dess dotterbolag (\u201dNil\u00f6rngruppen\u201d) godk\u00e4nner du f\u00f6ljande villkor: GARANTI- OCH ANSVARSBEGR\u00c4NSNING \u00c4ven om stor m\u00f6da har lagts ned p\u00e5 att s\u00e4kerst\u00e4lla att uppgifterna p\u00e5 denna webbplats \u00e4r korrekta tillhandah\u00e5ller Nil\u00f6rngruppen informationen \u201dI BEFINTLIGT SKICK\u201d och L\u00c4MNAR INGA GARANTIER, VARKEN UTTRYCKLIGA ELLER UNDERF\u00d6RST\u00c5DDA, [&hellip;]<\/p>\n","protected":false},"author":1,"featured_media":2617,"parent":0,"menu_order":0,"comment_status":"closed","ping_status":"closed","template":"","meta":{"_et_pb_use_builder":"on","_et_pb_old_content":"","_et_gb_content_width":"","footnotes":""},"class_list":["post-2877","page","type-page","status-publish","has-post-thumbnail","hentry"],"_links":{"self":[{"href":"https:\/\/www.nilorn.com\/sv\/wp-json\/wp\/v2\/pages\/2877","targetHints":{"allow":["GET"]}}],"collection":[{"href":"https:\/\/www.nilorn.com\/sv\/wp-json\/wp\/v2\/pages"}],"about":[{"href":"https:\/\/www.nilorn.com\/sv\/wp-json\/wp\/v2\/types\/page"}],"author":[{"embeddable":true,"href":"https:\/\/www.nilorn.com\/sv\/wp-json\/wp\/v2\/users\/1"}],"replies":[{"embeddable":true,"href":"https:\/\/www.nilorn.com\/sv\/wp-json\/wp\/v2\/comments?post=2877"}],"version-history":[{"count":5,"href":"https:\/\/www.nilorn.com\/sv\/wp-json\/wp\/v2\/pages\/2877\/revisions"}],"predecessor-version":[{"id":11755,"href":"https:\/\/www.nilorn.com\/sv\/wp-json\/wp\/v2\/pages\/2877\/revisions\/11755"}],"wp:featuredmedia":[{"embeddable":true,"href":"https:\/\/www.nilorn.com\/sv\/wp-json\/wp\/v2\/media\/2617"}],"wp:attachment":[{"href":"https:\/\/www.nilorn.com\/sv\/wp-json\/wp\/v2\/media?parent=2877"}],"curies":[{"name":"wp","href":"https:\/\/api.w.org\/{rel}","templated":true}]}}