{"id":2908,"date":"2020-04-23T11:06:45","date_gmt":"2020-04-23T09:06:45","guid":{"rendered":"https:\/\/www.nilorn.com\/integritetspolicy\/"},"modified":"2024-01-03T09:56:16","modified_gmt":"2024-01-03T08:56:16","slug":"integritetspolicy","status":"publish","type":"page","link":"https:\/\/www.nilorn.com\/sv\/integritetspolicy\/","title":{"rendered":"Integritetspolicy"},"content":{"rendered":"<p>[et_pb_section fb_built=&#8221;1&#8243; _builder_version=&#8221;4.16&#8243; global_colors_info=&#8221;{}&#8221; da_is_popup=&#8221;off&#8221; da_exit_intent=&#8221;off&#8221; da_has_close=&#8221;on&#8221; da_alt_close=&#8221;off&#8221; da_dark_close=&#8221;off&#8221; da_not_modal=&#8221;on&#8221; da_is_singular=&#8221;off&#8221; da_with_loader=&#8221;off&#8221; da_has_shadow=&#8221;on&#8221; da_disable_devices=&#8221;off|off|off&#8221;][et_pb_row custom_padding_last_edited=&#8221;on|phone&#8221; _builder_version=&#8221;4.16&#8243; custom_padding=&#8221;50px||30px||false|false&#8221; custom_padding_tablet=&#8221;&#8221; custom_padding_phone=&#8221;0px||0px||false|false&#8221; animation_style=&#8221;fade&#8221; global_colors_info=&#8221;{}&#8221;][et_pb_column type=&#8221;4_4&#8243; _builder_version=&#8221;4.16&#8243; global_colors_info=&#8221;{}&#8221;][et_pb_text admin_label=&#8221;Header text&#8221; _builder_version=&#8221;4.16&#8243; _dynamic_attributes=&#8221;content&#8221; header_font=&#8221;|300|||||||&#8221; header_text_align=&#8221;center&#8221; header_2_font=&#8221;|300|||||||&#8221; header_2_font_size=&#8221;30px&#8221; text_orientation=&#8221;center&#8221; global_colors_info=&#8221;{}&#8221;]@ET-DC@eyJkeW5hbWljIjp0cnVlLCJjb250ZW50IjoicG9zdF90aXRsZSIsInNldHRpbmdzIjp7ImJlZm9yZSI6IjxoMT4iLCJhZnRlciI6IjxcL2gxPiJ9fQ==@[\/et_pb_text][\/et_pb_column][\/et_pb_row][et_pb_row _builder_version=&#8221;4.16&#8243; _module_preset=&#8221;default&#8221; custom_padding=&#8221;||4rem||false|false&#8221; global_colors_info=&#8221;{}&#8221;][et_pb_column type=&#8221;4_4&#8243; _builder_version=&#8221;4.16&#8243; _module_preset=&#8221;default&#8221; global_colors_info=&#8221;{}&#8221;][et_pb_text admin_label=&#8221;Text&#8221; _builder_version=&#8221;4.23.1&#8243; text_text_color=&#8221;#000000&#8243; header_2_font=&#8221;|300|||||||&#8221; header_2_text_align=&#8221;left&#8221; header_2_font_size=&#8221;30px&#8221; hover_enabled=&#8221;0&#8243; text_line_height_phone=&#8221;2em&#8221; text_line_height_last_edited=&#8221;off|desktop&#8221; global_colors_info=&#8221;{}&#8221; sticky_enabled=&#8221;0&#8243;]<\/p>\n<p>Sidorna p\u00e5 denna webbplats (nedan ben\u00e4mnd \u201dwebbplatsen\u201d) \u00e4r publicerade av Nil\u00f6rngruppen AB (nedan ben\u00e4mnd \u201dNil\u00f6rngruppen\u201d, \u201doss\u201d eller \u201dvi\u201d). Nil\u00f6rngruppen kommer inte att samla in n\u00e5gon information om bes\u00f6kande individer, utom n\u00e4r det \u00e4r specifikt och d\u00e5 informeras bes\u00f6karen av detta. N\u00e4r du bes\u00f6ker Nil\u00f6rngruppens hemsida, samlar Nil\u00f6rngruppen webbserver in viss grundl\u00e4ggande information som exempelvis din Internet-tj\u00e4nsteleverant\u00f6rs dom\u00e4nnamn, vilka sidor som bes\u00f6ks p\u00e5 webbplatsen, och n\u00e4r detta sker. Vi och Nil\u00f6rngruppen anv\u00e4nder denna information endast f\u00f6r att analysera anv\u00e4ndningen av denna webbplats f\u00f6r att f\u00f6rb\u00e4ttra webbplatsen. Vi samlar inte in n\u00e5gon personlig identifierbar information om bes\u00f6kare. Om du registrerar dig f\u00f6r prenumerationstj\u00e4nsten, m\u00e5ste du ange ditt namn och e-postadress. Denna information kommer att lagras av Nil\u00f6rngruppen. Informationen kommer inte att anv\u00e4ndas f\u00f6r n\u00e5got annat \u00e4ndam\u00e5l \u00e4n prenumerationsservice, informationen kommer att lagras s\u00e4kert och delas inte ut till n\u00e5gon tredje part. Genom att registrera dig f\u00f6r prenumeration, samtycker du till denna anv\u00e4ndning av ditt namn, e-postadress och \u00f6vriga uppgifter.<\/p>\n<h2>COOKIES<\/h2>\n<p>N\u00e4r du bes\u00f6ker Nil\u00f6rngruppen webbplats anv\u00e4nder Nil\u00f6rngruppen cookies (textfiler som placeras p\u00e5 din dator), vilket \u00e4r information som g\u00f6r det m\u00f6jligt att beh\u00e5lla din anslutning till webbplatsen. Denna webbplats kan anv\u00e4nda cookies f\u00f6r att anpassa webbplatsen till vilken typ av enhet som du har f\u00f6r att presentera inneh\u00e5llet p\u00e5 b\u00e4sta s\u00e4tt, f\u00f6r att byta och anpassa spr\u00e5k och\/eller f\u00f6r andra \u00e4ndam\u00e5l. Dessa cookies samlar inte in eller lagrar personuppgifter.<\/p>\n<h2>GOOGLE ANALYTICS<\/h2>\n<p>Denna webbplats anv\u00e4nder Google Analytics, en webbanalystj\u00e4nst som tillhandah\u00e5lls av Google, Inc. (\u201dGoogle\u201d). Google Analytics anv\u00e4nder cookies (textfiler som placeras p\u00e5 din dator) f\u00f6r att hj\u00e4lpa administrat\u00f6ren av webbplatsen att analysera hur bes\u00f6kare anv\u00e4nder webbplatsen. Informationen som genereras av en s\u00e5dan cookie genom din anv\u00e4ndning av webbplatsen (inklusive din IP-adress) kommer att vidarebefordras till och lagras av Google p\u00e5 servrar i USA. Google kommer att anv\u00e4nda denna information i syfte att utv\u00e4rdera er anv\u00e4ndning av webbsidan, sammanst\u00e4lla rapporter av aktiviteter p\u00e5 webbplatsen och tillhandah\u00e5lla andra tj\u00e4nster i samband med aktiviteter p\u00e5 webbplatsen och anv\u00e4ndning av Internet. Google kan ocks\u00e5 \u00f6verf\u00f6ra denna information till tredje parter om det kr\u00e4vs f\u00f6r att g\u00f6ra det enligt lag, eller d\u00e4r en tredje part behandlar informationen f\u00f6r Googles r\u00e4kning. Google kommer inte att koppla samman din IP-adress med annan data som Google innehar. Genom att anv\u00e4nda denna webbplats, samtycker du till behandling av uppgifter om dig av Google p\u00e5 det s\u00e4tt och f\u00f6r de syften som beskrivs ovan.<\/p>\n<h2>KNAPPAR OCH L\u00c4NKAR F\u00d6R DELNING I SOCIALA MEDIA<\/h2>\n<p>Denna webbplats anv\u00e4nder knappar f\u00f6r delning i sociala media. Genom att klicka p\u00e5 dessa knappar kan du dela inneh\u00e5ll via sociala n\u00e4tverk som exempelvis Facebook eller Twitter. N\u00e4r du anv\u00e4nder n\u00e5gon av dessa knappar, kan den sociala n\u00e4tverkssajten placera en cookie p\u00e5 din dator. Detta kan vara en tredjeparts cookie som fastst\u00e4llts av den sociala n\u00e4tverkssajten. Om du har n\u00e5gra fr\u00e5gor om anv\u00e4ndningen av dessa cookies fr\u00e5n tredje part, b\u00f6r du kontrollera den aktuella sociala n\u00e4tverkssitens policy f\u00f6r detta.<\/p>\n<h2>HUR MAN KAN AVB\u00d6JA ANV\u00c4NDNINGEN AV COOKIES<\/h2>\n<p>Du kan neka anv\u00e4ndningen av cookies genom att justera eller v\u00e4lja vissa inst\u00e4llningar i din webbl\u00e4sare. Men om du g\u00f6r det du kan f\u00f6rlora n\u00e5gra anv\u00e4ndbara funktioner s\u00e5som \u201dpersonalisering av webbplatsen\u201d och \u201dKom ih\u00e5g mig\u201d funktioner.<\/p>\n<p>[\/et_pb_text][\/et_pb_column][\/et_pb_row][\/et_pb_section]<\/p>\n","protected":false},"excerpt":{"rendered":"<p>Sidorna p\u00e5 denna webbplats (nedan ben\u00e4mnd \u201dwebbplatsen\u201d) \u00e4r publicerade av Nil\u00f6rngruppen AB (nedan ben\u00e4mnd \u201dNil\u00f6rngruppen\u201d, \u201doss\u201d eller \u201dvi\u201d). Nil\u00f6rngruppen kommer inte att samla in n\u00e5gon information om bes\u00f6kande individer, utom n\u00e4r det \u00e4r specifikt och d\u00e5 informeras bes\u00f6karen av detta. N\u00e4r du bes\u00f6ker Nil\u00f6rngruppens hemsida, samlar Nil\u00f6rngruppen webbserver in viss grundl\u00e4ggande information som exempelvis din [&hellip;]<\/p>\n","protected":false},"author":1,"featured_media":2617,"parent":0,"menu_order":0,"comment_status":"closed","ping_status":"open","template":"","meta":{"_et_pb_use_builder":"on","_et_pb_old_content":"","_et_gb_content_width":"","footnotes":""},"class_list":["post-2908","page","type-page","status-publish","has-post-thumbnail","hentry"],"_links":{"self":[{"href":"https:\/\/www.nilorn.com\/sv\/wp-json\/wp\/v2\/pages\/2908","targetHints":{"allow":["GET"]}}],"collection":[{"href":"https:\/\/www.nilorn.com\/sv\/wp-json\/wp\/v2\/pages"}],"about":[{"href":"https:\/\/www.nilorn.com\/sv\/wp-json\/wp\/v2\/types\/page"}],"author":[{"embeddable":true,"href":"https:\/\/www.nilorn.com\/sv\/wp-json\/wp\/v2\/users\/1"}],"replies":[{"embeddable":true,"href":"https:\/\/www.nilorn.com\/sv\/wp-json\/wp\/v2\/comments?post=2908"}],"version-history":[{"count":5,"href":"https:\/\/www.nilorn.com\/sv\/wp-json\/wp\/v2\/pages\/2908\/revisions"}],"predecessor-version":[{"id":11945,"href":"https:\/\/www.nilorn.com\/sv\/wp-json\/wp\/v2\/pages\/2908\/revisions\/11945"}],"wp:featuredmedia":[{"embeddable":true,"href":"https:\/\/www.nilorn.com\/sv\/wp-json\/wp\/v2\/media\/2617"}],"wp:attachment":[{"href":"https:\/\/www.nilorn.com\/sv\/wp-json\/wp\/v2\/media?parent=2908"}],"curies":[{"name":"wp","href":"https:\/\/api.w.org\/{rel}","templated":true}]}}