{"id":2917,"date":"2020-07-27T08:46:16","date_gmt":"2020-07-27T06:46:16","guid":{"rendered":"https:\/\/www.nilorn.com\/investerare\/"},"modified":"2025-06-24T09:24:01","modified_gmt":"2025-06-24T07:24:01","slug":"investerare","status":"publish","type":"page","link":"https:\/\/www.nilorn.com\/sv\/investerare\/","title":{"rendered":"Investerare"},"content":{"rendered":"<p>[et_pb_section fb_built=&#8221;1&#8243; _builder_version=&#8221;4.23.1&#8243; _dynamic_attributes=&#8221;background_image&#8221; background_image=&#8221;@ET-DC@eyJkeW5hbWljIjp0cnVlLCJjb250ZW50IjoicG9zdF9mZWF0dXJlZF9pbWFnZSIsInNldHRpbmdzIjp7fX0=@&#8221; da_disable_devices=&#8221;off|off|off&#8221; global_colors_info=&#8221;{}&#8221; da_is_popup=&#8221;off&#8221; da_exit_intent=&#8221;off&#8221; da_has_close=&#8221;on&#8221; da_alt_close=&#8221;off&#8221; da_dark_close=&#8221;off&#8221; da_not_modal=&#8221;on&#8221; da_is_singular=&#8221;off&#8221; da_with_loader=&#8221;off&#8221; da_has_shadow=&#8221;on&#8221;][et_pb_row _builder_version=&#8221;4.16&#8243; global_colors_info=&#8221;{}&#8221;][et_pb_column type=&#8221;4_4&#8243; _builder_version=&#8221;4.16&#8243; global_colors_info=&#8221;{}&#8221;][et_pb_divider show_divider=&#8221;off&#8221; _builder_version=&#8221;4.4.7&#8243; min_height=&#8221;200px&#8221; min_height_tablet=&#8221;&#8221; min_height_phone=&#8221;100px&#8221; min_height_last_edited=&#8221;on|phone&#8221; height=&#8221;25vh&#8221; height_tablet=&#8221;&#8221; height_phone=&#8221;15vh&#8221; height_last_edited=&#8221;on|phone&#8221;][\/et_pb_divider][\/et_pb_column][\/et_pb_row][\/et_pb_section][et_pb_section fb_built=&#8221;1&#8243; _builder_version=&#8221;4.16&#8243; da_disable_devices=&#8221;off|off|off&#8221; global_colors_info=&#8221;{}&#8221; da_is_popup=&#8221;off&#8221; da_exit_intent=&#8221;off&#8221; da_has_close=&#8221;on&#8221; da_alt_close=&#8221;off&#8221; da_dark_close=&#8221;off&#8221; da_not_modal=&#8221;on&#8221; da_is_singular=&#8221;off&#8221; da_with_loader=&#8221;off&#8221; da_has_shadow=&#8221;on&#8221;][et_pb_row custom_padding_last_edited=&#8221;on|phone&#8221; _builder_version=&#8221;4.23.1&#8243; custom_padding=&#8221;50px||30px||false|false&#8221; custom_padding_tablet=&#8221;50px||30px||false|false&#8221; custom_padding_phone=&#8221;0px||0px||false|false&#8221; animation_style=&#8221;fade&#8221; global_colors_info=&#8221;{}&#8221;][et_pb_column type=&#8221;4_4&#8243; _builder_version=&#8221;4.16&#8243; global_colors_info=&#8221;{}&#8221;][et_pb_text admin_label=&#8221;Header text&#8221; _builder_version=&#8221;4.16&#8243; _dynamic_attributes=&#8221;content&#8221; header_font=&#8221;|300|||||||&#8221; header_text_align=&#8221;center&#8221; text_orientation=&#8221;center&#8221; max_width_tablet=&#8221;&#8221; max_width_phone=&#8221;65%&#8221; max_width_last_edited=&#8221;on|phone&#8221; module_alignment=&#8221;center&#8221; global_colors_info=&#8221;{}&#8221;]@ET-DC@eyJkeW5hbWljIjp0cnVlLCJjb250ZW50IjoicG9zdF90aXRsZSIsInNldHRpbmdzIjp7ImJlZm9yZSI6IjxoMT4iLCJhZnRlciI6IjxcL2gxPiJ9fQ==@[\/et_pb_text][\/et_pb_column][\/et_pb_row][et_pb_row _builder_version=&#8221;4.16&#8243; max_width=&#8221;800px&#8221; animation_style=&#8221;fade&#8221; global_colors_info=&#8221;{}&#8221;][et_pb_column type=&#8221;4_4&#8243; _builder_version=&#8221;4.16&#8243; global_colors_info=&#8221;{}&#8221;][et_pb_text _builder_version=&#8221;4.16&#8243; text_line_height=&#8221;2.3em&#8221; text_orientation=&#8221;center&#8221; text_line_height_tablet=&#8221;&#8221; text_line_height_phone=&#8221;2em&#8221; text_line_height_last_edited=&#8221;on|phone&#8221; global_colors_info=&#8221;{}&#8221;]<\/p>\n<p>Nil\u00f6rngruppen efterstr\u00e4var en uth\u00e5llig och l\u00f6nsam tillv\u00e4xt samt en stabil finansiell st\u00e4llning. <br \/>Ekonomi- och finanschefen\u00a0\u00e4r ansvarig f\u00f6r informationen p\u00e5 denna webbplats.<\/p>\n<p>[\/et_pb_text][\/et_pb_column][\/et_pb_row][et_pb_row _builder_version=&#8221;4.16&#8243; global_colors_info=&#8221;{}&#8221;][et_pb_column type=&#8221;4_4&#8243; _builder_version=&#8221;4.16&#8243; custom_padding=&#8221;||||false|false&#8221; custom_padding_phone=&#8221;||||false|false&#8221; custom_padding_last_edited=&#8221;off|tablet&#8221; global_colors_info=&#8221;{}&#8221;][et_pb_image src=&#8221;https:\/\/www.nilorn.com\/wp-content\/uploads\/2024\/05\/ESG-Transparency-Badge-Update.png&#8221; alt=&#8221;ESG Transparency Badge 2023&#8243; title_text=&#8221;ESG-Transparency-Badge-Update&#8221; align=&#8221;center&#8221; admin_label=&#8221;Nasdaq Transparency &#8211; Image&#8221; _builder_version=&#8221;4.25.0&#8243; max_width=&#8221;100px&#8221; max_width_tablet=&#8221;100px&#8221; max_width_phone=&#8221;80px&#8221; max_width_last_edited=&#8221;on|phone&#8221; module_alignment=&#8221;center&#8221; animation_style=&#8221;slide&#8221; animation_direction=&#8221;top&#8221; animation_duration=&#8221;800ms&#8221; animation_delay=&#8221;200ms&#8221; animation_intensity_slide=&#8221;20%&#8221; global_colors_info=&#8221;{}&#8221;][\/et_pb_image][\/et_pb_column][\/et_pb_row][\/et_pb_section][et_pb_section fb_built=&#8221;1&#8243; module_class=&#8221;sustainability-links&#8221; _builder_version=&#8221;4.16&#8243; _module_preset=&#8221;default&#8221; da_disable_devices=&#8221;off|off|off&#8221; global_colors_info=&#8221;{}&#8221; da_is_popup=&#8221;off&#8221; da_exit_intent=&#8221;off&#8221; da_has_close=&#8221;on&#8221; da_alt_close=&#8221;off&#8221; da_dark_close=&#8221;off&#8221; da_not_modal=&#8221;on&#8221; da_is_singular=&#8221;off&#8221; da_with_loader=&#8221;off&#8221; da_has_shadow=&#8221;on&#8221;][et_pb_row column_structure=&#8221;1_2,1_2&#8243; make_equal=&#8221;on&#8221; _builder_version=&#8221;4.16&#8243; _module_preset=&#8221;default&#8221; max_width=&#8221;800px&#8221; animation_style=&#8221;fade&#8221; global_colors_info=&#8221;{}&#8221;][et_pb_column type=&#8221;1_2&#8243; _builder_version=&#8221;4.16&#8243; _module_preset=&#8221;default&#8221; custom_padding=&#8221;|1.2rem|2rem|1.2rem|false|true&#8221; global_colors_info=&#8221;{}&#8221;][et_pb_text admin_label=&#8221;Text &#8211; Financial Reports &#8211; header&#8221; _builder_version=&#8221;4.27.4&#8243; _module_preset=&#8221;default&#8221; header_2_font_size=&#8221;20px&#8221; header_4_font=&#8221;|||on|||||&#8221; header_4_font_size=&#8221;20px&#8221; global_colors_info=&#8221;{}&#8221;]<\/p>\n<h2>Rapporter<\/h2>\n<p>[\/et_pb_text][et_pb_divider color=&#8221;#cccccc&#8221; divider_weight=&#8221;2px&#8221; _builder_version=&#8221;4.16&#8243; _module_preset=&#8221;default&#8221; global_colors_info=&#8221;{}&#8221;][\/et_pb_divider][et_pb_blog posts_number=&#8221;3&#8243; include_categories=&#8221;16,29,34,35,92,38&#8243; meta_date=&#8221;Y-m-d H:i&#8221; show_thumbnail=&#8221;off&#8221; use_manual_excerpt=&#8221;off&#8221; show_author=&#8221;off&#8221; show_categories=&#8221;off&#8221; show_excerpt=&#8221;off&#8221; show_pagination=&#8221;off&#8221; admin_label=&#8221;Blog &#8211; List latest reports from 2020 and 2021&#8243; module_class=&#8221;short-report-list&#8221; _builder_version=&#8221;4.27.4&#8243; _module_preset=&#8221;default&#8221; header_font=&#8221;|300|||||||&#8221; header_text_color=&#8221;#000000&#8243; header_font_size=&#8221;17px&#8221; body_text_color=&#8221;#000000&#8243; meta_font=&#8221;|600|||||||&#8221; meta_text_color=&#8221;#000000&#8243; meta_font_size=&#8221;13px&#8221; read_more_text_color=&#8221;#000000&#8243; pagination_text_color=&#8221;#000000&#8243; locked=&#8221;off&#8221; global_colors_info=&#8221;{}&#8221; header_text_color__hover_enabled=&#8221;on|hover&#8221; header_text_color__hover=&#8221;#1ABFD7&#8243;][\/et_pb_blog][et_pb_text admin_label=&#8221;Text &#8211; Link to Issuu&#8221; _builder_version=&#8221;4.27.4&#8243; _module_preset=&#8221;default&#8221; text_text_color=&#8221;#1ABFD7&#8243; hover_enabled=&#8221;0&#8243; custom_css_free_form=&#8221;selector a{||  color: #1ABFD7!important||}&#8221; global_colors_info=&#8221;{}&#8221; link_text_color=&#8221;#308090&#8243; sticky_enabled=&#8221;0&#8243;]<\/p>\n<p><a href=\"https:\/\/www.nilorn.com\/sv\/investerare\/rapporter-presentationer\/\" rel=\"noopener noreferrer\">Fler rapporter och presentationer<\/a><\/p>\n<p>[\/et_pb_text][\/et_pb_column][et_pb_column type=&#8221;1_2&#8243; _builder_version=&#8221;4.16&#8243; _module_preset=&#8221;default&#8221; custom_padding=&#8221;|1.2rem||1.2rem|false|true&#8221; global_colors_info=&#8221;{}&#8221;][et_pb_text admin_label=&#8221;Text &#8211; Financial calendar&#8221; _builder_version=&#8221;4.27.4&#8243; _module_preset=&#8221;default&#8221; header_2_font_size=&#8221;20px&#8221; header_4_font=&#8221;|||on|||||&#8221; header_4_font_size=&#8221;20px&#8221; global_colors_info=&#8221;{}&#8221;]<\/p>\n<h2>Kalender<\/h2>\n<p>[\/et_pb_text][et_pb_divider color=&#8221;#ccc&#8221; divider_weight=&#8221;2px&#8221; _builder_version=&#8221;4.16&#8243; _module_preset=&#8221;default&#8221; global_colors_info=&#8221;{}&#8221;][\/et_pb_divider][et_pb_code admin_label=&#8221;Code &#8211; List next three upcoming events&#8221; module_class=&#8221;short-events-list&#8221; _builder_version=&#8221;4.16&#8243; _module_preset=&#8221;default&#8221; custom_margin=&#8221;||0px||false|false&#8221; locked=&#8221;off&#8221; global_colors_info=&#8221;{}&#8221;]<style>.vevent abbr{text-decoration:none}<\/style><div class=\"vevent event-item odd event-1\"><h3 class=\"summary\">Interim Report Q1<\/h3>\n\t\t<p class=\"description\"><\/p>\n\t\t<div class=\"event-time\"><strong class=\"event-label\">When: <\/strong><abbr class=\"dtstart\" title=\"2026-04-24\">2026-04-24<\/abbr><\/div><\/div><div class=\"vevent event-item even event-2\"><h3 class=\"summary\">Del\u00e5rsrapport Q1<\/h3>\n\t\t<p class=\"description\"><\/p>\n\t\t<div class=\"event-time\"><strong class=\"event-label\">When: <\/strong><abbr class=\"dtstart\" title=\"2026-04-24\">2026-04-24<\/abbr><\/div><\/div><div class=\"vevent event-item odd event-3\"><h3 class=\"summary\">Annual General Meeting<\/h3>\n\t\t<p class=\"description\"><\/p>\n\t\t<div class=\"event-time\"><strong class=\"event-label\">When: <\/strong><abbr class=\"dtstart\" title=\"2026-05-12\">2026-05-12<\/abbr><\/div><\/div>[\/et_pb_code][et_pb_text admin_label=&#8221;Text &#8211; Link to Issuu&#8221; _builder_version=&#8221;4.27.4&#8243; _module_preset=&#8221;default&#8221; hover_enabled=&#8221;0&#8243; custom_css_free_form=&#8221;selector a{||  color: #1ABFD7!important||}&#8221; global_colors_info=&#8221;{}&#8221; link_text_color=&#8221;#308090&#8243; sticky_enabled=&#8221;0&#8243;]<\/p>\n<p><a href=\"https:\/\/www.nilorn.com\/sv\/investerare\/kalender\/\" rel=\"noopener noreferrer\">Fler h\u00e4ndelser<\/a><\/p>\n<p>[\/et_pb_text][\/et_pb_column][\/et_pb_row][\/et_pb_section][et_pb_section fb_built=&#8221;1&#8243; module_class=&#8221;sustainability-links&#8221; _builder_version=&#8221;4.16&#8243; _module_preset=&#8221;default&#8221; da_disable_devices=&#8221;off|off|off&#8221; global_colors_info=&#8221;{}&#8221; da_is_popup=&#8221;off&#8221; da_exit_intent=&#8221;off&#8221; da_has_close=&#8221;on&#8221; da_alt_close=&#8221;off&#8221; da_dark_close=&#8221;off&#8221; da_not_modal=&#8221;on&#8221; da_is_singular=&#8221;off&#8221; da_with_loader=&#8221;off&#8221; da_has_shadow=&#8221;on&#8221;][et_pb_row column_structure=&#8221;1_2,1_2&#8243; make_equal=&#8221;on&#8221; _builder_version=&#8221;4.16&#8243; _module_preset=&#8221;default&#8221; max_width=&#8221;800px&#8221; animation_style=&#8221;fade&#8221; global_colors_info=&#8221;{}&#8221;][et_pb_column type=&#8221;1_2&#8243; _builder_version=&#8221;4.16&#8243; _module_preset=&#8221;default&#8221; custom_padding=&#8221;|1.2rem|2rem|1.2rem|false|true&#8221; global_colors_info=&#8221;{}&#8221;][et_pb_text admin_label=&#8221;Text &#8211; Annual report &#038; sustainability report 2024&#8243; _builder_version=&#8221;4.27.4&#8243; _module_preset=&#8221;default&#8221; header_2_font_size=&#8221;20px&#8221; header_4_font=&#8221;|||on|||||&#8221; header_4_font_size=&#8221;20px&#8221; custom_css_free_form=&#8221;selector h4{||  text-transform:none;||}&#8221; global_colors_info=&#8221;{}&#8221;]<\/p>\n<h2>\u00c5rsredovisningen inkl. H\u00e5llbarhetsredovisning 2024<\/h2>\n<p>[\/et_pb_text][et_pb_divider color=&#8221;#cccccc&#8221; divider_weight=&#8221;2px&#8221; _builder_version=&#8221;4.24.3&#8243; _module_preset=&#8221;default&#8221; global_colors_info=&#8221;{}&#8221;][\/et_pb_divider][et_pb_image src=&#8221;https:\/\/www.nilorn.com\/wp-content\/uploads\/2025\/04\/annual-report-sustainability-report-2024-cover.jpg&#8221; title_text=&#8221;annual-report-&amp;-sustainability-report-2024-cover&#8221; url=&#8221;https:\/\/www.nilorn.com\/wp-content\/uploads\/2025\/04\/Nilorn-Arsredovisning-24-4.pdf&#8221; url_new_window=&#8221;on&#8221; _builder_version=&#8221;4.27.4&#8243; _module_preset=&#8221;default&#8221; custom_padding=&#8221;|25%|||false|false&#8221; global_colors_info=&#8221;{}&#8221;][\/et_pb_image][et_pb_text admin_label=&#8221;Text &#8211; Link to Issuu&#8221; _builder_version=&#8221;4.27.4&#8243; _module_preset=&#8221;default&#8221; link_option_url_new_window=&#8221;on&#8221; hover_enabled=&#8221;0&#8243; custom_css_free_form=&#8221;selector a{||  color: #1ABFD7!important||}&#8221; global_colors_info=&#8221;{}&#8221; link_text_color=&#8221;#308090&#8243; sticky_enabled=&#8221;0&#8243;]<\/p>\n<p><a href=\"https:\/\/www.nilorn.com\/wp-content\/uploads\/2025\/04\/Nilorn-Arsredovisning-24-4.pdf\" target=\"_blank\" rel=\"noopener noreferrer\">L\u00e4s \u00c5rsredovisningen inkl. H\u00e5llbarhetsredovisning 2024<\/a><\/p>\n<p>[\/et_pb_text][\/et_pb_column][et_pb_column type=&#8221;1_2&#8243; _builder_version=&#8221;4.16&#8243; _module_preset=&#8221;default&#8221; custom_padding=&#8221;|1.2rem||1.2rem|false|true&#8221; global_colors_info=&#8221;{}&#8221;][\/et_pb_column][\/et_pb_row][\/et_pb_section]<\/p>\n","protected":false},"excerpt":{"rendered":"<p>Nil\u00f6rngruppen efterstr\u00e4var en uth\u00e5llig och l\u00f6nsam tillv\u00e4xt samt en stabil finansiell st\u00e4llning. Ekonomi- och finanschefen\u00a0\u00e4r ansvarig f\u00f6r informationen p\u00e5 denna webbplats.RapporterFler rapporter och presentationerKalender<style>.vevent abbr{text-decoration:none}<\/style><div class=\"vevent event-item odd event-1\"><h3 class=\"summary\">Interim Report Q1<\/h3>\n\t\t<p class=\"description\"><\/p>\n\t\t<div class=\"event-time\"><strong class=\"event-label\">When: <\/strong><abbr class=\"dtstart\" title=\"2026-04-24\">2026-04-24<\/abbr><\/div><\/div><div class=\"vevent event-item even event-2\"><h3 class=\"summary\">Del\u00e5rsrapport Q1<\/h3>\n\t\t<p class=\"description\"><\/p>\n\t\t<div class=\"event-time\"><strong class=\"event-label\">When: <\/strong><abbr class=\"dtstart\" title=\"2026-04-24\">2026-04-24<\/abbr><\/div><\/div><div class=\"vevent event-item odd event-3\"><h3 class=\"summary\">Annual General Meeting<\/h3>\n\t\t<p class=\"description\"><\/p>\n\t\t<div class=\"event-time\"><strong class=\"event-label\">When: <\/strong><abbr class=\"dtstart\" title=\"2026-05-12\">2026-05-12<\/abbr><\/div><\/div>Fler h\u00e4ndelser\u00c5rsredovisningen inkl. H\u00e5llbarhetsredovisning 2024L\u00e4s \u00c5rsredovisningen inkl. H\u00e5llbarhetsredovisning 2024<\/p>\n","protected":false},"author":1,"featured_media":11830,"parent":0,"menu_order":0,"comment_status":"closed","ping_status":"closed","template":"","meta":{"_et_pb_use_builder":"on","_et_pb_old_content":"","_et_gb_content_width":"","footnotes":""},"class_list":["post-2917","page","type-page","status-publish","has-post-thumbnail","hentry"],"_links":{"self":[{"href":"https:\/\/www.nilorn.com\/sv\/wp-json\/wp\/v2\/pages\/2917","targetHints":{"allow":["GET"]}}],"collection":[{"href":"https:\/\/www.nilorn.com\/sv\/wp-json\/wp\/v2\/pages"}],"about":[{"href":"https:\/\/www.nilorn.com\/sv\/wp-json\/wp\/v2\/types\/page"}],"author":[{"embeddable":true,"href":"https:\/\/www.nilorn.com\/sv\/wp-json\/wp\/v2\/users\/1"}],"replies":[{"embeddable":true,"href":"https:\/\/www.nilorn.com\/sv\/wp-json\/wp\/v2\/comments?post=2917"}],"version-history":[{"count":47,"href":"https:\/\/www.nilorn.com\/sv\/wp-json\/wp\/v2\/pages\/2917\/revisions"}],"predecessor-version":[{"id":15686,"href":"https:\/\/www.nilorn.com\/sv\/wp-json\/wp\/v2\/pages\/2917\/revisions\/15686"}],"wp:featuredmedia":[{"embeddable":true,"href":"https:\/\/www.nilorn.com\/sv\/wp-json\/wp\/v2\/media\/11830"}],"wp:attachment":[{"href":"https:\/\/www.nilorn.com\/sv\/wp-json\/wp\/v2\/media?parent=2917"}],"curies":[{"name":"wp","href":"https:\/\/api.w.org\/{rel}","templated":true}]}}