{"id":2926,"date":"2020-07-28T08:08:38","date_gmt":"2020-07-28T06:08:38","guid":{"rendered":"https:\/\/www.nilorn.com\/investerare\/bolagsstyrning\/arsstamma\/"},"modified":"2026-04-20T15:41:10","modified_gmt":"2026-04-20T13:41:10","slug":"arsstamma","status":"publish","type":"page","link":"https:\/\/www.nilorn.com\/sv\/investerare\/bolagsstyrning\/arsstamma\/","title":{"rendered":"\u00c5rsst\u00e4mma"},"content":{"rendered":"<p>[et_pb_section fb_built=&#8221;1&#8243; _builder_version=&#8221;4.16&#8243; _dynamic_attributes=&#8221;background_image&#8221; background_image=&#8221;@ET-DC@eyJkeW5hbWljIjp0cnVlLCJjb250ZW50IjoicG9zdF9mZWF0dXJlZF9pbWFnZSIsInNldHRpbmdzIjp7fX0=@&#8221; background_position=&#8221;bottom_center&#8221; da_disable_devices=&#8221;off|off|off&#8221; global_colors_info=&#8221;{}&#8221; da_is_popup=&#8221;off&#8221; da_exit_intent=&#8221;off&#8221; da_has_close=&#8221;on&#8221; da_alt_close=&#8221;off&#8221; da_dark_close=&#8221;off&#8221; da_not_modal=&#8221;on&#8221; da_is_singular=&#8221;off&#8221; da_with_loader=&#8221;off&#8221; da_has_shadow=&#8221;on&#8221;][et_pb_row _builder_version=&#8221;4.16&#8243; global_colors_info=&#8221;{}&#8221;][et_pb_column type=&#8221;4_4&#8243; _builder_version=&#8221;4.16&#8243; global_colors_info=&#8221;{}&#8221;][et_pb_divider show_divider=&#8221;off&#8221; _builder_version=&#8221;4.16&#8243; min_height=&#8221;200px&#8221; min_height_tablet=&#8221;&#8221; min_height_phone=&#8221;100px&#8221; min_height_last_edited=&#8221;on|phone&#8221; height=&#8221;25vh&#8221; height_tablet=&#8221;&#8221; height_phone=&#8221;15vh&#8221; height_last_edited=&#8221;on|phone&#8221; global_colors_info=&#8221;{}&#8221;][\/et_pb_divider][\/et_pb_column][\/et_pb_row][\/et_pb_section][et_pb_section fb_built=&#8221;1&#8243; _builder_version=&#8221;4.16&#8243; da_disable_devices=&#8221;off|off|off&#8221; global_colors_info=&#8221;{}&#8221; da_is_popup=&#8221;off&#8221; da_exit_intent=&#8221;off&#8221; da_has_close=&#8221;on&#8221; da_alt_close=&#8221;off&#8221; da_dark_close=&#8221;off&#8221; da_not_modal=&#8221;on&#8221; da_is_singular=&#8221;off&#8221; da_with_loader=&#8221;off&#8221; da_has_shadow=&#8221;on&#8221;][et_pb_row _builder_version=&#8221;4.24.3&#8243; custom_padding=&#8221;50px||30px||false|false&#8221; animation_style=&#8221;fade&#8221; global_colors_info=&#8221;{}&#8221;][et_pb_column type=&#8221;4_4&#8243; _builder_version=&#8221;4.16&#8243; global_colors_info=&#8221;{}&#8221;][et_pb_text admin_label=&#8221;Header text&#8221; _builder_version=&#8221;4.27.4&#8243; _dynamic_attributes=&#8221;content&#8221; header_font=&#8221;|300|||||||&#8221; header_text_align=&#8221;center&#8221; text_orientation=&#8221;center&#8221; max_width_tablet=&#8221;&#8221; max_width_phone=&#8221;80%&#8221; max_width_last_edited=&#8221;on|phone&#8221; module_alignment=&#8221;center&#8221; global_colors_info=&#8221;{}&#8221;]@ET-DC@eyJkeW5hbWljIjp0cnVlLCJjb250ZW50IjoicG9zdF90aXRsZSIsInNldHRpbmdzIjp7ImJlZm9yZSI6IjxoMT4iLCJhZnRlciI6IjwvaDE+In19@[\/et_pb_text][\/et_pb_column][\/et_pb_row][et_pb_row _builder_version=&#8221;4.16&#8243; max_width=&#8221;800px&#8221; animation_style=&#8221;fade&#8221; global_colors_info=&#8221;{}&#8221;][et_pb_column type=&#8221;4_4&#8243; _builder_version=&#8221;4.16&#8243; global_colors_info=&#8221;{}&#8221;][et_pb_text disabled_on=&#8221;off|off|off&#8221; admin_label=&#8221;Text &#8211; med \u00e5rsst\u00e4mma-info &#8221; _builder_version=&#8221;4.27.6&#8243; _module_preset=&#8221;default&#8221; text_line_height=&#8221;1.9em&#8221; header_2_font=&#8221;|300|||||||&#8221; header_2_font_size=&#8221;38px&#8221; max_width=&#8221;700px&#8221; module_alignment=&#8221;center&#8221; header_2_font_size_tablet=&#8221;34px&#8221; header_2_font_size_phone=&#8221;28px&#8221; header_2_font_size_last_edited=&#8221;on|phone&#8221; global_colors_info=&#8221;{}&#8221;]<\/p>\n<p style=\"text-align: center;\">H\u00f6gsta beslutande organ \u00e4r bolagsst\u00e4mman d\u00e4r alla aktie\u00e4gare har r\u00e4tt att delta. St\u00e4mman har r\u00e4tt att besluta i alla fr\u00e5gor som inte strider mot svensk lag. Vid bolagsst\u00e4mman ut\u00f6var aktie\u00e4garna sin r\u00f6str\u00e4tt f\u00f6r att fatta beslut r\u00f6rande styrelsens sammans\u00e4ttning, revisorer och andra centrala fr\u00e5gor s\u00e5som fastst\u00e4llande av bolagets balans- och resultatr\u00e4kning, disposition av resultatet samt besluta om ansvarsfrihet f\u00f6r styrelseledam\u00f6ter och verkst\u00e4llande direkt\u00f6r.<\/p>\n<p style=\"text-align: center;\">Aktie\u00e4gare kan v\u00e4nda sig till styrelsen f\u00f6r att f\u00e5 \u00e4rende behandlat p\u00e5 bolagsst\u00e4mma eller till styrelseordf\u00f6rande f\u00f6r f\u00f6rslag avseende styrelseledam\u00f6ter. F\u00f6r att f\u00e5 \u00e4rende behandlat p\u00e5 bolagsst\u00e4mman m\u00e5ste aktie\u00e4garen beg\u00e4ra det skriftligen till styrelsen. S\u00e5dan beg\u00e4ran ska ha kommit in senast en vecka f\u00f6re den tidpunkt d\u00e5 kallelse till st\u00e4mman enligt lag tidigast f\u00e5r ske, dvs senast sju veckor f\u00f6re st\u00e4mman.<\/p>\n<p>&nbsp;<\/p>\n<h2 style=\"text-align: center;\">Kommande \u00e5rsst\u00e4mma<\/h2>\n<p style=\"text-align: center;\">Den \u00e5rliga \u00e5rsst\u00e4mman kommer att h\u00e5llas i Bor\u00e5s onsdagen den 11 maj 2026 kl. 15.00.<\/p>\n<p>[\/et_pb_text][\/et_pb_column][\/et_pb_row][et_pb_row _builder_version=&#8221;4.27.4&#8243; max_width=&#8221;800px&#8221; animation_style=&#8221;fade&#8221; global_colors_info=&#8221;{}&#8221;][et_pb_column type=&#8221;4_4&#8243; _builder_version=&#8221;4.16&#8243; global_colors_info=&#8221;{}&#8221;][et_pb_text disabled_on=&#8221;off|off|off&#8221; admin_label=&#8221;\u00c5rsst\u00e4mma 2026&#8243; _builder_version=&#8221;4.27.6&#8243; _module_preset=&#8221;default&#8221; text_line_height=&#8221;1.9em&#8221; header_2_font=&#8221;|300|||||||&#8221; header_2_font_size=&#8221;52px&#8221; header_3_font_size=&#8221;28px&#8221; max_width=&#8221;700px&#8221; module_alignment=&#8221;center&#8221; header_2_font_size_tablet=&#8221;&#8221; header_2_font_size_phone=&#8221;36px&#8221; header_2_font_size_last_edited=&#8221;on|phone&#8221; header_3_font_size_tablet=&#8221;26px&#8221; header_3_font_size_phone=&#8221;24px&#8221; header_3_font_size_last_edited=&#8221;on|phone&#8221; global_colors_info=&#8221;{}&#8221;]<\/p>\n<h3 style=\"text-align: center;\">\u00c5rsst\u00e4mma 2026<\/h3>\n<p>[\/et_pb_text][et_pb_text admin_label=&#8221;Kallelse till \u00c5rsst\u00e4mma&#8221; module_class=&#8221;external-link&#8221; _builder_version=&#8221;4.27.6&#8243; _module_preset=&#8221;default&#8221; link_option_url_new_window=&#8221;on&#8221; global_colors_info=&#8221;{}&#8221;]<\/p>\n<p style=\"text-align: center;\"><a href=\"https:\/\/www.nilorn.com\/wp-content\/uploads\/2026\/04\/Kallelse-till-Arsstamma-2026-Pressrelease.pdf\" target=\"_blank\" rel=\"attachment noopener wp-att-12880\">Kallelse till \u00c5rsst\u00e4mma 2026<\/a><\/p>\n<p>[\/et_pb_text][et_pb_text admin_label=&#8221;Fullmaktsformul\u00e4r&#8221; module_class=&#8221;external-link&#8221; _builder_version=&#8221;4.27.6&#8243; _module_preset=&#8221;default&#8221; link_option_url_new_window=&#8221;on&#8221; global_colors_info=&#8221;{}&#8221;]<\/p>\n<p style=\"text-align: center;\"><a href=\"https:\/\/www.nilorn.com\/wp-content\/uploads\/2026\/04\/Fullmaktsformular-2026.pdf\" target=\"_blank\" rel=\"attachment noopener wp-att-12880\">Fullmaktsformul\u00e4r<\/a><\/p>\n<p>[\/et_pb_text][et_pb_text admin_label=&#8221;Styrelsens motiverade yttrande avseende f\u00f6reslagen utdelning&#8221; module_class=&#8221;external-link&#8221; _builder_version=&#8221;4.27.6&#8243; _module_preset=&#8221;default&#8221; link_option_url_new_window=&#8221;on&#8221; global_colors_info=&#8221;{}&#8221;]<\/p>\n<p style=\"text-align: center;\"><a href=\"https:\/\/www.nilorn.com\/wp-content\/uploads\/2026\/04\/Styrelsens-motiverade-yttrande-avseende-foreslagen-utdelning-2025.pdf\" target=\"_blank\" rel=\"attachment noopener wp-att-12880\">Styrelsens motiverade yttrande avseende f\u00f6reslagen utdelning<\/a><\/p>\n<p>[\/et_pb_text][et_pb_text admin_label=&#8221;Ers\u00e4ttningsrapport&#8221; module_class=&#8221;external-link&#8221; _builder_version=&#8221;4.27.6&#8243; _module_preset=&#8221;default&#8221; link_option_url_new_window=&#8221;on&#8221; global_colors_info=&#8221;{}&#8221;]<\/p>\n<p style=\"text-align: center;\"><a href=\"https:\/\/www.nilorn.com\/wp-content\/uploads\/2026\/04\/Ersattningsrapport-2025.pdf\" target=\"_blank\" rel=\"attachment noopener wp-att-12880\">Ers\u00e4ttningsrapport<\/a><\/p>\n<p>[\/et_pb_text][et_pb_text admin_label=&#8221;Bolagsordning&#8221; module_class=&#8221;external-link&#8221; _builder_version=&#8221;4.27.6&#8243; _module_preset=&#8221;default&#8221; link_option_url_new_window=&#8221;on&#8221; hover_enabled=&#8221;0&#8243; global_colors_info=&#8221;{}&#8221; sticky_enabled=&#8221;0&#8243;]<\/p>\n<p style=\"text-align: center;\"><a href=\"https:\/\/www.nilorn.com\/wp-content\/uploads\/2024\/05\/Bolagsordning.pdf\" target=\"_blank\" rel=\"attachment noopener wp-att-12880\" data-wplink-edit=\"true\"> Bolagsordning <\/a><\/p>\n<p>[\/et_pb_text][et_pb_text admin_label=&#8221;Integritetspolicy&#8221; module_class=&#8221;external-link&#8221; _builder_version=&#8221;4.27.6&#8243; _module_preset=&#8221;default&#8221; link_option_url_new_window=&#8221;on&#8221; global_colors_info=&#8221;{}&#8221;]<\/p>\n<p style=\"text-align: center;\"><a href=\"https:\/\/www.nilorn.com\/wp-content\/uploads\/2022\/12\/Integritetspolicy.pdf\" target=\"_blank\" rel=\"attachment noopener wp-att-12880\"> Integritetspolicy<\/a><\/p>\n<p>[\/et_pb_text][et_pb_text admin_label=&#8221;Revisorsyttrande Ers\u00e4ttning till ledande befattningshavare&#8221; module_class=&#8221;external-link&#8221; _builder_version=&#8221;4.27.6&#8243; _module_preset=&#8221;default&#8221; link_option_url_new_window=&#8221;on&#8221; global_colors_info=&#8221;{}&#8221;]<\/p>\n<p style=\"text-align: center;\"><a href=\"https:\/\/www.nilorn.com\/wp-content\/uploads\/2026\/04\/Revisorsyttrande-Ersattning-till-ledande-befattningshavare-2025-1.pdf\" target=\"_blank\" rel=\"attachment noopener wp-att-12880\">Revisorsyttrande Ers\u00e4ttning till ledande befattningshavare<\/a><\/p>\n<p>[\/et_pb_text][\/et_pb_column][\/et_pb_row][et_pb_row _builder_version=&#8221;4.16&#8243; max_width=&#8221;800px&#8221; animation_style=&#8221;fade&#8221; global_colors_info=&#8221;{}&#8221;][et_pb_column type=&#8221;4_4&#8243; _builder_version=&#8221;4.16&#8243; global_colors_info=&#8221;{}&#8221;][et_pb_text disabled_on=&#8221;off|off|off&#8221; admin_label=&#8221;Tidigare \u00e5rsst\u00e4mmor&#8221; _builder_version=&#8221;4.27.4&#8243; _module_preset=&#8221;default&#8221; text_line_height=&#8221;1.9em&#8221; header_2_font=&#8221;|300|||||||&#8221; header_2_font_size=&#8221;52px&#8221; max_width=&#8221;700px&#8221; module_alignment=&#8221;center&#8221; header_2_font_size_tablet=&#8221;&#8221; header_2_font_size_phone=&#8221;36px&#8221; header_2_font_size_last_edited=&#8221;on|phone&#8221; global_colors_info=&#8221;{}&#8221;]<\/p>\n<h3 style=\"text-align: center;\">Tidigare \u00e5rsst\u00e4mmor<\/h5>\n<p>[\/et_pb_text][et_pb_text admin_label=&#8221;\u00c5rsst\u00e4mmoprotokoll 2024&#8243; module_class=&#8221;external-link&#8221; _builder_version=&#8221;4.27.4&#8243; _module_preset=&#8221;default&#8221; link_option_url_new_window=&#8221;on&#8221; global_colors_info=&#8221;{}&#8221;]<\/p>\n<p style=\"text-align: center;\"><a href=\"https:\/\/www.nilorn.com\/wp-content\/uploads\/2024\/05\/Protokoll-Arsstamman-2024.pdf\" target=\"_blank\" rel=\"noopener\">\u00c5rsst\u00e4mmoprotokoll 2024<\/a><\/p>\n<p>[\/et_pb_text][et_pb_text admin_label=&#8221;\u00c5rsst\u00e4mmoprotokoll 2023&#8243; module_class=&#8221;external-link&#8221; _builder_version=&#8221;4.27.4&#8243; _module_preset=&#8221;default&#8221; link_option_url_new_window=&#8221;on&#8221; global_colors_info=&#8221;{}&#8221;]<\/p>\n<p style=\"text-align: center;\"><a href=\"https:\/\/www.nilorn.com\/wp-content\/uploads\/2023\/05\/Protokoll-Arsstamman-2023.pdf\" target=\"_blank\" rel=\"noopener\">\u00c5rsst\u00e4mmoprotokoll 2023<\/a><\/p>\n<p>[\/et_pb_text][et_pb_text admin_label=&#8221;\u00c5rsst\u00e4mmoprotokoll 2022&#8243; module_class=&#8221;external-link&#8221; _builder_version=&#8221;4.27.4&#8243; _module_preset=&#8221;default&#8221; link_option_url_new_window=&#8221;on&#8221; global_colors_info=&#8221;{}&#8221;]<\/p>\n<p style=\"text-align: center;\"><a href=\"https:\/\/www.nilorn.com\/wp-content\/uploads\/2023\/05\/Protokoll-Arsstamman-2022.pdf\" target=\"_blank\" rel=\"noopener\">\u00c5rsst\u00e4mmoprotokoll 2022<\/a><\/p>\n<p>[\/et_pb_text][\/et_pb_column][\/et_pb_row][\/et_pb_section]<\/p>\n","protected":false},"excerpt":{"rendered":"<p>H\u00f6gsta beslutande organ \u00e4r bolagsst\u00e4mman d\u00e4r alla aktie\u00e4gare har r\u00e4tt att delta. St\u00e4mman har r\u00e4tt att besluta i alla fr\u00e5gor som inte strider mot svensk lag. Vid bolagsst\u00e4mman ut\u00f6var aktie\u00e4garna sin r\u00f6str\u00e4tt f\u00f6r att fatta beslut r\u00f6rande styrelsens sammans\u00e4ttning, revisorer och andra centrala fr\u00e5gor s\u00e5som fastst\u00e4llande av bolagets balans- och resultatr\u00e4kning, disposition av resultatet samt [&hellip;]<\/p>\n","protected":false},"author":1,"featured_media":11830,"parent":2923,"menu_order":0,"comment_status":"closed","ping_status":"closed","template":"","meta":{"_et_pb_use_builder":"on","_et_pb_old_content":"","_et_gb_content_width":"","footnotes":""},"class_list":["post-2926","page","type-page","status-publish","has-post-thumbnail","hentry"],"_links":{"self":[{"href":"https:\/\/www.nilorn.com\/sv\/wp-json\/wp\/v2\/pages\/2926","targetHints":{"allow":["GET"]}}],"collection":[{"href":"https:\/\/www.nilorn.com\/sv\/wp-json\/wp\/v2\/pages"}],"about":[{"href":"https:\/\/www.nilorn.com\/sv\/wp-json\/wp\/v2\/types\/page"}],"author":[{"embeddable":true,"href":"https:\/\/www.nilorn.com\/sv\/wp-json\/wp\/v2\/users\/1"}],"replies":[{"embeddable":true,"href":"https:\/\/www.nilorn.com\/sv\/wp-json\/wp\/v2\/comments?post=2926"}],"version-history":[{"count":53,"href":"https:\/\/www.nilorn.com\/sv\/wp-json\/wp\/v2\/pages\/2926\/revisions"}],"predecessor-version":[{"id":18098,"href":"https:\/\/www.nilorn.com\/sv\/wp-json\/wp\/v2\/pages\/2926\/revisions\/18098"}],"up":[{"embeddable":true,"href":"https:\/\/www.nilorn.com\/sv\/wp-json\/wp\/v2\/pages\/2923"}],"wp:featuredmedia":[{"embeddable":true,"href":"https:\/\/www.nilorn.com\/sv\/wp-json\/wp\/v2\/media\/11830"}],"wp:attachment":[{"href":"https:\/\/www.nilorn.com\/sv\/wp-json\/wp\/v2\/media?parent=2926"}],"curies":[{"name":"wp","href":"https:\/\/api.w.org\/{rel}","templated":true}]}}