{"id":2936,"date":"2020-07-28T08:34:18","date_gmt":"2020-07-28T06:34:18","guid":{"rendered":"https:\/\/www.nilorn.com\/investerare\/bolagsstyrning\/bolagsordning\/"},"modified":"2024-01-03T10:47:10","modified_gmt":"2024-01-03T09:47:10","slug":"bolagsordning","status":"publish","type":"page","link":"https:\/\/www.nilorn.com\/sv\/investerare\/bolagsstyrning\/bolagsordning\/","title":{"rendered":"Bolagsordning"},"content":{"rendered":"<p>[et_pb_section fb_built=&#8221;1&#8243; _builder_version=&#8221;4.23.1&#8243; _dynamic_attributes=&#8221;background_image&#8221; background_image=&#8221;@ET-DC@eyJkeW5hbWljIjp0cnVlLCJjb250ZW50IjoicG9zdF9mZWF0dXJlZF9pbWFnZSIsInNldHRpbmdzIjp7fX0=@&#8221; da_disable_devices=&#8221;off|off|off&#8221; global_colors_info=&#8221;{}&#8221; da_is_popup=&#8221;off&#8221; da_exit_intent=&#8221;off&#8221; da_has_close=&#8221;on&#8221; da_alt_close=&#8221;off&#8221; da_dark_close=&#8221;off&#8221; da_not_modal=&#8221;on&#8221; da_is_singular=&#8221;off&#8221; da_with_loader=&#8221;off&#8221; da_has_shadow=&#8221;on&#8221;][et_pb_row _builder_version=&#8221;4.16&#8243; global_colors_info=&#8221;{}&#8221;][et_pb_column type=&#8221;4_4&#8243; _builder_version=&#8221;4.16&#8243; global_colors_info=&#8221;{}&#8221;][et_pb_divider show_divider=&#8221;off&#8221; _builder_version=&#8221;4.16&#8243; min_height=&#8221;200px&#8221; min_height_tablet=&#8221;&#8221; min_height_phone=&#8221;100px&#8221; min_height_last_edited=&#8221;on|phone&#8221; height=&#8221;25vh&#8221; height_tablet=&#8221;&#8221; height_phone=&#8221;15vh&#8221; height_last_edited=&#8221;on|phone&#8221; global_colors_info=&#8221;{}&#8221;][\/et_pb_divider][\/et_pb_column][\/et_pb_row][\/et_pb_section][et_pb_section fb_built=&#8221;1&#8243; _builder_version=&#8221;4.16&#8243; da_disable_devices=&#8221;off|off|off&#8221; global_colors_info=&#8221;{}&#8221; da_is_popup=&#8221;off&#8221; da_exit_intent=&#8221;off&#8221; da_has_close=&#8221;on&#8221; da_alt_close=&#8221;off&#8221; da_dark_close=&#8221;off&#8221; da_not_modal=&#8221;on&#8221; da_is_singular=&#8221;off&#8221; da_with_loader=&#8221;off&#8221; da_has_shadow=&#8221;on&#8221;][et_pb_row _builder_version=&#8221;4.16&#8243; custom_padding=&#8221;50px||30px||false|false&#8221; animation_style=&#8221;fade&#8221; global_colors_info=&#8221;{}&#8221;][et_pb_column type=&#8221;4_4&#8243; _builder_version=&#8221;4.16&#8243; global_colors_info=&#8221;{}&#8221;][et_pb_text admin_label=&#8221;Header text&#8221; _builder_version=&#8221;4.16&#8243; _dynamic_attributes=&#8221;content&#8221; header_font=&#8221;|300|||||||&#8221; header_text_align=&#8221;center&#8221; text_orientation=&#8221;center&#8221; max_width_tablet=&#8221;&#8221; max_width_phone=&#8221;65%&#8221; max_width_last_edited=&#8221;on|phone&#8221; module_alignment=&#8221;center&#8221; global_colors_info=&#8221;{}&#8221;]@ET-DC@eyJkeW5hbWljIjp0cnVlLCJjb250ZW50IjoicG9zdF90aXRsZSIsInNldHRpbmdzIjp7ImJlZm9yZSI6IjxoMT4iLCJhZnRlciI6IjxcL2gxPiJ9fQ==@[\/et_pb_text][\/et_pb_column][\/et_pb_row][et_pb_row _builder_version=&#8221;4.16&#8243; max_width=&#8221;800px&#8221; animation_style=&#8221;fade&#8221; global_colors_info=&#8221;{}&#8221;][et_pb_column type=&#8221;4_4&#8243; _builder_version=&#8221;4.16&#8243; global_colors_info=&#8221;{}&#8221;][et_pb_text admin_label=&#8221;Text &#8211; intro paragraph&#8221; _builder_version=&#8221;4.16&#8243; _module_preset=&#8221;default&#8221; text_line_height=&#8221;1.9em&#8221; header_2_font=&#8221;|300|||||||&#8221; header_2_font_size=&#8221;36px&#8221; header_3_font_size=&#8221;28px&#8221; module_alignment=&#8221;center&#8221; global_colors_info=&#8221;{}&#8221; header_2_2_font_size_phone=&#8221;34px&#8221; header_3_2_font_size_phone=&#8221;34px&#8221; header_4_2_font_size_phone=&#8221;34px&#8221; header_5_2_font_size_phone=&#8221;34px&#8221; header_6_2_font_size_phone=&#8221;34px&#8221; header_2_2_font_size_last_edited=&#8221;on|phone&#8221; header_3_2_font_size_last_edited=&#8221;on|phone&#8221; header_4_2_font_size_last_edited=&#8221;on|phone&#8221; header_5_2_font_size_last_edited=&#8221;on|phone&#8221; header_6_2_font_size_last_edited=&#8221;on|phone&#8221;]<\/p>\n<p>Bolagsordningen fastst\u00e4lls av \u00e5rsst\u00e4mman och inneh\u00e5ller en del grundl\u00e4ggande uppgifter f\u00f6r bolaget, t.ex. vilken verksamhet bolaget ska bedriva, aktiekapitalets storlek, antalet utgivna aktier, styrelsens storlek och hur \u00e5rsst\u00e4mman sammankallas. Bolagets bolagsordning anger bland annat att styrelsen ska best\u00e5 av minst tre och h\u00f6gst sex ledam\u00f6ter, att styrelsen har sitt s\u00e4te i Bor\u00e5s kommun och att aktie av serie A ska ha tio r\u00f6ster och av serie B en r\u00f6st.<\/p>\n<p>&nbsp;<\/p>\n<h2>Bolagsordning f\u00f6r Nil\u00f6rngruppen AB (publ)<\/h2>\n<p>Organisationsnummer 556322-3782<\/p>\n<p>[\/et_pb_text][\/et_pb_column][\/et_pb_row][et_pb_row _builder_version=&#8221;4.16&#8243; max_width=&#8221;800px&#8221; animation_style=&#8221;fade&#8221; global_colors_info=&#8221;{}&#8221;][et_pb_column type=&#8221;4_4&#8243; _builder_version=&#8221;4.16&#8243; global_colors_info=&#8221;{}&#8221;][et_pb_text admin_label=&#8221;Text &#8211; 1. firm&#8221; _builder_version=&#8221;4.16&#8243; _module_preset=&#8221;default&#8221; text_line_height=&#8221;1.9em&#8221; header_2_font=&#8221;|300|||||||&#8221; header_2_font_size=&#8221;36px&#8221; header_3_font_size=&#8221;28px&#8221; module_alignment=&#8221;center&#8221; global_colors_info=&#8221;{}&#8221;]<\/p>\n<h2>1. Firma<\/h2>\n<p>Bolagets firma \u00e4r Nil\u00f6rngruppen Aktiebolag. Bolaget \u00e4r publikt (publ)<\/p>\n<p>&nbsp;<\/p>\n<p>[\/et_pb_text][\/et_pb_column][\/et_pb_row][et_pb_row _builder_version=&#8221;4.16&#8243; max_width=&#8221;800px&#8221; animation_style=&#8221;fade&#8221; global_colors_info=&#8221;{}&#8221;][et_pb_column type=&#8221;4_4&#8243; _builder_version=&#8221;4.16&#8243; global_colors_info=&#8221;{}&#8221;][et_pb_text admin_label=&#8221;Text &#8211; 2. seat&#8221; _builder_version=&#8221;4.16&#8243; _module_preset=&#8221;default&#8221; text_line_height=&#8221;1.9em&#8221; header_2_font=&#8221;|300|||||||&#8221; header_2_font_size=&#8221;36px&#8221; header_3_font_size=&#8221;28px&#8221; module_alignment=&#8221;center&#8221; global_colors_info=&#8221;{}&#8221;]<\/p>\n<h2>2. S\u00e4te<\/h2>\n<p>Styrelsen skall ha sitt s\u00e4te i Bor\u00e5s kommun.<\/p>\n<p>&nbsp;<\/p>\n<p>[\/et_pb_text][\/et_pb_column][\/et_pb_row][et_pb_row _builder_version=&#8221;4.16&#8243; max_width=&#8221;800px&#8221; animation_style=&#8221;fade&#8221; global_colors_info=&#8221;{}&#8221;][et_pb_column type=&#8221;4_4&#8243; _builder_version=&#8221;4.16&#8243; global_colors_info=&#8221;{}&#8221;][et_pb_text admin_label=&#8221;Text &#8211; 3. activities&#8221; _builder_version=&#8221;4.16&#8243; _module_preset=&#8221;default&#8221; text_line_height=&#8221;1.9em&#8221; header_2_font=&#8221;|300|||||||&#8221; header_2_font_size=&#8221;36px&#8221; header_3_font_size=&#8221;28px&#8221; module_alignment=&#8221;center&#8221; global_colors_info=&#8221;{}&#8221;]<\/p>\n<h2>3. Verksamhet<\/h2>\n<p>Bolaget skall ha som f\u00f6rem\u00e5l f\u00f6r sin verksamhet att direkt eller indirekt genom hel- eller del\u00e4gda bolag bedriva verksamhet inom etiketteringsbranschen samt idka d\u00e4rmed f\u00f6ren\u00adlig verk\u00adsam\u00adhet.<\/p>\n<p>&nbsp;<\/p>\n<p>[\/et_pb_text][\/et_pb_column][\/et_pb_row][et_pb_row _builder_version=&#8221;4.16&#8243; max_width=&#8221;800px&#8221; animation_style=&#8221;fade&#8221; global_colors_info=&#8221;{}&#8221;][et_pb_column type=&#8221;4_4&#8243; _builder_version=&#8221;4.16&#8243; global_colors_info=&#8221;{}&#8221;][et_pb_text admin_label=&#8221;Text &#8211; 4. share capital&#8221; _builder_version=&#8221;4.16&#8243; _module_preset=&#8221;default&#8221; text_line_height=&#8221;1.9em&#8221; header_2_font=&#8221;|300|||||||&#8221; header_2_font_size=&#8221;36px&#8221; header_3_font_size=&#8221;28px&#8221; module_alignment=&#8221;center&#8221; global_colors_info=&#8221;{}&#8221;]<\/p>\n<h2>4. Aktiekapital<\/h2>\n<p>Bolagets aktiekapital skall vara l\u00e4gst 1 000 000 kronor och h\u00f6gst 4 000 000 kronor.<\/p>\n<p>Aktierna kan utges i tv\u00e5 serier, serie A och serie B. Varje aktie av serie A medf\u00f6r tio r\u00f6ster och varje aktie av serie B en r\u00f6st.<\/p>\n<p>Antalet aktier skall vara l\u00e4gst 6 000 000 och h\u00f6gst 24 000 000. Av dessa skall h\u00f6gst 1 000 000 vara A-aktier samt h\u00f6gst 24 000 000 B-aktier.<\/p>\n<p>Beslutar bolaget att genom kontantemission ge ut nya aktier av serie A och serie B, skall \u00e4gare av aktier av serie A och serie B \u00e4ga f\u00f6retr\u00e4desr\u00e4tt att teckna nya aktier av samma aktieslag i f\u00f6rh\u00e5llande till det antal aktier innehavaren f\u00f6rut \u00e4ger (prim\u00e4r f\u00f6re\u00adtr\u00e4desr\u00e4tt). Aktier som inte tecknats med prim\u00e4r f\u00f6retr\u00e4desr\u00e4tt skall erbjudas samtliga aktie\u00e4gare till teckning (subsidi\u00e4r f\u00f6retr\u00e4desr\u00e4tt). Om s\u00e5lunda erbjudna aktier r\u00e4cker f\u00f6r den teckning som sker med subsidi\u00e4r f\u00f6retr\u00e4desr\u00e4tt, skall aktierna f\u00f6rdelas mellan tecknarna i f\u00f6rh\u00e5llande till det antal aktier de f\u00f6rut \u00e4ger och i den m\u00e5n detta inte kan ske, genom lottning.<\/p>\n<p>Beslutar bolaget att genom kontantemission ge ut aktier endast av serie A eller serie B, skall samtliga aktie\u00e4gare, oavsett om deras aktier \u00e4r av serie A eller serie B, \u00e4ga f\u00f6re\u00adtr\u00e4des\u00adr\u00e4tt att teckna aktier i f\u00f6rh\u00e5llande till det antal aktier de f\u00f6rut \u00e4ger.<\/p>\n<p>Vad som ovan sagts skall inte inneb\u00e4ra n\u00e5gon inskr\u00e4nkning i m\u00f6jligheten att fatta be\u00adslut om kontantemission med avvikelse fr\u00e5n aktie\u00e4garnas f\u00f6retr\u00e4desr\u00e4tt.<\/p>\n<p>Vid \u00f6kning av aktiekapitalet genom fondemission skall nya aktier emitteras av varje aktie\u00adslag i f\u00f6rh\u00e5llande till det antal aktier av samma slag som finns sedan tidigare. D\u00e4rvid skall gamla aktier av visst aktieslag medf\u00f6ra r\u00e4tt till nya aktier av samma aktie\u00adslag. Vad nu sagts skall inte inneb\u00e4ra n\u00e5gon inskr\u00e4nkning i m\u00f6jligheten att genom fondemission, efter erforderlig \u00e4ndring av bolagsordningen, ge ut aktier av nytt slag.<\/p>\n<p>Aktier av serie A skall kunna omvandlas (konverteras) till aktier av serie B i f\u00f6ljande ordning. \u00c4gare av aktier av serie A \u00e4ger p\u00e5fordra att aktien omvandlas till aktie av serie B. Framst\u00e4llning d\u00e4rom skall skriftligen g\u00f6ras hos bolagets styrelse. D\u00e4rvid skall anges hur m\u00e5nga aktier som \u00f6nskas omvandlade. Styrelsen f\u00f6r bolaget \u00e4r skyldig att vid det styrelse\u00adm\u00f6te som intr\u00e4ffar n\u00e4rmast efter att framst\u00e4llningen gjorts, behandla fr\u00e5ga om omvandling av aktier av serie A till aktier av serie B. Omvandlingen skall utan dr\u00f6jsm\u00e5l anm\u00e4las f\u00f6r registrering och \u00e4r verkst\u00e4lld n\u00e4r registrering sker.<\/p>\n<p>&nbsp;<\/p>\n<p>[\/et_pb_text][\/et_pb_column][\/et_pb_row][et_pb_row _builder_version=&#8221;4.16&#8243; max_width=&#8221;800px&#8221; animation_style=&#8221;fade&#8221; global_colors_info=&#8221;{}&#8221;][et_pb_column type=&#8221;4_4&#8243; _builder_version=&#8221;4.16&#8243; global_colors_info=&#8221;{}&#8221;][et_pb_text admin_label=&#8221;Text &#8211; 5. the board&#8221; _builder_version=&#8221;4.16&#8243; _module_preset=&#8221;default&#8221; text_line_height=&#8221;1.9em&#8221; header_2_font=&#8221;|300|||||||&#8221; header_2_font_size=&#8221;36px&#8221; header_3_font_size=&#8221;28px&#8221; module_alignment=&#8221;center&#8221; global_colors_info=&#8221;{}&#8221;]<\/p>\n<h2>5. Styrelsen<\/h2>\n<p>Styrelsen skall best\u00e5 av minst tre och h\u00f6gst sex ledam\u00f6ter med h\u00f6gst tv\u00e5 suppleanter. Leda\u00adm\u00f6terna och suppleanterna v\u00e4ljs \u00e5rligen p\u00e5 ordinarie bolagsst\u00e4mma f\u00f6r tiden intill dess n\u00e4sta ordinarie bolagsst\u00e4mma h\u00e5llits.<\/p>\n<p>&nbsp;<\/p>\n<p>[\/et_pb_text][\/et_pb_column][\/et_pb_row][et_pb_row _builder_version=&#8221;4.16&#8243; max_width=&#8221;800px&#8221; animation_style=&#8221;fade&#8221; global_colors_info=&#8221;{}&#8221;][et_pb_column type=&#8221;4_4&#8243; _builder_version=&#8221;4.16&#8243; global_colors_info=&#8221;{}&#8221;][et_pb_text admin_label=&#8221;Text &#8211; 6. auditors&#8221; _builder_version=&#8221;4.16&#8243; _module_preset=&#8221;default&#8221; text_line_height=&#8221;1.9em&#8221; header_2_font=&#8221;|300|||||||&#8221; header_2_font_size=&#8221;36px&#8221; header_3_font_size=&#8221;28px&#8221; module_alignment=&#8221;center&#8221; global_colors_info=&#8221;{}&#8221;]<\/p>\n<h2>6. Revisorer<\/h2>\n<p>F\u00f6r granskning av bolagets \u00e5rsredovisning och r\u00e4kenskaper samt styrelsens och verk\u00adst\u00e4llande direkt\u00f6rens f\u00f6rvaltning utses p\u00e5 ordinarie bolagsst\u00e4mma f\u00f6r tiden intill slutet av den ordina\u00adrie bolagsst\u00e4mman som h\u00e5lls under det fj\u00e4rde r\u00e4kenskaps\u00e5ret efter revi\u00adsorsvalet en till tv\u00e5 revisorer med en eller tv\u00e5 revisors\u00adsuppleanter eller ett eller tv\u00e5 re\u00adgistrerade revisionsbolag.<\/p>\n<p>&nbsp;<\/p>\n<p>[\/et_pb_text][\/et_pb_column][\/et_pb_row][et_pb_row _builder_version=&#8221;4.16&#8243; max_width=&#8221;800px&#8221; animation_style=&#8221;fade&#8221; global_colors_info=&#8221;{}&#8221;][et_pb_column type=&#8221;4_4&#8243; _builder_version=&#8221;4.16&#8243; global_colors_info=&#8221;{}&#8221;][et_pb_text admin_label=&#8221;Text &#8211; 7. notice&#8221; _builder_version=&#8221;4.16&#8243; _module_preset=&#8221;default&#8221; text_line_height=&#8221;1.9em&#8221; header_2_font=&#8221;|300|||||||&#8221; header_2_font_size=&#8221;36px&#8221; header_3_font_size=&#8221;28px&#8221; module_alignment=&#8221;center&#8221; global_colors_info=&#8221;{}&#8221;]<\/p>\n<h2>7. Kallelse<\/h2>\n<p>Kallelse till bolagsst\u00e4mma och andra meddelanden till aktie\u00e4garna skall ske genom annonsering i Post- och Inrikes Tidningar samt p\u00e5 bolagets webbplats. Vid tidpunkten f\u00f6r kallelse skall information om att kallelse skett annonseras i Dagens Industri. Kallelse till \u00e5rsst\u00e4mma samt kallelse till extra bolagsst\u00e4mma d\u00e4r fr\u00e5ga om \u00e4ndring av bolagsordningen kommer att behandlas skall utf\u00e4rdas tidigast sex och senast fyra veckor f\u00f6re st\u00e4mman. Kallelse till annan extra bolagsst\u00e4mma skall utf\u00e4rdas tidigast sex veckor och senast tre veckor f\u00f6re st\u00e4mman. F\u00f6r att f\u00e5 n\u00e4rvara och deltaga i bolagsst\u00e4mman skall aktie\u00e4gare, j\u00e4mte eventuellt bitr\u00e4de till s\u00e5dan, anm\u00e4la sig hos bolaget senast den dag som angives i kallelsen till st\u00e4mman, f\u00f6re kl 16.00. Denna dag f\u00e5r inte vara s\u00f6ndag, annan allm\u00e4n helgdag, l\u00f6rdag, midsommarafton, julafton eller ny\u00e5rsafton och inte infalla tidigare \u00e4n femte vardagen f\u00f6re st\u00e4mman.<\/p>\n<p>&nbsp;<\/p>\n<p>[\/et_pb_text][\/et_pb_column][\/et_pb_row][et_pb_row _builder_version=&#8221;4.16&#8243; max_width=&#8221;800px&#8221; animation_style=&#8221;fade&#8221; global_colors_info=&#8221;{}&#8221;][et_pb_column type=&#8221;4_4&#8243; _builder_version=&#8221;4.16&#8243; global_colors_info=&#8221;{}&#8221;][et_pb_text admin_label=&#8221;Text &#8211; 8. opening of meeting&#8221; _builder_version=&#8221;4.16&#8243; _module_preset=&#8221;default&#8221; text_line_height=&#8221;1.9em&#8221; header_2_font=&#8221;|300|||||||&#8221; header_2_font_size=&#8221;36px&#8221; header_3_font_size=&#8221;28px&#8221; module_alignment=&#8221;center&#8221; global_colors_info=&#8221;{}&#8221;]<\/p>\n<h2>8. \u00d6ppnande av st\u00e4mma<\/h2>\n<p>Styrelsens ordf\u00f6rande eller den styrelsen d\u00e4rtill utser \u00f6ppnar bolagsst\u00e4mman och leder f\u00f6rhandlingarna till dess ordf\u00f6rande vid st\u00e4mman valts.<\/p>\n<p>&nbsp;<\/p>\n<p>[\/et_pb_text][\/et_pb_column][\/et_pb_row][et_pb_row _builder_version=&#8221;4.16&#8243; max_width=&#8221;800px&#8221; animation_style=&#8221;fade&#8221; global_colors_info=&#8221;{}&#8221;][et_pb_column type=&#8221;4_4&#8243; _builder_version=&#8221;4.16&#8243; global_colors_info=&#8221;{}&#8221;][et_pb_text admin_label=&#8221;Text &#8211; 9. general meeting&#8221; _builder_version=&#8221;4.16&#8243; _module_preset=&#8221;default&#8221; text_line_height=&#8221;1.9em&#8221; header_2_font=&#8221;|300|||||||&#8221; header_2_font_size=&#8221;36px&#8221; header_3_font_size=&#8221;28px&#8221; module_alignment=&#8221;center&#8221; global_colors_info=&#8221;{}&#8221;]<\/p>\n<h2>9. Bolagsst\u00e4mma<\/h2>\n<p>Ordinarie bolagsst\u00e4mma h\u00e5lls \u00e5rligen inom sex (6) m\u00e5nader efter r\u00e4kenskaps\u00ad\u00e5rets utg\u00e5ng.<\/p>\n<p>P\u00e5 ordinarie bolagsst\u00e4mma skall f\u00f6ljande \u00e4renden f\u00f6rekomma till behandling:<\/p>\n<ul>\n<li>Val av ordf\u00f6rande vid st\u00e4mman.<\/li>\n<li>Uppr\u00e4ttande och godk\u00e4nnande av r\u00f6stl\u00e4ngd.<\/li>\n<li>Godk\u00e4nnande av dagordning.<\/li>\n<li>Val av en eller tv\u00e5 justeringsm\u00e4n.<\/li>\n<li>Pr\u00f6vning av om st\u00e4mman blivit beh\u00f6rigen sammankallad.<\/li>\n<li>Framl\u00e4ggande av \u00e5rsredovisning och revisionsber\u00e4ttelse samt i f\u00f6rekommande fall koncernredovisning och koncern\u00adrevisionsber\u00e4ttelse.<\/li>\n<li>Beslut om\n<ul>\n<li>fastst\u00e4llelse av resultatr\u00e4kning och balansr\u00e4k\u00adning samt i f\u00f6rekommande fall koncernresultat\u00adr\u00e4kning och koncernbalansr\u00e4kning,<\/li>\n<li>dispositioner betr\u00e4ffande bolagets vinst eller f\u00f6rlust enligt den fastst\u00e4llda balans\u00adr\u00e4kningen; samt<\/li>\n<li>ansvarsfrihet \u00e5t styrelseledam\u00f6ter och verkst\u00e4llande direkt\u00f6r.<\/li>\n<\/ul>\n<\/li>\n<li>Best\u00e4mmande av antalet styrelseledam\u00f6ter och, i f\u00f6rekommande fall, styrelsesuppleanter, revisorer och revisorssuppleanter som skall v\u00e4ljas av st\u00e4mman.<\/li>\n<li>Fastst\u00e4llande av arvoden \u00e5t styrelsen och revisorerna.<\/li>\n<li>Val av styrelse och, i f\u00f6rekommande fall styrelsesuppleanter, revisionsbolag eller revisorer med suppleanter.<\/li>\n<li>Annat \u00e4rende som ankommer p\u00e5 st\u00e4mman enligt aktiebolags\u00adlagen eller bolags\u00adordningen.<\/li>\n<\/ul>\n<p>Bolagsst\u00e4mman skall h\u00e5llas antingen i Bor\u00e5s eller i Stockholm.<\/p>\n<p>&nbsp;<\/p>\n<p>[\/et_pb_text][\/et_pb_column][\/et_pb_row][et_pb_row _builder_version=&#8221;4.16&#8243; max_width=&#8221;800px&#8221; animation_style=&#8221;fade&#8221; global_colors_info=&#8221;{}&#8221;][et_pb_column type=&#8221;4_4&#8243; _builder_version=&#8221;4.16&#8243; global_colors_info=&#8221;{}&#8221;][et_pb_text admin_label=&#8221;Text &#8211; 10. fiscal year&#8221; _builder_version=&#8221;4.16&#8243; _module_preset=&#8221;default&#8221; text_line_height=&#8221;1.9em&#8221; header_2_font=&#8221;|300|||||||&#8221; header_2_font_size=&#8221;36px&#8221; header_3_font_size=&#8221;28px&#8221; module_alignment=&#8221;center&#8221; global_colors_info=&#8221;{}&#8221;]<\/p>\n<h2>10. R\u00e4kenskaps\u00e5r<\/h2>\n<p>Bolagets r\u00e4kenskaps\u00e5r skall vara 0101 &#8211; 1231.<\/p>\n<p>&nbsp;<\/p>\n<p>[\/et_pb_text][\/et_pb_column][\/et_pb_row][et_pb_row _builder_version=&#8221;4.16&#8243; max_width=&#8221;800px&#8221; animation_style=&#8221;fade&#8221; global_colors_info=&#8221;{}&#8221;][et_pb_column type=&#8221;4_4&#8243; _builder_version=&#8221;4.16&#8243; global_colors_info=&#8221;{}&#8221;][et_pb_text admin_label=&#8221;Text &#8211; 11. record day provision&#8221; _builder_version=&#8221;4.21.0&#8243; _module_preset=&#8221;default&#8221; text_line_height=&#8221;1.9em&#8221; header_2_font=&#8221;|300|||||||&#8221; header_2_font_size=&#8221;36px&#8221; header_3_font_size=&#8221;28px&#8221; module_alignment=&#8221;center&#8221; global_colors_info=&#8221;{}&#8221;]<\/p>\n<h2>11. Avst\u00e4mningsf\u00f6rbeh\u00e5ll<\/h2>\n<p>Den som p\u00e5 fastst\u00e4lld avst\u00e4mningsdag \u00e4r inf\u00f6rd i aktieboken eller i f\u00f6rteckning enligt 3 kap 12 \u00a7 aktiebolagslagen (1975:1385) skall anses beh\u00f6rig att mottaga utdelning och, vid fond\u00acemission, ny aktie som tillkommer aktie\u00e4gare samt att ut\u00f6va aktie\u00e4gares f\u00f6retr\u00e4desr\u00e4tt att deltaga i emission.<\/p>\n<p>&nbsp;<\/p>\n<p>[\/et_pb_text][\/et_pb_column][\/et_pb_row][et_pb_row _builder_version=&#8221;4.16&#8243; max_width=&#8221;800px&#8221; animation_style=&#8221;fade&#8221; global_colors_info=&#8221;{}&#8221;][et_pb_column type=&#8221;4_4&#8243; _builder_version=&#8221;4.16&#8243; global_colors_info=&#8221;{}&#8221;][et_pb_text admin_label=&#8221;Text &#8211; 12. postal voting&#8221; _builder_version=&#8221;4.21.0&#8243; _module_preset=&#8221;default&#8221; text_line_height=&#8221;1.9em&#8221; header_2_font=&#8221;|300|||||||&#8221; header_2_font_size=&#8221;36px&#8221; header_3_font_size=&#8221;28px&#8221; module_alignment=&#8221;center&#8221; global_colors_info=&#8221;{}&#8221;]<\/p>\n<h2>12. Postr\u00f6stning<\/h2>\n<p>Styrelsen f\u00e5r samla in fullmakter till bolagsst\u00e4mma i enlighet med best\u00e4mmelserna i aktiebolagslagen (2005:551) och f\u00e5r inf\u00f6r bolagsst\u00e4mma besluta att aktie\u00e4gare ska kunna r\u00f6sta per post f\u00f6re bolagsst\u00e4mma.<\/p>\n<p>[\/et_pb_text][\/et_pb_column][\/et_pb_row][\/et_pb_section]<\/p>\n","protected":false},"excerpt":{"rendered":"<p>Bolagsordningen fastst\u00e4lls av \u00e5rsst\u00e4mman och inneh\u00e5ller en del grundl\u00e4ggande uppgifter f\u00f6r bolaget, t.ex. vilken verksamhet bolaget ska bedriva, aktiekapitalets storlek, antalet utgivna aktier, styrelsens storlek och hur \u00e5rsst\u00e4mman sammankallas. Bolagets bolagsordning anger bland annat att styrelsen ska best\u00e5 av minst tre och h\u00f6gst sex ledam\u00f6ter, att styrelsen har sitt s\u00e4te i Bor\u00e5s kommun och att [&hellip;]<\/p>\n","protected":false},"author":1,"featured_media":11830,"parent":2923,"menu_order":0,"comment_status":"closed","ping_status":"closed","template":"","meta":{"_et_pb_use_builder":"on","_et_pb_old_content":"","_et_gb_content_width":"","footnotes":""},"class_list":["post-2936","page","type-page","status-publish","has-post-thumbnail","hentry"],"_links":{"self":[{"href":"https:\/\/www.nilorn.com\/sv\/wp-json\/wp\/v2\/pages\/2936","targetHints":{"allow":["GET"]}}],"collection":[{"href":"https:\/\/www.nilorn.com\/sv\/wp-json\/wp\/v2\/pages"}],"about":[{"href":"https:\/\/www.nilorn.com\/sv\/wp-json\/wp\/v2\/types\/page"}],"author":[{"embeddable":true,"href":"https:\/\/www.nilorn.com\/sv\/wp-json\/wp\/v2\/users\/1"}],"replies":[{"embeddable":true,"href":"https:\/\/www.nilorn.com\/sv\/wp-json\/wp\/v2\/comments?post=2936"}],"version-history":[{"count":9,"href":"https:\/\/www.nilorn.com\/sv\/wp-json\/wp\/v2\/pages\/2936\/revisions"}],"predecessor-version":[{"id":11985,"href":"https:\/\/www.nilorn.com\/sv\/wp-json\/wp\/v2\/pages\/2936\/revisions\/11985"}],"up":[{"embeddable":true,"href":"https:\/\/www.nilorn.com\/sv\/wp-json\/wp\/v2\/pages\/2923"}],"wp:featuredmedia":[{"embeddable":true,"href":"https:\/\/www.nilorn.com\/sv\/wp-json\/wp\/v2\/media\/11830"}],"wp:attachment":[{"href":"https:\/\/www.nilorn.com\/sv\/wp-json\/wp\/v2\/media?parent=2936"}],"curies":[{"name":"wp","href":"https:\/\/api.w.org\/{rel}","templated":true}]}}