{"id":2942,"date":"2020-09-07T08:01:45","date_gmt":"2020-09-07T06:01:45","guid":{"rendered":"https:\/\/www.nilorn.com\/investerare\/bolagsstyrning\/styrelse\/"},"modified":"2026-01-27T15:39:22","modified_gmt":"2026-01-27T14:39:22","slug":"styrelse","status":"publish","type":"page","link":"https:\/\/www.nilorn.com\/sv\/investerare\/bolagsstyrning\/styrelse\/","title":{"rendered":"Styrelse"},"content":{"rendered":"<p>[et_pb_section fb_built=&#8221;1&#8243; _builder_version=&#8221;4.23.1&#8243; _dynamic_attributes=&#8221;background_image&#8221; background_image=&#8221;@ET-DC@eyJkeW5hbWljIjp0cnVlLCJjb250ZW50IjoicG9zdF9mZWF0dXJlZF9pbWFnZSIsInNldHRpbmdzIjp7fX0=@&#8221; da_disable_devices=&#8221;off|off|off&#8221; global_colors_info=&#8221;{}&#8221; da_is_popup=&#8221;off&#8221; da_exit_intent=&#8221;off&#8221; da_has_close=&#8221;on&#8221; da_alt_close=&#8221;off&#8221; da_dark_close=&#8221;off&#8221; da_not_modal=&#8221;on&#8221; da_is_singular=&#8221;off&#8221; da_with_loader=&#8221;off&#8221; da_has_shadow=&#8221;on&#8221;][et_pb_row _builder_version=&#8221;4.16&#8243; global_colors_info=&#8221;{}&#8221;][et_pb_column type=&#8221;4_4&#8243; _builder_version=&#8221;4.16&#8243; global_colors_info=&#8221;{}&#8221;][et_pb_divider show_divider=&#8221;off&#8221; _builder_version=&#8221;4.16&#8243; min_height=&#8221;200px&#8221; min_height_tablet=&#8221;&#8221; min_height_phone=&#8221;100px&#8221; min_height_last_edited=&#8221;on|phone&#8221; height=&#8221;25vh&#8221; height_tablet=&#8221;&#8221; height_phone=&#8221;15vh&#8221; height_last_edited=&#8221;on|phone&#8221; global_colors_info=&#8221;{}&#8221;][\/et_pb_divider][\/et_pb_column][\/et_pb_row][\/et_pb_section][et_pb_section fb_built=&#8221;1&#8243; admin_label=&#8221;Section&#8221; _builder_version=&#8221;4.25.0&#8243; da_disable_devices=&#8221;off|off|off&#8221; global_colors_info=&#8221;{}&#8221; da_is_popup=&#8221;off&#8221; da_exit_intent=&#8221;off&#8221; da_has_close=&#8221;on&#8221; da_alt_close=&#8221;off&#8221; da_dark_close=&#8221;off&#8221; da_not_modal=&#8221;on&#8221; da_is_singular=&#8221;off&#8221; da_with_loader=&#8221;off&#8221; da_has_shadow=&#8221;on&#8221;][et_pb_row _builder_version=&#8221;4.21.0&#8243; custom_padding=&#8221;50px||30px||false|false&#8221; animation_style=&#8221;fade&#8221; global_colors_info=&#8221;{}&#8221;][et_pb_column type=&#8221;4_4&#8243; _builder_version=&#8221;4.16&#8243; global_colors_info=&#8221;{}&#8221;][et_pb_text admin_label=&#8221;Header text&#8221; _builder_version=&#8221;4.16&#8243; _dynamic_attributes=&#8221;content&#8221; header_font=&#8221;|300|||||||&#8221; header_text_align=&#8221;center&#8221; text_orientation=&#8221;center&#8221; max_width_tablet=&#8221;&#8221; max_width_phone=&#8221;65%&#8221; max_width_last_edited=&#8221;on|phone&#8221; module_alignment=&#8221;center&#8221; global_colors_info=&#8221;{}&#8221;]@ET-DC@eyJkeW5hbWljIjp0cnVlLCJjb250ZW50IjoicG9zdF90aXRsZSIsInNldHRpbmdzIjp7ImJlZm9yZSI6IjxoMT4iLCJhZnRlciI6IjwvaDE+In19@[\/et_pb_text][\/et_pb_column][\/et_pb_row][et_pb_row _builder_version=&#8221;4.16&#8243; max_width=&#8221;800px&#8221; animation_style=&#8221;fade&#8221; global_colors_info=&#8221;{}&#8221;][et_pb_column type=&#8221;4_4&#8243; _builder_version=&#8221;4.16&#8243; global_colors_info=&#8221;{}&#8221;][et_pb_text admin_label=&#8221;Text &#8211; intro paragraph&#8221; _builder_version=&#8221;4.27.4&#8243; _module_preset=&#8221;default&#8221; text_line_height=&#8221;1.9em&#8221; header_2_font_size=&#8221;36px&#8221; text_orientation=&#8221;center&#8221; max_width=&#8221;700px&#8221; module_alignment=&#8221;center&#8221; header_2_font_size_tablet=&#8221;&#8221; header_2_font_size_phone=&#8221;34px&#8221; header_2_font_size_last_edited=&#8221;on|phone&#8221; global_colors_info=&#8221;{}&#8221; header_2_2_font_size_phone=&#8221;34px&#8221; header_3_2_font_size_phone=&#8221;34px&#8221; header_4_2_font_size_phone=&#8221;34px&#8221; header_5_2_font_size_phone=&#8221;34px&#8221; header_6_2_font_size_phone=&#8221;34px&#8221; header_2_2_font_size_last_edited=&#8221;on|phone&#8221; header_3_2_font_size_last_edited=&#8221;on|phone&#8221; header_4_2_font_size_last_edited=&#8221;on|phone&#8221; header_5_2_font_size_last_edited=&#8221;on|phone&#8221; header_6_2_font_size_last_edited=&#8221;on|phone&#8221;]Styrelsen skall best\u00e5 av minst tre och h\u00f6gst sex ledam\u00f6ter.<\/p>\n<p>Styrelsen best\u00e5r fr\u00e5n \u00e5rsst\u00e4mman 2025 av fyra ledam\u00f6ter. P\u00e5 \u00e5rsst\u00e4mman 2025 omvaldes Petter Stillstr\u00f6m, Magnus Johansson, Per Wagn\u00e5s och Annika Elfstr\u00f6m. Av ledam\u00f6terna \u00e4r samtliga utom Petter Stillstr\u00f6m oberoende i f\u00f6rh\u00e5llande till bolaget och dess st\u00f6rre \u00e4gare. Petter \u00e4r VD och stor\u00e4gare i AB Traction.[\/et_pb_text][\/et_pb_column][\/et_pb_row][\/et_pb_section][et_pb_section fb_built=&#8221;1&#8243; admin_label=&#8221;Section &#8211; Person Container&#8221; module_class=&#8221;corporate-profiles board-profiles-section&#8221; _builder_version=&#8221;4.25.0&#8243; _module_preset=&#8221;default&#8221; width=&#8221;90%&#8221; max_width=&#8221;1080px&#8221; max_width_tablet=&#8221;80%&#8221; max_width_phone=&#8221;&#8221; max_width_last_edited=&#8221;on|desktop&#8221; module_alignment=&#8221;center&#8221; animation_style=&#8221;fade&#8221; custom_css_main_element=&#8221;display:flex;||flex-flow:row;||flex-wrap:wrap;||justify-content:space-evenly;||margin:0 auto;&#8221; da_disable_devices=&#8221;off|off|off&#8221; global_colors_info=&#8221;{}&#8221; custom_css_main_element_last_edited=&#8221;on|desktop&#8221; custom_css_main_element_tablet=&#8221;display:flex;||flex-flow:row;||flex-wrap:wrap;||justify-content:space-evenly;||margin:0 auto;&#8221; custom_css_main_element_phone=&#8221;display:flex;||flex-flow:row;||flex-wrap:wrap;||justify-content:space-evenly;||margin:0 auto;&#8221; da_is_popup=&#8221;off&#8221; da_exit_intent=&#8221;off&#8221; da_has_close=&#8221;on&#8221; da_alt_close=&#8221;off&#8221; da_dark_close=&#8221;off&#8221; da_not_modal=&#8221;on&#8221; da_is_singular=&#8221;off&#8221; da_with_loader=&#8221;off&#8221; da_has_shadow=&#8221;on&#8221;][et_pb_row custom_padding_last_edited=&#8221;on|tablet&#8221; module_class=&#8221;person-container open&#8221; _builder_version=&#8221;4.25.0&#8243; _module_preset=&#8221;default&#8221; max_width=&#8221;25%&#8221; max_width_tablet=&#8221;50%&#8221; max_width_phone=&#8221;80%&#8221; max_width_last_edited=&#8221;on|desktop&#8221; custom_padding=&#8221;0px|1rem|0px|0px|true|false&#8221; custom_padding_tablet=&#8221;&#8221; custom_padding_phone=&#8221;&#8221; custom_css_main_element=&#8221;order:1;&#8221; global_colors_info=&#8221;{}&#8221; custom_css_main_element_last_edited=&#8221;on|tablet&#8221; custom_css_main_element_tablet=&#8221;order:1;&#8221; custom_css_main_element_phone=&#8221;order:1;&#8221;][et_pb_column type=&#8221;4_4&#8243; _builder_version=&#8221;4.16&#8243; _module_preset=&#8221;default&#8221; global_colors_info=&#8221;{}&#8221;][et_pb_team_member name=&#8221;Petter Stillstr\u00f6m&#8221; position=&#8221;Ordf\u00f6rande&#8221; image_url=&#8221;https:\/\/www.nilorn.com\/wp-content\/uploads\/2020\/09\/peter-stillstrom-600&#215;600-1.jpg&#8221; admin_label=&#8221;Person &#8211; Peter&#8221; module_id=&#8221;peter-stillstrom&#8221; module_class=&#8221;person&#8221; _builder_version=&#8221;4.27.4&#8243; _module_preset=&#8221;default&#8221; header_level=&#8221;h2&#8243; header_font_size=&#8221;17px&#8221; position_font=&#8221;|300|||||||&#8221; position_text_color=&#8221;#ffffff&#8221; position_font_size=&#8221;14px&#8221; background_layout=&#8221;dark&#8221; custom_padding=&#8221;|0px||0px|false|true&#8221; global_colors_info=&#8221;{}&#8221;][\/et_pb_team_member][\/et_pb_column][\/et_pb_row][et_pb_row custom_padding_last_edited=&#8221;on|desktop&#8221; module_id=&#8221;peter-stillstrom-details&#8221; module_class=&#8221;person-data peter-stillstrom open&#8221; _builder_version=&#8221;4.25.0&#8243; _module_preset=&#8221;default&#8221; width=&#8221;100%&#8221; custom_margin=&#8221;|0px||0px|false|false&#8221; custom_padding=&#8221;2rem|0rem|2rem|0rem|true|true&#8221; custom_padding_tablet=&#8221;&#8221; custom_padding_phone=&#8221;|1rem||1rem|true|true&#8221; custom_css_main_element=&#8221;order:4;||display:none;&#8221; global_colors_info=&#8221;{}&#8221; custom_css_main_element_last_edited=&#8221;on|desktop&#8221; custom_css_main_element_tablet=&#8221;order:3;||display:none;&#8221; custom_css_main_element_phone=&#8221;order:2;||display:block;&#8221;][et_pb_column type=&#8221;4_4&#8243; _builder_version=&#8221;4.16&#8243; _module_preset=&#8221;default&#8221; global_colors_info=&#8221;{}&#8221;][et_pb_text admin_label=&#8221;Text &#8211; Peter&#8221; _builder_version=&#8221;4.27.4&#8243; _module_preset=&#8221;default&#8221; global_colors_info=&#8221;{}&#8221;]<\/p>\n<p>Ordf\u00f6rande sedan 2009. Styrelseledamot i Nil\u00f6rngruppen sedan 2007.<\/p>\n<p><\/p>\n<p><strong>F\u00f6dd: <\/strong>1972<br \/><strong>Utbildning: <\/strong>Ekonomie magister<br \/><strong>Erfarenhet: <\/strong>VD i AB Traction sedan 2001. <br \/><strong>Andra uppdrag: <\/strong>VD i AB Traction. Styrelseledamot i OEM International (ordf.), Ankarsrum Kitchen (ordf.), Softronic, BE Group, Hifab Group och AB Traction. <br \/><strong>Aktieinnehav: <\/strong>Stor aktie\u00e4gare i AB Traction som genom dotterbolag \u00e4ger 960 000 A-aktier och 1 740 000 B-aktier genom Traction med dotterbolag.<\/p>\n<p>[\/et_pb_text][\/et_pb_column][\/et_pb_row][et_pb_row custom_padding_last_edited=&#8221;on|tablet&#8221; module_class=&#8221;person-container&#8221; _builder_version=&#8221;4.25.0&#8243; _module_preset=&#8221;default&#8221; max_width=&#8221;25%&#8221; max_width_tablet=&#8221;50%&#8221; max_width_phone=&#8221;80%&#8221; max_width_last_edited=&#8221;on|desktop&#8221; custom_padding=&#8221;0px|1rem|0px|0px|true|false&#8221; custom_padding_tablet=&#8221;&#8221; custom_padding_phone=&#8221;&#8221; custom_css_main_element=&#8221;order:2;&#8221; global_colors_info=&#8221;{}&#8221; custom_css_main_element_last_edited=&#8221;on|desktop&#8221; custom_css_main_element_tablet=&#8221;order:2;&#8221; custom_css_main_element_phone=&#8221;order:3;&#8221;][et_pb_column type=&#8221;4_4&#8243; _builder_version=&#8221;4.16&#8243; _module_preset=&#8221;default&#8221; global_colors_info=&#8221;{}&#8221;][et_pb_team_member name=&#8221;Annika Elfstr\u00f6m&#8221; position=&#8221;Ledamot&#8221; image_url=&#8221;https:\/\/www.nilorn.com\/wp-content\/uploads\/2024\/05\/Annika-Elfstrom.jpg&#8221; admin_label=&#8221;Person &#8211; Annika Elfstr\u00f6m&#8221; module_id=&#8221;johan-larsson&#8221; module_class=&#8221;person&#8221; _builder_version=&#8221;4.27.4&#8243; _module_preset=&#8221;default&#8221; header_level=&#8221;h2&#8243; header_font_size=&#8221;17px&#8221; position_font=&#8221;|300|||||||&#8221; position_text_color=&#8221;#ffffff&#8221; position_font_size=&#8221;14px&#8221; background_layout=&#8221;dark&#8221; custom_padding=&#8221;|0px||0px|false|true&#8221; global_colors_info=&#8221;{}&#8221;][\/et_pb_team_member][\/et_pb_column][\/et_pb_row][et_pb_row custom_padding_last_edited=&#8221;on|desktop&#8221; module_id=&#8221;johan-larsson-details&#8221; module_class=&#8221;person-data johan-larsson&#8221; _builder_version=&#8221;4.25.0&#8243; _module_preset=&#8221;default&#8221; width=&#8221;100%&#8221; custom_margin=&#8221;|0px||0px|false|false&#8221; custom_padding=&#8221;2rem|0rem|2rem|0rem|true|true&#8221; custom_padding_tablet=&#8221;&#8221; custom_padding_phone=&#8221;|1rem||1rem|true|true&#8221; custom_css_main_element=&#8221;order:5;||display:none;&#8221; global_colors_info=&#8221;{}&#8221; custom_css_main_element_last_edited=&#8221;on|phone&#8221; custom_css_main_element_tablet=&#8221;order:4;||display:none;&#8221; custom_css_main_element_phone=&#8221;order:4;||display:block;&#8221;][et_pb_column type=&#8221;4_4&#8243; _builder_version=&#8221;4.16&#8243; _module_preset=&#8221;default&#8221; global_colors_info=&#8221;{}&#8221;][et_pb_text admin_label=&#8221;Text &#8211; Annika Elfstr\u00f6m&#8221; _builder_version=&#8221;4.27.4&#8243; _module_preset=&#8221;default&#8221; global_colors_info=&#8221;{}&#8221;]Ledamot sedan 2024.<\/p>\n<p><strong>F\u00f6dd:<\/strong> 1975<br \/><strong>Utbildning:<\/strong> <span>Masterexamen i datavetenskap<\/span><br \/><strong>Erfarenhet:<\/strong> <span>Operations &#038; Impact Director AI Sweden, Head of Digital Transformation Stena Group, TF CIO Stena Group, Development Manager Stena Line AB.<\/span><br \/><strong>Aktieinnehav:<\/strong> 0[\/et_pb_text][\/et_pb_column][\/et_pb_row][et_pb_row custom_padding_last_edited=&#8221;on|tablet&#8221; module_class=&#8221;person-container&#8221; _builder_version=&#8221;4.25.0&#8243; _module_preset=&#8221;default&#8221; max_width=&#8221;25%&#8221; max_width_tablet=&#8221;50%&#8221; max_width_phone=&#8221;80%&#8221; max_width_last_edited=&#8221;on|desktop&#8221; custom_padding=&#8221;0px|1rem|0px|0px|true|false&#8221; custom_padding_tablet=&#8221;&#8221; custom_padding_phone=&#8221;&#8221; custom_css_main_element=&#8221;order:3;&#8221; global_colors_info=&#8221;{}&#8221; custom_css_main_element_last_edited=&#8221;on|phone&#8221; custom_css_main_element_tablet=&#8221;order:5;&#8221; custom_css_main_element_phone=&#8221;order:5;&#8221;][et_pb_column type=&#8221;4_4&#8243; _builder_version=&#8221;4.16&#8243; _module_preset=&#8221;default&#8221; global_colors_info=&#8221;{}&#8221;][et_pb_team_member name=&#8221;Per Wagn\u00e5s&#8221; position=&#8221;Ledamot&#8221; image_url=&#8221;https:\/\/www.nilorn.com\/wp-content\/uploads\/2024\/05\/Per-Wagnas.jpg&#8221; admin_label=&#8221;Person &#8211; Per Wagn\u00e5s&#8221; module_id=&#8221;ankie-hvittfeldt&#8221; module_class=&#8221;person&#8221; _builder_version=&#8221;4.27.4&#8243; _module_preset=&#8221;default&#8221; header_level=&#8221;h2&#8243; header_font_size=&#8221;17px&#8221; position_font=&#8221;|300|||||||&#8221; position_text_color=&#8221;#ffffff&#8221; position_font_size=&#8221;14px&#8221; background_layout=&#8221;dark&#8221; custom_padding=&#8221;|0px||0px|false|true&#8221; global_colors_info=&#8221;{}&#8221;][\/et_pb_team_member][\/et_pb_column][\/et_pb_row][et_pb_row custom_padding_last_edited=&#8221;on|desktop&#8221; module_id=&#8221;ankie-hvittfeldt-details&#8221; module_class=&#8221;person-data ankie-hvittfeldt&#8221; _builder_version=&#8221;4.25.0&#8243; _module_preset=&#8221;default&#8221; width=&#8221;100%&#8221; custom_margin=&#8221;|0px||0px|false|false&#8221; custom_padding=&#8221;2rem|0rem|2rem|0rem|true|true&#8221; custom_padding_tablet=&#8221;&#8221; custom_padding_phone=&#8221;|1rem||1rem|true|true&#8221; custom_css_main_element=&#8221;order:6;||display:none;&#8221; global_colors_info=&#8221;{}&#8221; custom_css_main_element_last_edited=&#8221;on|phone&#8221; custom_css_main_element_tablet=&#8221;order:7;||display:none;&#8221; custom_css_main_element_phone=&#8221;order:6;||display:block;&#8221;][et_pb_column type=&#8221;4_4&#8243; _builder_version=&#8221;4.16&#8243; _module_preset=&#8221;default&#8221; global_colors_info=&#8221;{}&#8221;][et_pb_text admin_label=&#8221;Text &#8211; Per Wagn\u00e5s&#8221; _builder_version=&#8221;4.27.5&#8243; _module_preset=&#8221;default&#8221; hover_enabled=&#8221;0&#8243; global_colors_info=&#8221;{}&#8221; sticky_enabled=&#8221;0&#8243;]<\/p>\n<p>Ledamot sedan 2024.<\/p>\n<p><strong>F\u00f6dd:<\/strong> 1960<br \/><strong>Utbildning:<\/strong> Marknadsekonom<br \/><strong>Erfarenhet:<\/strong> Gedigen bakgrund inom s\u00e5v\u00e4l detaljhandel som internationellt mode och arbetskl\u00e4desindustrin. Har haft positioner som Marknadschef f\u00f6r Oscar Jacobson och Stenstr\u00f6ms, VD f\u00f6r Newhouse AB, VD f\u00f6r skyddskl\u00e4desf\u00f6retaget Puvab AB samt Direkt\u00f6r inom Hultafors Group. \u00c4r dessutom v\u00e4l insatt i etikett och branding verksamheten efter att i b\u00f6rjan av 2000-talet suttit med i Nil\u00f6rngruppens koncernledning under en period av sju \u00e5r.<br \/><strong>Aktieinnehav:<\/strong> 1 000 st<\/p>\n<p>[\/et_pb_text][\/et_pb_column][\/et_pb_row][et_pb_row custom_padding_last_edited=&#8221;on|desktop&#8221; module_class=&#8221;person-container&#8221; _builder_version=&#8221;4.25.0&#8243; _module_preset=&#8221;default&#8221; max_width=&#8221;25%&#8221; max_width_tablet=&#8221;50%&#8221; max_width_phone=&#8221;80%&#8221; max_width_last_edited=&#8221;on|desktop&#8221; custom_margin=&#8221;||||false|false&#8221; custom_padding=&#8221;0px|1rem|0px|0px|true|false&#8221; custom_padding_tablet=&#8221;&#8221; custom_padding_phone=&#8221;&#8221; custom_css_main_element=&#8221;order:7;&#8221; global_colors_info=&#8221;{}&#8221; custom_css_main_element_last_edited=&#8221;on|desktop&#8221; custom_css_main_element_tablet=&#8221;order:6;&#8221; custom_css_main_element_phone=&#8221;order:7;&#8221;][et_pb_column type=&#8221;4_4&#8243; _builder_version=&#8221;4.16&#8243; _module_preset=&#8221;default&#8221; global_colors_info=&#8221;{}&#8221;][et_pb_team_member name=&#8221;Magnus Johansson&#8221; position=&#8221;Ledamot&#8221; image_url=&#8221;https:\/\/www.nilorn.com\/wp-content\/uploads\/2024\/05\/Magnus-Johansson-2.jpg&#8221; admin_label=&#8221;Person &#8211; Magnus&#8221; module_id=&#8221;magnus-johansson&#8221; module_class=&#8221;person&#8221; _builder_version=&#8221;4.27.4&#8243; _module_preset=&#8221;default&#8221; header_level=&#8221;h2&#8243; header_font_size=&#8221;17px&#8221; position_font=&#8221;|300|||||||&#8221; position_text_color=&#8221;#ffffff&#8221; position_font_size=&#8221;14px&#8221; background_layout=&#8221;dark&#8221; custom_padding=&#8221;|0px||0px|false|true&#8221; global_colors_info=&#8221;{}&#8221;][\/et_pb_team_member][\/et_pb_column][\/et_pb_row][et_pb_row custom_padding_last_edited=&#8221;on|desktop&#8221; module_id=&#8221;magnus-johansson-details&#8221; module_class=&#8221;person-data magnus-johansson&#8221; _builder_version=&#8221;4.25.0&#8243; _module_preset=&#8221;default&#8221; width=&#8221;100%&#8221; custom_margin=&#8221;|0px||0px|false|false&#8221; custom_padding=&#8221;2rem|0rem|2rem|0rem|true|true&#8221; custom_padding_tablet=&#8221;&#8221; custom_padding_phone=&#8221;|1rem||1rem|true|true&#8221; custom_css_main_element=&#8221;order:10;||display:none;&#8221; global_colors_info=&#8221;{}&#8221; custom_css_main_element_last_edited=&#8221;on|desktop&#8221; custom_css_main_element_tablet=&#8221;order:8;||display:none;&#8221; custom_css_main_element_phone=&#8221;order:8;||display:block;&#8221;][et_pb_column type=&#8221;4_4&#8243; _builder_version=&#8221;4.16&#8243; _module_preset=&#8221;default&#8221; global_colors_info=&#8221;{}&#8221;][et_pb_text admin_label=&#8221;Text &#8211; Magnus&#8221; _builder_version=&#8221;4.25.0&#8243; _module_preset=&#8221;default&#8221; global_colors_info=&#8221;{}&#8221;]<\/p>\n<p>Styrelsemedlem sedan 2022.<\/p>\n<p><\/p>\n<p><strong>F\u00f6dd:<\/strong> 1973<br \/><strong>Utbildning:<\/strong> <span lang=\"EN-US\">MSc Economics<\/span><br \/><strong>Erfarenhet:<\/strong> <span lang=\"EN-US\">Head of Marketing Picadeli AB. Tidigare Marketing Director p\u00e5 Gina Tricot.<\/span><br \/><strong>Aktieinnehav:<\/strong> 0<\/p>\n<p>[\/et_pb_text][\/et_pb_column][\/et_pb_row][\/et_pb_section]<\/p>\n","protected":false},"excerpt":{"rendered":"<p>Styrelsen skall best\u00e5 av minst tre och h\u00f6gst sex ledam\u00f6ter. Styrelsen har fr\u00e5n \u00e5rsst\u00e4mman 2021 best\u00e5tt av fem ledam\u00f6ter. P\u00e5 \u00e5rsst\u00e4mman 2021 omvaldes Petter Stillstr\u00f6m, Vilhelm Schottenius, Blenda Lagerkvist och Johan Larsson. Henrik Lange valdes till ny styrelsemedlem.<\/p>\n","protected":false},"author":1,"featured_media":11830,"parent":2923,"menu_order":0,"comment_status":"closed","ping_status":"closed","template":"","meta":{"_et_pb_use_builder":"on","_et_pb_old_content":"","_et_gb_content_width":"","footnotes":""},"class_list":["post-2942","page","type-page","status-publish","has-post-thumbnail","hentry"],"_links":{"self":[{"href":"https:\/\/www.nilorn.com\/sv\/wp-json\/wp\/v2\/pages\/2942","targetHints":{"allow":["GET"]}}],"collection":[{"href":"https:\/\/www.nilorn.com\/sv\/wp-json\/wp\/v2\/pages"}],"about":[{"href":"https:\/\/www.nilorn.com\/sv\/wp-json\/wp\/v2\/types\/page"}],"author":[{"embeddable":true,"href":"https:\/\/www.nilorn.com\/sv\/wp-json\/wp\/v2\/users\/1"}],"replies":[{"embeddable":true,"href":"https:\/\/www.nilorn.com\/sv\/wp-json\/wp\/v2\/comments?post=2942"}],"version-history":[{"count":61,"href":"https:\/\/www.nilorn.com\/sv\/wp-json\/wp\/v2\/pages\/2942\/revisions"}],"predecessor-version":[{"id":17434,"href":"https:\/\/www.nilorn.com\/sv\/wp-json\/wp\/v2\/pages\/2942\/revisions\/17434"}],"up":[{"embeddable":true,"href":"https:\/\/www.nilorn.com\/sv\/wp-json\/wp\/v2\/pages\/2923"}],"wp:featuredmedia":[{"embeddable":true,"href":"https:\/\/www.nilorn.com\/sv\/wp-json\/wp\/v2\/media\/11830"}],"wp:attachment":[{"href":"https:\/\/www.nilorn.com\/sv\/wp-json\/wp\/v2\/media?parent=2942"}],"curies":[{"name":"wp","href":"https:\/\/api.w.org\/{rel}","templated":true}]}}