{"id":2949,"date":"2020-09-07T11:14:44","date_gmt":"2020-09-07T09:14:44","guid":{"rendered":"https:\/\/www.nilorn.com\/investerare\/bolagsstyrning\/ledning\/"},"modified":"2025-06-24T10:40:58","modified_gmt":"2025-06-24T08:40:58","slug":"ledning","status":"publish","type":"page","link":"https:\/\/www.nilorn.com\/sv\/investerare\/bolagsstyrning\/ledning\/","title":{"rendered":"Ledning"},"content":{"rendered":"<p>[et_pb_section fb_built=&#8221;1&#8243; _builder_version=&#8221;4.23.1&#8243; _dynamic_attributes=&#8221;background_image&#8221; background_image=&#8221;@ET-DC@eyJkeW5hbWljIjp0cnVlLCJjb250ZW50IjoicG9zdF9mZWF0dXJlZF9pbWFnZSIsInNldHRpbmdzIjp7fX0=@&#8221; da_disable_devices=&#8221;off|off|off&#8221; global_colors_info=&#8221;{}&#8221; da_is_popup=&#8221;off&#8221; da_exit_intent=&#8221;off&#8221; da_has_close=&#8221;on&#8221; da_alt_close=&#8221;off&#8221; da_dark_close=&#8221;off&#8221; da_not_modal=&#8221;on&#8221; da_is_singular=&#8221;off&#8221; da_with_loader=&#8221;off&#8221; da_has_shadow=&#8221;on&#8221;][et_pb_row _builder_version=&#8221;4.16&#8243; global_colors_info=&#8221;{}&#8221;][et_pb_column type=&#8221;4_4&#8243; _builder_version=&#8221;4.16&#8243; global_colors_info=&#8221;{}&#8221;][et_pb_divider show_divider=&#8221;off&#8221; _builder_version=&#8221;4.16&#8243; min_height=&#8221;200px&#8221; min_height_tablet=&#8221;&#8221; min_height_phone=&#8221;100px&#8221; min_height_last_edited=&#8221;on|phone&#8221; height=&#8221;25vh&#8221; height_tablet=&#8221;&#8221; height_phone=&#8221;15vh&#8221; height_last_edited=&#8221;on|phone&#8221; global_colors_info=&#8221;{}&#8221;][\/et_pb_divider][\/et_pb_column][\/et_pb_row][\/et_pb_section][et_pb_section fb_built=&#8221;1&#8243; _builder_version=&#8221;4.16&#8243; da_disable_devices=&#8221;off|off|off&#8221; global_colors_info=&#8221;{}&#8221; da_is_popup=&#8221;off&#8221; da_exit_intent=&#8221;off&#8221; da_has_close=&#8221;on&#8221; da_alt_close=&#8221;off&#8221; da_dark_close=&#8221;off&#8221; da_not_modal=&#8221;on&#8221; da_is_singular=&#8221;off&#8221; da_with_loader=&#8221;off&#8221; da_has_shadow=&#8221;on&#8221;][et_pb_row _builder_version=&#8221;4.16&#8243; custom_padding=&#8221;50px||30px||false|false&#8221; animation_style=&#8221;fade&#8221; global_colors_info=&#8221;{}&#8221;][et_pb_column type=&#8221;4_4&#8243; _builder_version=&#8221;4.16&#8243; global_colors_info=&#8221;{}&#8221;][et_pb_text admin_label=&#8221;Header text&#8221; _builder_version=&#8221;4.16&#8243; _dynamic_attributes=&#8221;content&#8221; header_font=&#8221;|300|||||||&#8221; header_text_align=&#8221;center&#8221; text_orientation=&#8221;center&#8221; max_width_last_edited=&#8221;off|desktop&#8221; module_alignment=&#8221;center&#8221; global_colors_info=&#8221;{}&#8221;]@ET-DC@eyJkeW5hbWljIjp0cnVlLCJjb250ZW50IjoicG9zdF90aXRsZSIsInNldHRpbmdzIjp7ImJlZm9yZSI6IjxoMT4iLCJhZnRlciI6IjxcL2gxPiJ9fQ==@[\/et_pb_text][\/et_pb_column][\/et_pb_row][\/et_pb_section][et_pb_section fb_built=&#8221;1&#8243; admin_label=&#8221;Section &#8211; Person Container&#8221; module_class=&#8221;corporate-profiles&#8221; _builder_version=&#8221;4.16&#8243; _module_preset=&#8221;default&#8221; width_tablet=&#8221;auto&#8221; width_phone=&#8221;auto&#8221; width_last_edited=&#8221;on|desktop&#8221; max_width=&#8221;1080px&#8221; max_width_tablet=&#8221;80%&#8221; max_width_phone=&#8221;&#8221; max_width_last_edited=&#8221;on|desktop&#8221; module_alignment=&#8221;center&#8221; animation_style=&#8221;fade&#8221; custom_css_main_element=&#8221;display:flex;||flex-flow:row;||flex-wrap:wrap;||justify-content:center;||&#8221; da_disable_devices=&#8221;off|off|off&#8221; global_colors_info=&#8221;{}&#8221; custom_css_main_element_last_edited=&#8221;on|desktop&#8221; custom_css_main_element_tablet=&#8221;display:flex;||flex-flow:row;||flex-wrap:wrap;||justify-content:center;||&#8221; custom_css_main_element_phone=&#8221;display:flex;||flex-flow:row;||flex-wrap:wrap;||justify-content:center;||&#8221; da_is_popup=&#8221;off&#8221; da_exit_intent=&#8221;off&#8221; da_has_close=&#8221;on&#8221; da_alt_close=&#8221;off&#8221; da_dark_close=&#8221;off&#8221; da_not_modal=&#8221;on&#8221; da_is_singular=&#8221;off&#8221; da_with_loader=&#8221;off&#8221; da_has_shadow=&#8221;on&#8221;][et_pb_row custom_padding_last_edited=&#8221;on|tablet&#8221; module_class=&#8221;person-container open&#8221; _builder_version=&#8221;4.21.0&#8243; _module_preset=&#8221;default&#8221; max_width=&#8221;25%&#8221; max_width_tablet=&#8221;50%&#8221; max_width_phone=&#8221;80%&#8221; max_width_last_edited=&#8221;on|desktop&#8221; custom_margin=&#8221;|0px||0px|false|false&#8221; custom_margin_tablet=&#8221;&#8221; custom_margin_phone=&#8221;|auto||auto|false|false&#8221; custom_margin_last_edited=&#8221;on|phone&#8221; custom_padding=&#8221;0px|1rem|0px|0px|true|false&#8221; custom_padding_tablet=&#8221;&#8221; custom_padding_phone=&#8221;&#8221; custom_css_main_element=&#8221;order:1;&#8221; global_colors_info=&#8221;{}&#8221; custom_css_main_element_last_edited=&#8221;on|phone&#8221; custom_css_main_element_tablet=&#8221;order:1;&#8221; custom_css_main_element_phone=&#8221;order:1;&#8221;][et_pb_column type=&#8221;4_4&#8243; _builder_version=&#8221;4.16&#8243; _module_preset=&#8221;default&#8221; global_colors_info=&#8221;{}&#8221;][et_pb_team_member name=&#8221;Krister Magnusson&#8221; position=&#8221;VD&#8221; image_url=&#8221;https:\/\/www.nilorn.com\/wp-content\/uploads\/2020\/09\/krister-magnusson-600&#215;600-1.jpg&#8221; admin_label=&#8221;Person &#8211; Krister&#8221; module_id=&#8221;krister-magnusson&#8221; module_class=&#8221;person&#8221; _builder_version=&#8221;4.27.4&#8243; _module_preset=&#8221;default&#8221; header_level=&#8221;h2&#8243; header_font_size=&#8221;17px&#8221; position_font=&#8221;|300|||||||&#8221; position_text_color=&#8221;#ffffff&#8221; position_font_size=&#8221;12px&#8221; background_layout=&#8221;dark&#8221; custom_padding=&#8221;|0px||0px|false|true&#8221; global_colors_info=&#8221;{}&#8221;][\/et_pb_team_member][\/et_pb_column][\/et_pb_row][et_pb_row custom_padding_last_edited=&#8221;on|phone&#8221; module_id=&#8221;krister-magnusson-details&#8221; module_class=&#8221;person-data krister-magnusson open&#8221; _builder_version=&#8221;4.21.0&#8243; _module_preset=&#8221;default&#8221; width=&#8221;100%&#8221; max_width_last_edited=&#8221;off|desktop&#8221; custom_margin_tablet=&#8221;|auto||auto|false|true&#8221; custom_margin_phone=&#8221;|auto||auto|false|true&#8221; custom_margin_last_edited=&#8221;off|desktop&#8221; custom_padding=&#8221;2rem|0rem|2rem|0rem|true|true&#8221; custom_padding_tablet=&#8221;&#8221; custom_padding_phone=&#8221;|3rem||2rem|true|false&#8221; custom_css_main_element=&#8221;order:5;||display:none;&#8221; global_colors_info=&#8221;{}&#8221; custom_css_main_element_last_edited=&#8221;on|phone&#8221; custom_css_main_element_tablet=&#8221;order:3;||display:none;&#8221; custom_css_main_element_phone=&#8221;order:2; display:block;&#8221;][et_pb_column type=&#8221;4_4&#8243; _builder_version=&#8221;4.16&#8243; _module_preset=&#8221;default&#8221; global_colors_info=&#8221;{}&#8221;][et_pb_text admin_label=&#8221;Text &#8211; Krister&#8221; _builder_version=&#8221;4.21.0&#8243; _module_preset=&#8221;default&#8221; global_colors_info=&#8221;{}&#8221;]<\/p>\n<p>VD<br \/><strong>F\u00f6dd:<\/strong> 1966<br \/><strong>Utbildning:<\/strong> Finance MBA<br \/><strong>Experience:<\/strong> Krister Magnusson ansl\u00f6t till Nil\u00f6rngruppen 2008 efter att ha jobbat som CFO p\u00e5 New Wave Group.<br \/><strong>Shareholding:<\/strong> 85 000<\/p>\n<p><\/p>\n<p>Mob +46 704 852 114<br \/><a href=\"mailto:krister.magnusson@nilorn.com\">krister.magnusson@nilorn.com<\/a><\/p>\n<p>[\/et_pb_text][\/et_pb_column][\/et_pb_row][et_pb_row custom_padding_last_edited=&#8221;on|tablet&#8221; module_class=&#8221;person-container&#8221; _builder_version=&#8221;4.21.0&#8243; _module_preset=&#8221;default&#8221; max_width=&#8221;25%&#8221; max_width_tablet=&#8221;50%&#8221; max_width_phone=&#8221;80%&#8221; max_width_last_edited=&#8221;on|desktop&#8221; custom_margin=&#8221;|0px||0px|false|false&#8221; custom_margin_tablet=&#8221;&#8221; custom_margin_phone=&#8221;|auto||auto|false|false&#8221; custom_margin_last_edited=&#8221;on|phone&#8221; custom_padding=&#8221;0px|1rem|0px|0px|true|false&#8221; custom_padding_tablet=&#8221;&#8221; custom_padding_phone=&#8221;&#8221; custom_css_main_element=&#8221;order:2;&#8221; global_colors_info=&#8221;{}&#8221; custom_css_main_element_last_edited=&#8221;on|phone&#8221; custom_css_main_element_tablet=&#8221;order:2;&#8221; custom_css_main_element_phone=&#8221;order:3;&#8221;][et_pb_column type=&#8221;4_4&#8243; _builder_version=&#8221;4.16&#8243; _module_preset=&#8221;default&#8221; global_colors_info=&#8221;{}&#8221;][et_pb_team_member name=&#8221;Andrew Hoppe&#8221; position=&#8221;Managing director Nilorn East Asia&#8221; image_url=&#8221;https:\/\/www.nilorn.com\/wp-content\/uploads\/2020\/09\/andrew-hoppe-600&#215;600-1.jpg&#8221; admin_label=&#8221;Person &#8211; Andrew&#8221; module_id=&#8221;andrew-hoppe&#8221; module_class=&#8221;person&#8221; _builder_version=&#8221;4.27.4&#8243; _module_preset=&#8221;default&#8221; header_level=&#8221;h2&#8243; header_font_size=&#8221;17px&#8221; position_font=&#8221;|300|||||||&#8221; position_text_color=&#8221;#ffffff&#8221; position_font_size=&#8221;12px&#8221; background_layout=&#8221;dark&#8221; custom_padding=&#8221;|0px||0px|false|true&#8221; global_colors_info=&#8221;{}&#8221;][\/et_pb_team_member][\/et_pb_column][\/et_pb_row][et_pb_row custom_padding_last_edited=&#8221;on|phone&#8221; module_id=&#8221;andrew-hoppe-details&#8221; module_class=&#8221;person-data andrew-hoppe&#8221; _builder_version=&#8221;4.21.0&#8243; _module_preset=&#8221;default&#8221; width=&#8221;100%&#8221; max_width_last_edited=&#8221;off|desktop&#8221; custom_margin_tablet=&#8221;|auto||auto|false|true&#8221; custom_margin_phone=&#8221;|auto||auto|false|true&#8221; custom_margin_last_edited=&#8221;off|desktop&#8221; custom_padding=&#8221;2rem|0rem|2rem|0rem|true|true&#8221; custom_padding_tablet=&#8221;&#8221; custom_padding_phone=&#8221;|3rem||2rem|true|false&#8221; custom_css_main_element=&#8221;order:6;||display:none;&#8221; global_colors_info=&#8221;{}&#8221; custom_css_main_element_last_edited=&#8221;on|phone&#8221; custom_css_main_element_tablet=&#8221;order:4;||display:none;&#8221; custom_css_main_element_phone=&#8221;order:4;||display:block;&#8221;][et_pb_column type=&#8221;4_4&#8243; _builder_version=&#8221;4.16&#8243; _module_preset=&#8221;default&#8221; global_colors_info=&#8221;{}&#8221;][et_pb_text admin_label=&#8221;Text &#8211; Andrew&#8221; _builder_version=&#8221;4.23.4&#8243; _module_preset=&#8221;default&#8221; global_colors_info=&#8221;{}&#8221;]<\/p>\n<p>Managing Director Nilorn East Asia<br \/><strong>F\u00f6dd:<\/strong>\u00a01963<br \/><strong>Erfarenhet:<\/strong>\u00a0Andrew Hoppe anst\u00e4lldes i Nil\u00f6rn UK Ltd (fd H.HCalmon) 1996 och \u00e4r sedan 2000 VD f\u00f6r Nilorn East Asia Ltd och Asienchef.<br \/><strong>Aktieinnehav:<\/strong>\u00a0&#8211;<\/p>\n<p><\/p>\n<p>Tel +852 2371 2218 ext 108<br \/>Mob +852 9306 5830<br \/><a href=\"mailto:andrew.hoppe@hk.nilorn.com\">andrew.hoppe@hk.nilorn.com<\/a><\/p>\n<p>[\/et_pb_text][\/et_pb_column][\/et_pb_row][et_pb_row custom_padding_last_edited=&#8221;on|tablet&#8221; module_class=&#8221;person-container&#8221; _builder_version=&#8221;4.21.0&#8243; _module_preset=&#8221;default&#8221; max_width=&#8221;25%&#8221; max_width_tablet=&#8221;50%&#8221; max_width_phone=&#8221;80%&#8221; max_width_last_edited=&#8221;on|desktop&#8221; custom_margin=&#8221;|0px||0px|false|false&#8221; custom_margin_tablet=&#8221;&#8221; custom_margin_phone=&#8221;|auto||auto|false|false&#8221; custom_margin_last_edited=&#8221;on|phone&#8221; custom_padding=&#8221;0px|1rem|0px|0px|true|false&#8221; custom_padding_tablet=&#8221;&#8221; custom_padding_phone=&#8221;&#8221; custom_css_main_element=&#8221;order:3;&#8221; global_colors_info=&#8221;{}&#8221; custom_css_main_element_last_edited=&#8221;on|tablet&#8221; custom_css_main_element_tablet=&#8221;order:5;&#8221; custom_css_main_element_phone=&#8221;order:5;&#8221;][et_pb_column type=&#8221;4_4&#8243; _builder_version=&#8221;4.16&#8243; _module_preset=&#8221;default&#8221; global_colors_info=&#8221;{}&#8221;][et_pb_team_member name=&#8221;Fredrik Clason&#8221; position=&#8221;Group Sales and Marketing manager&#8221; image_url=&#8221;https:\/\/www.nilorn.com\/wp-content\/uploads\/2023\/07\/fredrik-clason.jpg&#8221; admin_label=&#8221;Person &#8211; Fredrik&#8221; module_id=&#8221;fredrik-clason&#8221; module_class=&#8221;person&#8221; _builder_version=&#8221;4.27.4&#8243; _module_preset=&#8221;default&#8221; header_font_size=&#8221;17px&#8221; position_font=&#8221;|300|||||||&#8221; position_text_color=&#8221;#ffffff&#8221; position_font_size=&#8221;12px&#8221; background_layout=&#8221;dark&#8221; custom_padding=&#8221;|0px||0px|false|true&#8221; hover_enabled=&#8221;0&#8243; global_colors_info=&#8221;{}&#8221; header_level=&#8221;h2&#8243; sticky_enabled=&#8221;0&#8243;][\/et_pb_team_member][\/et_pb_column][\/et_pb_row][et_pb_row custom_padding_last_edited=&#8221;on|phone&#8221; module_id=&#8221;fredrik-clason-details&#8221; module_class=&#8221;person-data fredrik-clason&#8221; _builder_version=&#8221;4.21.0&#8243; _module_preset=&#8221;default&#8221; width=&#8221;100%&#8221; max_width_last_edited=&#8221;off|desktop&#8221; custom_margin_tablet=&#8221;|auto||auto|false|true&#8221; custom_margin_phone=&#8221;|auto||auto|false|true&#8221; custom_margin_last_edited=&#8221;off|desktop&#8221; custom_padding=&#8221;2rem|0rem|2rem|0rem|true|true&#8221; custom_padding_tablet=&#8221;&#8221; custom_padding_phone=&#8221;|3rem||2rem|true|false&#8221; custom_css_main_element=&#8221;order:7;||display:none;&#8221; global_colors_info=&#8221;{}&#8221; custom_css_main_element_last_edited=&#8221;on|phone&#8221; custom_css_main_element_tablet=&#8221;order:7;||display:none;&#8221; custom_css_main_element_phone=&#8221;order:6;||display:block;&#8221;][et_pb_column type=&#8221;4_4&#8243; _builder_version=&#8221;4.16&#8243; _module_preset=&#8221;default&#8221; global_colors_info=&#8221;{}&#8221;][et_pb_text admin_label=&#8221;Text &#8211; Fredrik&#8221; _builder_version=&#8221;4.21.0&#8243; _module_preset=&#8221;default&#8221; global_colors_info=&#8221;{}&#8221;]<\/p>\n<p>Group Sales och Marketing manager<br \/><strong>F\u00f6dd:<\/strong> 1973<br \/><strong>Utbildning:<\/strong> Degree of Master of Science in Business and Economics<br \/><strong>Erfarenhet:<\/strong> Fredrik anst\u00e4lldes i Nil\u00f6rngruppen 2007 som Key Account manager och blev sedan Group sales manager 2017.<br \/><strong>Aktieinnehav:<\/strong> 9133<\/p>\n<p><\/p>\n<p>Mob +46 703 837 110<br \/><a href=\"mailto:fredrik.clason@nilorn.com\">fredrik.clason@nilorn.com<\/a><\/p>\n<p>[\/et_pb_text][\/et_pb_column][\/et_pb_row][et_pb_row custom_padding_last_edited=&#8221;on|tablet&#8221; module_class=&#8221;person-container&#8221; _builder_version=&#8221;4.21.0&#8243; _module_preset=&#8221;default&#8221; max_width=&#8221;25%&#8221; max_width_tablet=&#8221;50%&#8221; max_width_phone=&#8221;80%&#8221; max_width_last_edited=&#8221;on|desktop&#8221; custom_margin=&#8221;|0px||0px|false|false&#8221; custom_margin_tablet=&#8221;&#8221; custom_margin_phone=&#8221;|auto||auto|false|false&#8221; custom_margin_last_edited=&#8221;on|phone&#8221; custom_padding=&#8221;0px|1rem|0px|0px|true|false&#8221; custom_padding_tablet=&#8221;&#8221; custom_padding_phone=&#8221;&#8221; custom_css_main_element=&#8221;order:4&#8243; global_colors_info=&#8221;{}&#8221; custom_css_main_element_last_edited=&#8221;on|phone&#8221; custom_css_main_element_tablet=&#8221;order:6;&#8221; custom_css_main_element_phone=&#8221;order:7;&#8221;][et_pb_column type=&#8221;4_4&#8243; _builder_version=&#8221;4.16&#8243; _module_preset=&#8221;default&#8221; global_colors_info=&#8221;{}&#8221;][et_pb_team_member name=&#8221;Anna-Karin W\u00e5rfors&#8221; position=&#8221;Sustainability manager&#8221; image_url=&#8221;https:\/\/www.nilorn.com\/wp-content\/uploads\/2023\/07\/anna-karin-warfors.jpg&#8221; admin_label=&#8221;Person &#8211; Anna-Karin&#8221; module_id=&#8221;anna-karin-warfors&#8221; module_class=&#8221;person&#8221; _builder_version=&#8221;4.27.4&#8243; _module_preset=&#8221;default&#8221; header_level=&#8221;h2&#8243; header_font_size=&#8221;17px&#8221; position_font=&#8221;|300|||||||&#8221; position_text_color=&#8221;#ffffff&#8221; position_font_size=&#8221;12px&#8221; background_layout=&#8221;dark&#8221; custom_padding=&#8221;|0px||0px|false|true&#8221; global_colors_info=&#8221;{}&#8221;][\/et_pb_team_member][\/et_pb_column][\/et_pb_row][et_pb_row custom_padding_last_edited=&#8221;on|desktop&#8221; module_id=&#8221;anna-karin-warfors-details&#8221; module_class=&#8221;person-data anna-karin-warfors&#8221; _builder_version=&#8221;4.21.0&#8243; _module_preset=&#8221;default&#8221; width=&#8221;100%&#8221; max_width_last_edited=&#8221;off|desktop&#8221; custom_margin_tablet=&#8221;|auto||auto|false|true&#8221; custom_margin_phone=&#8221;|auto||auto|false|true&#8221; custom_margin_last_edited=&#8221;off|desktop&#8221; custom_padding=&#8221;2rem|0rem|2rem|0rem|true|true&#8221; custom_padding_tablet=&#8221;&#8221; custom_padding_phone=&#8221;|3rem||2rem|true|false&#8221; custom_css_main_element=&#8221;order:8;||display:none;&#8221; global_colors_info=&#8221;{}&#8221; custom_css_main_element_last_edited=&#8221;on|phone&#8221; custom_css_main_element_tablet=&#8221;order:8;||display:none;&#8221; custom_css_main_element_phone=&#8221;order:8;||display:block;&#8221; max_width__hover_enabled=&#8221;off|desktop&#8221;][et_pb_column type=&#8221;4_4&#8243; _builder_version=&#8221;4.16&#8243; _module_preset=&#8221;default&#8221; global_colors_info=&#8221;{}&#8221;][et_pb_text admin_label=&#8221;Text &#8211; Anna-Karin&#8221; _builder_version=&#8221;4.21.0&#8243; _module_preset=&#8221;default&#8221; global_colors_info=&#8221;{}&#8221;]<\/p>\n<p>Sustainability manager<br \/><strong>F\u00f6dd:<\/strong> 1966<br \/><strong>Utbildning:<\/strong> Master of Science in Business Administration and Economics \u2013 International Business Program<br \/><strong>Erfarenhet:<\/strong>Anna-Karin anst\u00e4lldes i Nil\u00f6rngruppen 2017 och kommer senast fr\u00e5n en anst\u00e4llning som CSR Manager p\u00e5 Gina Tricot. Dessf\u00f6rinnan var hon Purchasing Manager p\u00e5 Corporate Express Sverige AB.<br \/><strong>Shareholding:<\/strong> &#8211;<\/p>\n<p><\/p>\n<p>Mob +46 703 105 809<br \/><a href=\"mailto:anna-karin.warfors@nilorn.com\">anna-karin.warfors@nilorn.com<\/a><\/p>\n<p>[\/et_pb_text][\/et_pb_column][\/et_pb_row][\/et_pb_section]<\/p>\n","protected":false},"excerpt":{"rendered":"<p>VDF\u00f6dd: 1966Utbildning: Finance MBAExperience: Krister Magnusson ansl\u00f6t till Nil\u00f6rngruppen 2008 efter att ha jobbat som CFO p\u00e5 New Wave Group.Shareholding: 85 000Mob +46 704 852 114krister.magnusson@nilorn.comManaging Director Nilorn East AsiaF\u00f6dd:\u00a01963Erfarenhet:\u00a0Andrew Hoppe anst\u00e4lldes i Nil\u00f6rn UK Ltd (fd H.HCalmon) 1996 och \u00e4r sedan 2000 VD f\u00f6r Nilorn East Asia Ltd och Asienchef.Aktieinnehav:\u00a0-Tel +852 2371 2218 ext [&hellip;]<\/p>\n","protected":false},"author":1,"featured_media":11830,"parent":2923,"menu_order":0,"comment_status":"closed","ping_status":"closed","template":"","meta":{"_et_pb_use_builder":"on","_et_pb_old_content":"","_et_gb_content_width":"","footnotes":""},"class_list":["post-2949","page","type-page","status-publish","has-post-thumbnail","hentry"],"_links":{"self":[{"href":"https:\/\/www.nilorn.com\/sv\/wp-json\/wp\/v2\/pages\/2949","targetHints":{"allow":["GET"]}}],"collection":[{"href":"https:\/\/www.nilorn.com\/sv\/wp-json\/wp\/v2\/pages"}],"about":[{"href":"https:\/\/www.nilorn.com\/sv\/wp-json\/wp\/v2\/types\/page"}],"author":[{"embeddable":true,"href":"https:\/\/www.nilorn.com\/sv\/wp-json\/wp\/v2\/users\/1"}],"replies":[{"embeddable":true,"href":"https:\/\/www.nilorn.com\/sv\/wp-json\/wp\/v2\/comments?post=2949"}],"version-history":[{"count":28,"href":"https:\/\/www.nilorn.com\/sv\/wp-json\/wp\/v2\/pages\/2949\/revisions"}],"predecessor-version":[{"id":15727,"href":"https:\/\/www.nilorn.com\/sv\/wp-json\/wp\/v2\/pages\/2949\/revisions\/15727"}],"up":[{"embeddable":true,"href":"https:\/\/www.nilorn.com\/sv\/wp-json\/wp\/v2\/pages\/2923"}],"wp:featuredmedia":[{"embeddable":true,"href":"https:\/\/www.nilorn.com\/sv\/wp-json\/wp\/v2\/media\/11830"}],"wp:attachment":[{"href":"https:\/\/www.nilorn.com\/sv\/wp-json\/wp\/v2\/media?parent=2949"}],"curies":[{"name":"wp","href":"https:\/\/api.w.org\/{rel}","templated":true}]}}