{"id":2990,"date":"2020-09-23T10:43:15","date_gmt":"2020-09-23T08:43:15","guid":{"rendered":"https:\/\/www.nilorn.com\/investerare\/aktien\/storsta-aktieagare\/"},"modified":"2025-11-12T10:40:20","modified_gmt":"2025-11-12T09:40:20","slug":"largest-shareholder","status":"publish","type":"page","link":"https:\/\/www.nilorn.com\/sv\/investerare\/aktien\/largest-shareholder\/","title":{"rendered":"St\u00f6rsta aktie\u00e4garna"},"content":{"rendered":"<p>[et_pb_section fb_built=&#8221;1&#8243; _builder_version=&#8221;4.23.1&#8243; _dynamic_attributes=&#8221;background_image&#8221; background_image=&#8221;@ET-DC@eyJkeW5hbWljIjp0cnVlLCJjb250ZW50IjoicG9zdF9mZWF0dXJlZF9pbWFnZSIsInNldHRpbmdzIjp7fX0=@&#8221; da_disable_devices=&#8221;off|off|off&#8221; global_colors_info=&#8221;{}&#8221; da_is_popup=&#8221;off&#8221; da_exit_intent=&#8221;off&#8221; da_has_close=&#8221;on&#8221; da_alt_close=&#8221;off&#8221; da_dark_close=&#8221;off&#8221; da_not_modal=&#8221;on&#8221; da_is_singular=&#8221;off&#8221; da_with_loader=&#8221;off&#8221; da_has_shadow=&#8221;on&#8221;][et_pb_row _builder_version=&#8221;4.16&#8243; global_colors_info=&#8221;{}&#8221;][et_pb_column type=&#8221;4_4&#8243; _builder_version=&#8221;4.16&#8243; global_colors_info=&#8221;{}&#8221;][et_pb_divider show_divider=&#8221;off&#8221; _builder_version=&#8221;4.4.7&#8243; min_height=&#8221;200px&#8221; min_height_tablet=&#8221;&#8221; min_height_phone=&#8221;100px&#8221; min_height_last_edited=&#8221;on|phone&#8221; height=&#8221;25vh&#8221; height_tablet=&#8221;&#8221; height_phone=&#8221;15vh&#8221; height_last_edited=&#8221;on|phone&#8221;][\/et_pb_divider][\/et_pb_column][\/et_pb_row][\/et_pb_section][et_pb_section fb_built=&#8221;1&#8243; _builder_version=&#8221;4.16&#8243; da_disable_devices=&#8221;off|off|off&#8221; global_colors_info=&#8221;{}&#8221; da_is_popup=&#8221;off&#8221; da_exit_intent=&#8221;off&#8221; da_has_close=&#8221;on&#8221; da_alt_close=&#8221;off&#8221; da_dark_close=&#8221;off&#8221; da_not_modal=&#8221;on&#8221; da_is_singular=&#8221;off&#8221; da_with_loader=&#8221;off&#8221; da_has_shadow=&#8221;on&#8221;][et_pb_row _builder_version=&#8221;4.16&#8243; custom_padding=&#8221;50px||30px||false|false&#8221; animation_style=&#8221;fade&#8221; global_colors_info=&#8221;{}&#8221;][et_pb_column type=&#8221;4_4&#8243; _builder_version=&#8221;4.16&#8243; global_colors_info=&#8221;{}&#8221;][et_pb_text admin_label=&#8221;Header text&#8221; _builder_version=&#8221;4.27.4&#8243; _dynamic_attributes=&#8221;content&#8221; header_font=&#8221;|300|||||||&#8221; header_text_align=&#8221;center&#8221; text_orientation=&#8221;center&#8221; max_width_phone=&#8221;65%&#8221; max_width_last_edited=&#8221;off|desktop&#8221; module_alignment=&#8221;center&#8221; global_colors_info=&#8221;{}&#8221;]@ET-DC@eyJkeW5hbWljIjp0cnVlLCJjb250ZW50IjoicG9zdF90aXRsZSIsInNldHRpbmdzIjp7ImJlZm9yZSI6IjxoMT4iLCJhZnRlciI6IjxcL2gxPiJ9fQ==@[\/et_pb_text][\/et_pb_column][\/et_pb_row][et_pb_row _builder_version=&#8221;4.16&#8243; width=&#8221;90%&#8221; animation_style=&#8221;fade&#8221; locked=&#8221;off&#8221; global_colors_info=&#8221;{}&#8221;][et_pb_column type=&#8221;4_4&#8243; _builder_version=&#8221;4.16&#8243; global_colors_info=&#8221;{}&#8221;][et_pb_text disabled_on=&#8221;off|off|on&#8221; admin_label=&#8221;Largest shareholder swipe notification&#8221; _builder_version=&#8221;4.27.4&#8243; _module_preset=&#8221;default&#8221; header_2_font=&#8221;|300|||||||&#8221; header_2_font_size=&#8221;24px&#8221; custom_margin=&#8221;0px||||false|false&#8221; custom_padding=&#8221;0px||||false|false&#8221; global_colors_info=&#8221;{}&#8221;]<\/p>\n<p><em>Svep h\u00f6ger och v\u00e4nster i tabellen f\u00f6r att se fullst\u00e4ndig data<\/em><\/p>\n<p>[\/et_pb_text][et_pb_text admin_label=&#8221;Largest shareholder table&#8221; module_class=&#8221;shareholder-distribution&#8221; _builder_version=&#8221;4.27.4&#8243; _module_preset=&#8221;default&#8221; header_2_font=&#8221;|300|||||||&#8221; header_2_font_size=&#8221;24px&#8221; hover_enabled=&#8221;0&#8243; global_colors_info=&#8221;{}&#8221; sticky_enabled=&#8221;0&#8243;]<\/p>\n<p class=\"FirstParagraph\"><span lang=\"EN-US\">Below are the 10 largest shareholders of Nil\u00f6rngruppen AB (publ) based on the share register as of 30 September 2025. The information is sourced from Euroclear Sweden AB and reflects the official shareholding as of the record date.<\/span><\/p>\n<table style=\"width: 449px; height: 538px;\">\n<tbody>\n<tr style=\"height: 47px;\">\n<td style=\"width: 158.104px; text-align: left; height: 47px;\"><strong>Name<\/strong><\/td>\n<td style=\"text-align: right; width: 67.4792px; height: 47px;\"><strong>No. of A shares<\/strong><\/td>\n<td style=\"width: 65.4792px; text-align: right; height: 47px;\"><strong>No. of B shares<\/strong><\/td>\n<td style=\"width: 48.3542px; text-align: right; height: 47px;\"><strong>Share capital %<\/strong><\/td>\n<td style=\"width: 75.5833px; text-align: right; height: 47px;\"><strong>Voting rights %<\/strong><\/td>\n<\/tr>\n<tr style=\"height: 23px;\">\n<td style=\"width: 158.104px; height: 23px;\">AB TRACTION<\/td>\n<td style=\"text-align: right; width: 67.4792px; height: 23px;\">960 000<\/td>\n<td style=\"height: 23px; width: 65.4792px;\" align=\"right\" height=\"20\">2 040 000<\/td>\n<td style=\"text-align: right; width: 48.3542px; height: 23px;\">26,31<\/td>\n<td style=\"text-align: right; width: 75.5833px; height: 23px;\">58,08<\/td>\n<\/tr>\n<tr style=\"height: 47px;\">\n<td style=\"width: 158.104px; height: 47px;\">Avanza Bank AB*<\/td>\n<td style=\"text-align: right; width: 67.4792px; height: 47px;\">0<\/td>\n<td style=\"height: 47px; width: 65.4792px;\" align=\"right\" height=\"20\">2 141 510<\/td>\n<td style=\"text-align: right; width: 48.3542px; height: 47px;\">18,78<\/td>\n<td style=\"text-align: right; width: 75.5833px; height: 47px;\">10,69<\/td>\n<\/tr>\n<tr style=\"height: 47px;\">\n<td style=\"width: 158.104px; height: 47px;\">Skandinaviska Enskilda Banken AB*<\/td>\n<td style=\"text-align: right; width: 67.4792px; height: 47px;\">0<\/td>\n<td style=\"height: 47px; width: 65.4792px;\" align=\"right\" height=\"20\">1 373 153<\/td>\n<td style=\"text-align: right; width: 48.3542px; height: 47px;\">12,06<\/td>\n<td style=\"text-align: right; width: 75.5833px; height: 47px;\">6,86<\/td>\n<\/tr>\n<tr style=\"height: 47px;\">\n<td style=\"width: 158.104px; height: 47px;\">Nordnet Bank AB*<\/td>\n<td style=\"text-align: right; width: 67.4792px; height: 47px;\">0<\/td>\n<td style=\"height: 47px; width: 65.4792px;\" align=\"right\" height=\"20\">1 284 41<\/td>\n<td style=\"text-align: right; width: 48.3542px; height: 47px;\">11,26<\/td>\n<td style=\"text-align: right; width: 75.5833px; height: 47px;\">6,41<\/td>\n<\/tr>\n<tr style=\"height: 47px;\">\n<td style=\"width: 158.104px; height: 47px;\">DNB Bank ASA, Filial Sverige*<\/td>\n<td style=\"text-align: right; width: 67.4792px; height: 47px;\">0<\/td>\n<td style=\"height: 47px; width: 65.4792px;\" align=\"right\" height=\"20\">850 405<\/td>\n<td style=\"text-align: right; width: 48.3542px; height: 47px;\">7,46<\/td>\n<td style=\"text-align: right; width: 75.5833px; height: 47px;\">4,24<\/td>\n<\/tr>\n<tr style=\"height: 23px;\">\n<td style=\"width: 158.104px; height: 23px;\">Den Danske Bank AS*<\/td>\n<td style=\"text-align: right; width: 67.4792px; height: 23px;\">0<\/td>\n<td style=\"height: 23px; width: 65.4792px;\" align=\"right\" height=\"20\">820 540<\/td>\n<td style=\"text-align: right; width: 48.3542px; height: 23px;\">7,20<\/td>\n<td style=\"text-align: right; width: 75.5833px; height: 23px;\">4,09<\/td>\n<\/tr>\n<tr style=\"height: 47px;\">\n<td style=\"width: 158.104px; height: 47px;\">Citibank Europe PLC, Sverige filial*<\/td>\n<td style=\"text-align: right; width: 67.4792px; height: 47px;\">0<\/td>\n<td style=\"height: 47px; width: 65.4792px;\" align=\"right\" height=\"20\">559 081<\/td>\n<td style=\"text-align: right; width: 48.3542px; height: 47px;\">4,90<\/td>\n<td style=\"text-align: right; width: 75.5833px; height: 47px;\">2,79<\/td>\n<\/tr>\n<tr style=\"height: 23px;\">\n<td style=\"width: 158.104px; height: 23px;\">Swedbank AB*<\/td>\n<td style=\"text-align: right; width: 67.4792px; height: 23px;\">0<\/td>\n<td style=\"height: 23px; width: 65.4792px;\" align=\"right\" height=\"20\">383 718<\/td>\n<td style=\"text-align: right; width: 48.3542px; height: 23px;\">3,37<\/td>\n<td style=\"text-align: right; width: 75.5833px; height: 23px;\">1,91<\/td>\n<\/tr>\n<tr style=\"height: 47px;\">\n<td style=\"width: 158.104px; height: 47px;\">Svenska Handelsbanken AB*<\/td>\n<td style=\"text-align: right; width: 67.4792px; height: 47px;\">0<\/td>\n<td style=\"height: 47px; width: 65.4792px;\" align=\"right\" height=\"20\">321 057<\/td>\n<td style=\"text-align: right; width: 48.3542px; height: 47px;\">2,82<\/td>\n<td style=\"text-align: right; width: 75.5833px; height: 47px;\">1,60<\/td>\n<\/tr>\n<tr style=\"height: 47px;\">\n<td style=\"width: 158.104px; height: 47px;\">DNB Carnegie Investment Bank AB*<\/td>\n<td style=\"text-align: right; width: 67.4792px; height: 47px;\">0<\/td>\n<td style=\"height: 47px; width: 65.4792px;\" align=\"right\" height=\"20\">272 438<\/td>\n<td style=\"text-align: right; width: 48.3542px; height: 47px;\">2,39<\/td>\n<td style=\"text-align: right; width: 75.5833px; height: 47px;\">1,36<\/td>\n<\/tr>\n<tr style=\"height: 23px;\">\n<td style=\"width: 158.104px; text-align: left; height: 23px;\">Total, largest shareholders<\/td>\n<td style=\"text-align: right; width: 67.4792px; height: 23px;\">960 000<\/td>\n<td style=\"text-align: right; width: 65.4792px; height: 23px;\">10 048 312<\/td>\n<td style=\"text-align: right; width: 48.3542px; height: 23px;\">96,55<\/td>\n<td style=\"text-align: right; width: 75.5833px; height: 23px;\">98,03<\/td>\n<\/tr>\n<tr style=\"height: 23px;\">\n<td style=\"width: 158.104px; text-align: left; height: 23px;\">Summary, others<\/td>\n<td style=\"text-align: right; width: 67.4792px; height: 23px;\">\u00a0<\/td>\n<td style=\"text-align: right; width: 65.4792px; height: 23px;\">393 676<\/td>\n<td style=\"text-align: right; width: 48.3542px; height: 23px;\">3,45<\/td>\n<td style=\"text-align: right; width: 75.5833px; height: 23px;\">1,97<\/td>\n<\/tr>\n<tr style=\"height: 47px;\">\n<td style=\"width: 158.104px; text-align: left; height: 47px;\">Total number of shares<\/td>\n<td style=\"text-align: right; width: 67.4792px; height: 47px;\">960 000<\/td>\n<td style=\"text-align: right; width: 65.4792px; height: 47px;\">10 441 988<\/td>\n<td style=\"text-align: right; width: 48.3542px; height: 47px;\">100<\/td>\n<td style=\"text-align: right; width: 75.5833px; height: 47px;\">100<\/td>\n<\/tr>\n<\/tbody>\n<\/table>\n<p><em>*Nominee-registered: The shares are held in custody on behalf of underlying clients, whose individual holdings are not disclosed in the public register.<\/em><\/p>\n<p><strong>Source:<\/strong> Public share register from Euroclear Sweden AB, record date 30 September 2025.<\/p>\n<p>[\/et_pb_text][\/et_pb_column][\/et_pb_row][\/et_pb_section]<\/p>\n","protected":false},"excerpt":{"rendered":"<p>Svep h\u00f6ger och v\u00e4nster i tabellen f\u00f6r att se fullst\u00e4ndig dataBelow are the 10 largest shareholders of Nil\u00f6rngruppen AB (publ) based on the share register as of 30 September 2025. The information is sourced from Euroclear Sweden AB and reflects the official shareholding as of the record date. Name No. of A shares No. of [&hellip;]<\/p>\n","protected":false},"author":1,"featured_media":11830,"parent":2981,"menu_order":0,"comment_status":"closed","ping_status":"closed","template":"","meta":{"_et_pb_use_builder":"on","_et_pb_old_content":"","_et_gb_content_width":"","footnotes":""},"class_list":["post-2990","page","type-page","status-publish","has-post-thumbnail","hentry"],"_links":{"self":[{"href":"https:\/\/www.nilorn.com\/sv\/wp-json\/wp\/v2\/pages\/2990","targetHints":{"allow":["GET"]}}],"collection":[{"href":"https:\/\/www.nilorn.com\/sv\/wp-json\/wp\/v2\/pages"}],"about":[{"href":"https:\/\/www.nilorn.com\/sv\/wp-json\/wp\/v2\/types\/page"}],"author":[{"embeddable":true,"href":"https:\/\/www.nilorn.com\/sv\/wp-json\/wp\/v2\/users\/1"}],"replies":[{"embeddable":true,"href":"https:\/\/www.nilorn.com\/sv\/wp-json\/wp\/v2\/comments?post=2990"}],"version-history":[{"count":37,"href":"https:\/\/www.nilorn.com\/sv\/wp-json\/wp\/v2\/pages\/2990\/revisions"}],"predecessor-version":[{"id":17224,"href":"https:\/\/www.nilorn.com\/sv\/wp-json\/wp\/v2\/pages\/2990\/revisions\/17224"}],"up":[{"embeddable":true,"href":"https:\/\/www.nilorn.com\/sv\/wp-json\/wp\/v2\/pages\/2981"}],"wp:featuredmedia":[{"embeddable":true,"href":"https:\/\/www.nilorn.com\/sv\/wp-json\/wp\/v2\/media\/11830"}],"wp:attachment":[{"href":"https:\/\/www.nilorn.com\/sv\/wp-json\/wp\/v2\/media?parent=2990"}],"curies":[{"name":"wp","href":"https:\/\/api.w.org\/{rel}","templated":true}]}}