{"id":2993,"date":"2020-07-27T14:20:13","date_gmt":"2020-07-27T12:20:13","guid":{"rendered":"https:\/\/www.nilorn.com\/investerare\/aktien\/agarstruktur\/"},"modified":"2024-01-03T10:05:08","modified_gmt":"2024-01-03T09:05:08","slug":"agarstruktur","status":"publish","type":"page","link":"https:\/\/www.nilorn.com\/sv\/investerare\/aktien\/agarstruktur\/","title":{"rendered":"\u00c4garstruktur"},"content":{"rendered":"<p>[et_pb_section fb_built=&#8221;1&#8243; _builder_version=&#8221;4.23.1&#8243; _dynamic_attributes=&#8221;background_image&#8221; background_image=&#8221;@ET-DC@eyJkeW5hbWljIjp0cnVlLCJjb250ZW50IjoicG9zdF9mZWF0dXJlZF9pbWFnZSIsInNldHRpbmdzIjp7fX0=@&#8221; da_disable_devices=&#8221;off|off|off&#8221; global_colors_info=&#8221;{}&#8221; da_is_popup=&#8221;off&#8221; da_exit_intent=&#8221;off&#8221; da_has_close=&#8221;on&#8221; da_alt_close=&#8221;off&#8221; da_dark_close=&#8221;off&#8221; da_not_modal=&#8221;on&#8221; da_is_singular=&#8221;off&#8221; da_with_loader=&#8221;off&#8221; da_has_shadow=&#8221;on&#8221;][et_pb_row _builder_version=&#8221;4.16&#8243; global_colors_info=&#8221;{}&#8221;][et_pb_column type=&#8221;4_4&#8243; _builder_version=&#8221;4.16&#8243; global_colors_info=&#8221;{}&#8221;][et_pb_divider show_divider=&#8221;off&#8221; _builder_version=&#8221;4.16&#8243; min_height=&#8221;200px&#8221; min_height_tablet=&#8221;&#8221; min_height_phone=&#8221;100px&#8221; min_height_last_edited=&#8221;on|phone&#8221; height=&#8221;25vh&#8221; height_tablet=&#8221;&#8221; height_phone=&#8221;15vh&#8221; height_last_edited=&#8221;on|phone&#8221; global_colors_info=&#8221;{}&#8221;][\/et_pb_divider][\/et_pb_column][\/et_pb_row][\/et_pb_section][et_pb_section fb_built=&#8221;1&#8243; _builder_version=&#8221;4.16&#8243; da_disable_devices=&#8221;off|off|off&#8221; global_colors_info=&#8221;{}&#8221; da_is_popup=&#8221;off&#8221; da_exit_intent=&#8221;off&#8221; da_has_close=&#8221;on&#8221; da_alt_close=&#8221;off&#8221; da_dark_close=&#8221;off&#8221; da_not_modal=&#8221;on&#8221; da_is_singular=&#8221;off&#8221; da_with_loader=&#8221;off&#8221; da_has_shadow=&#8221;on&#8221;][et_pb_row _builder_version=&#8221;4.16&#8243; custom_padding=&#8221;50px||30px||false|false&#8221; animation_style=&#8221;fade&#8221; global_colors_info=&#8221;{}&#8221;][et_pb_column type=&#8221;4_4&#8243; _builder_version=&#8221;4.16&#8243; global_colors_info=&#8221;{}&#8221;][et_pb_text admin_label=&#8221;Header text&#8221; _builder_version=&#8221;4.16&#8243; _dynamic_attributes=&#8221;content&#8221; header_font=&#8221;|300|||||||&#8221; header_text_align=&#8221;center&#8221; text_orientation=&#8221;center&#8221; max_width_tablet=&#8221;&#8221; max_width_phone=&#8221;65%&#8221; max_width_last_edited=&#8221;on|phone&#8221; module_alignment=&#8221;center&#8221; global_colors_info=&#8221;{}&#8221;]@ET-DC@eyJkeW5hbWljIjp0cnVlLCJjb250ZW50IjoicG9zdF90aXRsZSIsInNldHRpbmdzIjp7ImJlZm9yZSI6IjxoMT4iLCJhZnRlciI6IjxcL2gxPiJ9fQ==@[\/et_pb_text][\/et_pb_column][\/et_pb_row][et_pb_row _builder_version=&#8221;4.16&#8243; module_alignment=&#8221;center&#8221; animation_style=&#8221;fade&#8221; global_colors_info=&#8221;{}&#8221;][et_pb_column type=&#8221;4_4&#8243; _builder_version=&#8221;4.16&#8243; global_colors_info=&#8221;{}&#8221;][et_pb_text admin_label=&#8221;Shareholder distribution header&#8221; _builder_version=&#8221;4.16&#8243; _module_preset=&#8221;default&#8221; header_2_font=&#8221;|300|||||||&#8221; header_2_font_size=&#8221;24px&#8221; global_colors_info=&#8221;{}&#8221;]<\/p>\n<h2>Storleksklasser Aktie\u00e4garna<\/h2>\n<p>[\/et_pb_text][et_pb_text disabled_on=&#8221;off|off|on&#8221; admin_label=&#8221;Shareholder distribution swipe notification&#8221; _builder_version=&#8221;4.16&#8243; _module_preset=&#8221;default&#8221; header_2_font=&#8221;|300|||||||&#8221; header_2_font_size=&#8221;24px&#8221; custom_margin=&#8221;0px||||false|false&#8221; custom_padding=&#8221;0px||||false|false&#8221; global_colors_info=&#8221;{}&#8221;]<\/p>\n<p><em>Svep h\u00f6ger och v\u00e4nster p\u00e5 tabellen f\u00f6r att se fullst\u00e4ndig data<\/em><\/p>\n<p>[\/et_pb_text][et_pb_text admin_label=&#8221;Shareholder distribution table&#8221; module_class=&#8221;shareholder-distribution&#8221; _builder_version=&#8221;4.16&#8243; _module_preset=&#8221;default&#8221; header_2_font=&#8221;|300|||||||&#8221; header_2_font_size=&#8221;24px&#8221; global_colors_info=&#8221;{}&#8221;]<\/p>\n<table>\n<tbody>\n<tr>\n<td style=\"width: 140px;\">\u00a0<\/td>\n<td style=\"text-align: right; width: 49px;\"><strong>Aktie\u00e4gare<\/strong><\/td>\n<td style=\"text-align: right; width: 102px;\"><strong>Antal A-aktier<\/strong><\/td>\n<td style=\"width: 90px; text-align: right;\"><strong>Antal aktier<\/strong><\/td>\n<td style=\"width: 104px; text-align: right;\"><strong>Kapital %<\/strong><\/td>\n<td style=\"width: 102px; text-align: right;\"><strong>R\u00f6ster %<\/strong><\/td>\n<\/tr>\n<tr>\n<td style=\"width: 140px;\"><strong>1 &#8211; 500<\/strong><\/td>\n<td style=\"text-align: right; width: 49px;\">3634<\/td>\n<td style=\"text-align: right; width: 102px;\">0<\/td>\n<td style=\"text-align: right; width: 90px;\">517 392<\/td>\n<td style=\"text-align: right; width: 104px;\">4,5<\/td>\n<td style=\"text-align: right; width: 102px;\">2,6<\/td>\n<\/tr>\n<tr>\n<td style=\"width: 140px;\"><strong>501 &#8211; 1 000<\/strong><\/td>\n<td style=\"text-align: right; width: 49px;\">510<\/td>\n<td style=\"text-align: right; width: 102px;\">0<\/td>\n<td style=\"text-align: right; width: 90px;\">407 258<\/td>\n<td style=\"text-align: right; width: 104px;\">3,6<\/td>\n<td style=\"text-align: right; width: 102px;\">2,0<\/td>\n<\/tr>\n<tr>\n<td style=\"width: 140px;\"><strong>1 001 &#8211; 5 000<\/strong><\/td>\n<td style=\"text-align: right; width: 49px;\">416<\/td>\n<td style=\"text-align: right; width: 102px;\">0<\/td>\n<td style=\"text-align: right; width: 90px;\">951 245<\/td>\n<td style=\"text-align: right; width: 104px;\">8,3<\/td>\n<td style=\"text-align: right; width: 102px;\">4,8<\/td>\n<\/tr>\n<tr>\n<td style=\"width: 140px;\"><strong>5 001 &#8211; 10 000<\/strong><\/td>\n<td style=\"text-align: right; width: 49px;\">68<\/td>\n<td style=\"text-align: right; width: 102px;\">0<\/td>\n<td style=\"text-align: right; width: 90px;\">512 658<\/td>\n<td style=\"text-align: right; width: 104px;\">4,5<\/td>\n<td style=\"text-align: right; width: 102px;\">2,6<\/td>\n<\/tr>\n<tr>\n<td style=\"width: 140px;\"><strong>10 001 &#8211; 15 000<\/strong><\/td>\n<td style=\"text-align: right; width: 49px;\">12<\/td>\n<td style=\"text-align: right; width: 102px;\">0<\/td>\n<td style=\"text-align: right; width: 90px;\">146 185<\/td>\n<td style=\"text-align: right; width: 104px;\">1,3<\/td>\n<td style=\"text-align: right; width: 102px;\">0,7<\/td>\n<\/tr>\n<tr>\n<td style=\"width: 140px;\"><strong>15 001 &#8211; 20 000<\/strong><\/td>\n<td style=\"text-align: right; width: 49px;\">11<\/td>\n<td style=\"text-align: right; width: 102px;\">0<\/td>\n<td style=\"text-align: right; width: 90px;\">200 200<\/td>\n<td style=\"text-align: right; width: 104px;\">1,8<\/td>\n<td style=\"text-align: right; width: 102px;\">1,0<\/td>\n<\/tr>\n<tr>\n<td style=\"width: 140px;\"><strong>20 001 &#8211;<\/strong><\/td>\n<td style=\"text-align: right; width: 49px;\">48<\/td>\n<td style=\"text-align: right; width: 102px;\">960 000<\/td>\n<td style=\"text-align: right; width: 90px;\">7 707 050<\/td>\n<td style=\"text-align: right; width: 104px;\">76,0<\/td>\n<td style=\"text-align: right; width: 102px;\">86,4<\/td>\n<\/tr>\n<tr>\n<td style=\"width: 140px;\"><strong>Differens<\/strong><\/td>\n<td style=\"text-align: right; width: 49px;\">0<\/td>\n<td style=\"text-align: right; width: 102px;\">\u00a0<\/td>\n<td style=\"text-align: right; width: 90px;\">\u00a0<\/td>\n<td style=\"text-align: right; width: 104px;\">\u00a0<\/td>\n<td style=\"text-align: right; width: 102px;\">\u00a0<\/td>\n<\/tr>\n<tr>\n<td style=\"width: 140px;\"><strong>Total<\/strong><\/td>\n<td style=\"text-align: right; width: 49px;\">4 699<\/td>\n<td style=\"text-align: right; width: 102px;\">960 000<\/td>\n<td style=\"text-align: right; width: 90px;\">10 441 988<\/td>\n<td style=\"text-align: right; width: 104px;\">100<\/td>\n<td style=\"text-align: right; width: 102px;\">100<\/td>\n<\/tr>\n<\/tbody>\n<\/table>\n<p>[\/et_pb_text][\/et_pb_column][\/et_pb_row][et_pb_row _builder_version=&#8221;4.16&#8243; module_alignment=&#8221;center&#8221; animation_style=&#8221;fade&#8221; global_colors_info=&#8221;{}&#8221;][et_pb_column type=&#8221;4_4&#8243; _builder_version=&#8221;4.16&#8243; global_colors_info=&#8221;{}&#8221;][et_pb_text admin_label=&#8221;Geographical distribution header&#8221; _builder_version=&#8221;4.16&#8243; _module_preset=&#8221;default&#8221; header_2_font=&#8221;|300|||||||&#8221; header_2_font_size=&#8221;24px&#8221; global_colors_info=&#8221;{}&#8221;]<\/p>\n<h2>Geografisk f\u00f6rdelning<\/h2>\n<p>[\/et_pb_text][et_pb_text disabled_on=&#8221;off|off|on&#8221; admin_label=&#8221;Shareholder distribution swipe notification&#8221; _builder_version=&#8221;4.16&#8243; _module_preset=&#8221;default&#8221; header_2_font=&#8221;|300|||||||&#8221; header_2_font_size=&#8221;24px&#8221; custom_margin=&#8221;0px||||false|false&#8221; custom_padding=&#8221;0px||||false|false&#8221; global_colors_info=&#8221;{}&#8221;]<\/p>\n<p><em>Svep h\u00f6ger och v\u00e4nster p\u00e5 tabellen f\u00f6r att se fullst\u00e4ndig data<\/em><\/p>\n<p>[\/et_pb_text][et_pb_text admin_label=&#8221;Geographical distribution table&#8221; module_class=&#8221;geographical-distribution&#8221; _builder_version=&#8221;4.16&#8243; _module_preset=&#8221;default&#8221; header_2_font=&#8221;|300|||||||&#8221; header_2_font_size=&#8221;24px&#8221; global_colors_info=&#8221;{}&#8221;]<\/p>\n<table>\n<tbody>\n<tr>\n<td style=\"width: 140px;\">\u00a0<\/td>\n<td style=\"text-align: right; width: 49px;\"><strong>Aktie\u00e4gare<\/strong><\/td>\n<td style=\"text-align: right; width: 102px;\"><strong>Antal A-aktier<\/strong><\/td>\n<td style=\"width: 90px; text-align: right;\"><strong>Antal aktier<\/strong><\/td>\n<td style=\"width: 104px; text-align: right;\"><strong>Kapital %<\/strong><\/td>\n<td style=\"width: 102px; text-align: right;\"><strong>R\u00f6ster %<\/strong><\/td>\n<\/tr>\n<tr>\n<td style=\"width: 140px;\"><strong>Sweden<\/strong><\/td>\n<td style=\"text-align: right; width: 49px;\">4 520<\/td>\n<td style=\"text-align: right; width: 102px;\">960 000<\/td>\n<td style=\"text-align: right; width: 90px;\">6 761 596<\/td>\n<td style=\"text-align: right; width: 104px;\">67,7<\/td>\n<td style=\"text-align: right; width: 102px;\">81,6<\/td>\n<\/tr>\n<tr>\n<td style=\"width: 140px;\"><strong>United Kingdom<\/strong><\/td>\n<td style=\"text-align: right; width: 49px;\">18<\/td>\n<td style=\"text-align: right; width: 102px;\">0<\/td>\n<td style=\"text-align: right; width: 90px;\">991 318<\/td>\n<td style=\"text-align: right; width: 104px;\">8,7<\/td>\n<td style=\"text-align: right; width: 102px;\">5,0<\/td>\n<\/tr>\n<tr>\n<td style=\"width: 140px;\"><strong>USA<\/strong><\/td>\n<td style=\"text-align: right; width: 49px;\">8<\/td>\n<td style=\"text-align: right; width: 102px;\">0<\/td>\n<td style=\"text-align: right; width: 90px;\">886 392<\/td>\n<td style=\"text-align: right; width: 104px;\">7,8<\/td>\n<td style=\"text-align: right; width: 102px;\">4,4<\/td>\n<\/tr>\n<tr>\n<td style=\"width: 140px;\"><strong>Luxembourg<\/strong><\/td>\n<td style=\"text-align: right; width: 49px;\">3<\/td>\n<td style=\"text-align: right; width: 102px;\">0<\/td>\n<td style=\"text-align: right; width: 90px;\">457 660<\/td>\n<td style=\"text-align: right; width: 104px;\">4,0<\/td>\n<td style=\"text-align: right; width: 102px;\">2,3<\/td>\n<\/tr>\n<tr>\n<td style=\"width: 140px;\"><strong>Switzerland<\/strong><\/td>\n<td style=\"text-align: right; width: 49px;\">13<\/td>\n<td style=\"text-align: right; width: 102px;\">0<\/td>\n<td style=\"text-align: right; width: 90px;\">368 622<\/td>\n<td style=\"text-align: right; width: 104px;\">3,2<\/td>\n<td style=\"text-align: right; width: 102px;\">1,8<\/td>\n<\/tr>\n<tr>\n<td style=\"width: 140px;\"><strong>Summa f\u00f6r de 5 st\u00f6rsta \u00e4garl\u00e4nderna<\/strong><\/td>\n<td style=\"text-align: right; width: 49px;\">4 562<\/td>\n<td style=\"text-align: right; width: 102px;\">960 000<\/td>\n<td style=\"text-align: right; width: 90px;\">9 465 588<\/td>\n<td style=\"text-align: right; width: 104px;\">91,4<\/td>\n<td style=\"text-align: right; width: 102px;\">95,1<\/td>\n<\/tr>\n<tr>\n<td style=\"width: 140px;\"><strong>Summa \u00f6vriga<\/strong><\/td>\n<td style=\"text-align: right; width: 49px;\">137<\/td>\n<td style=\"text-align: right; width: 102px;\">0<\/td>\n<td style=\"text-align: right; width: 90px;\">976 400<\/td>\n<td style=\"text-align: right; width: 104px;\">8,6<\/td>\n<td style=\"text-align: right; width: 102px;\">4,9<\/td>\n<\/tr>\n<tr>\n<td style=\"width: 140px;\"><strong>Total<\/strong><\/td>\n<td style=\"text-align: right; width: 49px;\">4 699<\/td>\n<td style=\"text-align: right; width: 102px;\">960 000<\/td>\n<td style=\"text-align: right; width: 90px;\">10 441 988<\/td>\n<td style=\"text-align: right; width: 104px;\">100<\/td>\n<td style=\"text-align: right; width: 102px;\">100<\/td>\n<\/tr>\n<\/tbody>\n<\/table>\n<p>[\/et_pb_text][\/et_pb_column][\/et_pb_row][et_pb_row _builder_version=&#8221;4.16&#8243; module_alignment=&#8221;center&#8221; animation_style=&#8221;fade&#8221; global_colors_info=&#8221;{}&#8221;][et_pb_column type=&#8221;4_4&#8243; _builder_version=&#8221;4.16&#8243; global_colors_info=&#8221;{}&#8221;][et_pb_text admin_label=&#8221;Source and date&#8221; module_class=&#8221;shareholder-distribution&#8221; _builder_version=&#8221;4.16&#8243; _module_preset=&#8221;default&#8221; global_colors_info=&#8221;{}&#8221;]<\/p>\n<p>K\u00e4lla: Euroclear AB per 2020-06-30<\/p>\n<p>[\/et_pb_text][\/et_pb_column][\/et_pb_row][\/et_pb_section]<\/p>\n","protected":false},"excerpt":{"rendered":"<p>Storleksklasser Aktie\u00e4garnaSvep h\u00f6ger och v\u00e4nster p\u00e5 tabellen f\u00f6r att se fullst\u00e4ndig data \u00a0 Aktie\u00e4gare Antal A-aktier Antal aktier Kapital % R\u00f6ster % 1 &#8211; 500 3634 0 517 392 4,5 2,6 501 &#8211; 1 000 510 0 407 258 3,6 2,0 1 001 &#8211; 5 000 416 0 951 245 8,3 4,8 5 001 &#8211; [&hellip;]<\/p>\n","protected":false},"author":1,"featured_media":11830,"parent":2981,"menu_order":0,"comment_status":"closed","ping_status":"closed","template":"","meta":{"_et_pb_use_builder":"on","_et_pb_old_content":"","_et_gb_content_width":"","footnotes":""},"class_list":["post-2993","page","type-page","status-publish","has-post-thumbnail","hentry"],"_links":{"self":[{"href":"https:\/\/www.nilorn.com\/sv\/wp-json\/wp\/v2\/pages\/2993","targetHints":{"allow":["GET"]}}],"collection":[{"href":"https:\/\/www.nilorn.com\/sv\/wp-json\/wp\/v2\/pages"}],"about":[{"href":"https:\/\/www.nilorn.com\/sv\/wp-json\/wp\/v2\/types\/page"}],"author":[{"embeddable":true,"href":"https:\/\/www.nilorn.com\/sv\/wp-json\/wp\/v2\/users\/1"}],"replies":[{"embeddable":true,"href":"https:\/\/www.nilorn.com\/sv\/wp-json\/wp\/v2\/comments?post=2993"}],"version-history":[{"count":5,"href":"https:\/\/www.nilorn.com\/sv\/wp-json\/wp\/v2\/pages\/2993\/revisions"}],"predecessor-version":[{"id":11954,"href":"https:\/\/www.nilorn.com\/sv\/wp-json\/wp\/v2\/pages\/2993\/revisions\/11954"}],"up":[{"embeddable":true,"href":"https:\/\/www.nilorn.com\/sv\/wp-json\/wp\/v2\/pages\/2981"}],"wp:featuredmedia":[{"embeddable":true,"href":"https:\/\/www.nilorn.com\/sv\/wp-json\/wp\/v2\/media\/11830"}],"wp:attachment":[{"href":"https:\/\/www.nilorn.com\/sv\/wp-json\/wp\/v2\/media?parent=2993"}],"curies":[{"name":"wp","href":"https:\/\/api.w.org\/{rel}","templated":true}]}}