{"id":2996,"date":"2020-07-27T14:27:10","date_gmt":"2020-07-27T12:27:10","guid":{"rendered":"https:\/\/www.nilorn.com\/investerare\/aktien\/aktiekapital\/"},"modified":"2024-01-03T10:06:20","modified_gmt":"2024-01-03T09:06:20","slug":"aktiekapital","status":"publish","type":"page","link":"https:\/\/www.nilorn.com\/sv\/investerare\/aktien\/aktiekapital\/","title":{"rendered":"Aktiekapital"},"content":{"rendered":"<p>[et_pb_section fb_built=&#8221;1&#8243; _builder_version=&#8221;4.23.1&#8243; _dynamic_attributes=&#8221;background_image&#8221; background_image=&#8221;@ET-DC@eyJkeW5hbWljIjp0cnVlLCJjb250ZW50IjoicG9zdF9mZWF0dXJlZF9pbWFnZSIsInNldHRpbmdzIjp7fX0=@&#8221; da_disable_devices=&#8221;off|off|off&#8221; global_colors_info=&#8221;{}&#8221; da_is_popup=&#8221;off&#8221; da_exit_intent=&#8221;off&#8221; da_has_close=&#8221;on&#8221; da_alt_close=&#8221;off&#8221; da_dark_close=&#8221;off&#8221; da_not_modal=&#8221;on&#8221; da_is_singular=&#8221;off&#8221; da_with_loader=&#8221;off&#8221; da_has_shadow=&#8221;on&#8221;][et_pb_row _builder_version=&#8221;4.16&#8243; global_colors_info=&#8221;{}&#8221;][et_pb_column type=&#8221;4_4&#8243; _builder_version=&#8221;4.16&#8243; global_colors_info=&#8221;{}&#8221;][et_pb_divider show_divider=&#8221;off&#8221; _builder_version=&#8221;4.16&#8243; min_height=&#8221;200px&#8221; min_height_tablet=&#8221;&#8221; min_height_phone=&#8221;100px&#8221; min_height_last_edited=&#8221;on|phone&#8221; height=&#8221;25vh&#8221; height_tablet=&#8221;&#8221; height_phone=&#8221;15vh&#8221; height_last_edited=&#8221;on|phone&#8221; global_colors_info=&#8221;{}&#8221;][\/et_pb_divider][\/et_pb_column][\/et_pb_row][\/et_pb_section][et_pb_section fb_built=&#8221;1&#8243; _builder_version=&#8221;4.16&#8243; da_disable_devices=&#8221;off|off|off&#8221; global_colors_info=&#8221;{}&#8221; da_is_popup=&#8221;off&#8221; da_exit_intent=&#8221;off&#8221; da_has_close=&#8221;on&#8221; da_alt_close=&#8221;off&#8221; da_dark_close=&#8221;off&#8221; da_not_modal=&#8221;on&#8221; da_is_singular=&#8221;off&#8221; da_with_loader=&#8221;off&#8221; da_has_shadow=&#8221;on&#8221;][et_pb_row _builder_version=&#8221;4.16&#8243; custom_padding=&#8221;50px||30px||false|false&#8221; animation_style=&#8221;fade&#8221; global_colors_info=&#8221;{}&#8221;][et_pb_column type=&#8221;4_4&#8243; _builder_version=&#8221;4.16&#8243; global_colors_info=&#8221;{}&#8221;][et_pb_text admin_label=&#8221;Header text&#8221; _builder_version=&#8221;4.16&#8243; _dynamic_attributes=&#8221;content&#8221; header_font=&#8221;|300|||||||&#8221; header_text_align=&#8221;center&#8221; text_orientation=&#8221;center&#8221; max_width_phone=&#8221;65%&#8221; max_width_last_edited=&#8221;off|phone&#8221; module_alignment=&#8221;center&#8221; global_colors_info=&#8221;{}&#8221;]@ET-DC@eyJkeW5hbWljIjp0cnVlLCJjb250ZW50IjoicG9zdF90aXRsZSIsInNldHRpbmdzIjp7ImJlZm9yZSI6IjxoMT4iLCJhZnRlciI6IjxcL2gxPiJ9fQ==@[\/et_pb_text][\/et_pb_column][\/et_pb_row][et_pb_row _builder_version=&#8221;4.16&#8243; module_alignment=&#8221;center&#8221; animation_style=&#8221;fade&#8221; locked=&#8221;off&#8221; global_colors_info=&#8221;{}&#8221;][et_pb_column type=&#8221;4_4&#8243; _builder_version=&#8221;4.16&#8243; global_colors_info=&#8221;{}&#8221;][et_pb_text admin_label=&#8221;Share capital subheader&#8221; _builder_version=&#8221;4.16&#8243; _module_preset=&#8221;default&#8221; header_2_font=&#8221;|300|||||||&#8221; header_2_font_size=&#8221;24px&#8221; global_colors_info=&#8221;{}&#8221;]<\/p>\n<h2>Aktiekapitalets utveckling sedan 2012<\/h2>\n<p>[\/et_pb_text][et_pb_text disabled_on=&#8221;off|off|on&#8221; admin_label=&#8221;Share capital swipe notification&#8221; _builder_version=&#8221;4.16&#8243; _module_preset=&#8221;default&#8221; header_2_font=&#8221;|300|||||||&#8221; header_2_font_size=&#8221;24px&#8221; custom_margin=&#8221;0px||||false|false&#8221; custom_padding=&#8221;0px||||false|false&#8221; global_colors_info=&#8221;{}&#8221;]<\/p>\n<p><em>Svep v\u00e4nster och h\u00f6ger i tabellen f\u00f6r att se fullst\u00e4ndig data<\/em><\/p>\n<p>[\/et_pb_text][et_pb_text admin_label=&#8221;Share capital table&#8221; module_class=&#8221;share-capital&#8221; _builder_version=&#8221;4.16&#8243; _module_preset=&#8221;default&#8221; header_2_font=&#8221;|300|||||||&#8221; header_2_font_size=&#8221;24px&#8221; global_colors_info=&#8221;{}&#8221;]<\/p>\n<table>\n<tbody>\n<tr>\n<td style=\"width: 140px;\">\u00a0<\/td>\n<td style=\"text-align: right; width: 49px;\">\u00a0<\/td>\n<td style=\"text-align: center;\" colspan=\"2\"><strong>Antal aktier<\/strong><\/td>\n<td style=\"text-align: center;\" colspan=\"2\"><strong>Aktiekapital<\/strong><\/td>\n<td style=\"width: 102px; text-align: right;\">\u00a0<\/td>\n<\/tr>\n<tr>\n<td style=\"width: 140px;\"><strong>\u00c5r<\/strong><\/td>\n<td style=\"width: 49px; text-align: left;\"><strong>H\u00e4ndelse<\/strong><\/td>\n<td style=\"text-align: right; width: 102px;\"><strong>F\u00f6r\u00e4ndring<\/strong><\/td>\n<td style=\"text-align: right; width: 90px;\"><strong>Totalt<\/strong><\/td>\n<td style=\"text-align: right; width: 104px;\"><strong>F\u00f6r\u00e4ndring<\/strong><\/td>\n<td style=\"text-align: right; width: 102px;\"><strong>Totalt<\/strong><\/td>\n<td style=\"text-align: right; width: 102px;\"><strong>Kvotv\u00e4rde<\/strong><\/td>\n<\/tr>\n<tr>\n<td style=\"width: 140px;\"><strong>2012<\/strong><\/td>\n<td style=\"width: 49px; text-align: left;\">Minskning av aktiekapital<\/td>\n<td style=\"text-align: right; width: 102px;\">&#8211;<\/td>\n<td style=\"text-align: right; width: 90px;\">2 640 497<\/td>\n<td style=\"text-align: right; width: 104px;\">-23 764 473<\/td>\n<td style=\"text-align: right; width: 102px;\">2 640 497<\/td>\n<td style=\"text-align: right; width: 102px;\">1.00<\/td>\n<\/tr>\n<tr>\n<td style=\"width: 140px;\"><strong>2012<\/strong><\/td>\n<td style=\"width: 49px; text-align: left;\">Nyemission<\/td>\n<td style=\"text-align: right; width: 102px;\">210 000<\/td>\n<td style=\"text-align: right; width: 90px;\">2 850 497<\/td>\n<td style=\"text-align: right; width: 104px;\">210 000<\/td>\n<td style=\"text-align: right; width: 102px;\">2 850 497<\/td>\n<td style=\"text-align: right; width: 102px;\">1.00<\/td>\n<\/tr>\n<tr>\n<td style=\"width: 140px;\"><strong>2015<\/strong><\/td>\n<td style=\"width: 49px; text-align: left;\">Split 4:1<\/td>\n<td style=\"text-align: right; width: 102px;\">8 551 491<\/td>\n<td style=\"text-align: right; width: 90px;\">11 401 988<\/td>\n<td style=\"text-align: right; width: 104px;\">&#8211;<\/td>\n<td style=\"text-align: right; width: 102px;\">2 850 497<\/td>\n<td style=\"text-align: right; width: 102px;\">0.25<\/td>\n<\/tr>\n<\/tbody>\n<\/table>\n<p>[\/et_pb_text][\/et_pb_column][\/et_pb_row][\/et_pb_section]<\/p>\n","protected":false},"excerpt":{"rendered":"<p>Aktiekapitalets utveckling sedan 2012Svep v\u00e4nster och h\u00f6ger i tabellen f\u00f6r att se fullst\u00e4ndig data \u00a0 \u00a0 Antal aktier Aktiekapital \u00a0 \u00c5r H\u00e4ndelse F\u00f6r\u00e4ndring Totalt F\u00f6r\u00e4ndring Totalt Kvotv\u00e4rde 2012 Minskning av aktiekapital &#8211; 2 640 497 -23 764 473 2 640 497 1.00 2012 Nyemission 210 000 2 850 497 210 000 2 850 497 1.00 [&hellip;]<\/p>\n","protected":false},"author":1,"featured_media":11830,"parent":2981,"menu_order":0,"comment_status":"closed","ping_status":"closed","template":"","meta":{"_et_pb_use_builder":"on","_et_pb_old_content":"","_et_gb_content_width":"","footnotes":""},"class_list":["post-2996","page","type-page","status-publish","has-post-thumbnail","hentry"],"_links":{"self":[{"href":"https:\/\/www.nilorn.com\/sv\/wp-json\/wp\/v2\/pages\/2996","targetHints":{"allow":["GET"]}}],"collection":[{"href":"https:\/\/www.nilorn.com\/sv\/wp-json\/wp\/v2\/pages"}],"about":[{"href":"https:\/\/www.nilorn.com\/sv\/wp-json\/wp\/v2\/types\/page"}],"author":[{"embeddable":true,"href":"https:\/\/www.nilorn.com\/sv\/wp-json\/wp\/v2\/users\/1"}],"replies":[{"embeddable":true,"href":"https:\/\/www.nilorn.com\/sv\/wp-json\/wp\/v2\/comments?post=2996"}],"version-history":[{"count":9,"href":"https:\/\/www.nilorn.com\/sv\/wp-json\/wp\/v2\/pages\/2996\/revisions"}],"predecessor-version":[{"id":11956,"href":"https:\/\/www.nilorn.com\/sv\/wp-json\/wp\/v2\/pages\/2996\/revisions\/11956"}],"up":[{"embeddable":true,"href":"https:\/\/www.nilorn.com\/sv\/wp-json\/wp\/v2\/pages\/2981"}],"wp:featuredmedia":[{"embeddable":true,"href":"https:\/\/www.nilorn.com\/sv\/wp-json\/wp\/v2\/media\/11830"}],"wp:attachment":[{"href":"https:\/\/www.nilorn.com\/sv\/wp-json\/wp\/v2\/media?parent=2996"}],"curies":[{"name":"wp","href":"https:\/\/api.w.org\/{rel}","templated":true}]}}