{"id":3029,"date":"2020-08-04T11:17:25","date_gmt":"2020-08-04T09:17:25","guid":{"rendered":"https:\/\/www.nilorn.com\/vara-produkter\/"},"modified":"2025-06-23T18:43:54","modified_gmt":"2025-06-23T16:43:54","slug":"produkter","status":"publish","type":"page","link":"https:\/\/www.nilorn.com\/sv\/produkter\/","title":{"rendered":"V\u00e5ra produkter"},"content":{"rendered":"<p>[et_pb_section fb_built=&#8221;1&#8243; _builder_version=&#8221;4.16&#8243; _dynamic_attributes=&#8221;background_image&#8221; background_image=&#8221;@ET-DC@eyJkeW5hbWljIjp0cnVlLCJjb250ZW50IjoicG9zdF9mZWF0dXJlZF9pbWFnZSIsInNldHRpbmdzIjp7fX0=@&#8221; da_disable_devices=&#8221;off|off|off&#8221; global_colors_info=&#8221;{}&#8221; da_is_popup=&#8221;off&#8221; da_exit_intent=&#8221;off&#8221; da_has_close=&#8221;on&#8221; da_alt_close=&#8221;off&#8221; da_dark_close=&#8221;off&#8221; da_not_modal=&#8221;on&#8221; da_is_singular=&#8221;off&#8221; da_with_loader=&#8221;off&#8221; da_has_shadow=&#8221;on&#8221;][et_pb_row _builder_version=&#8221;4.16&#8243; global_colors_info=&#8221;{}&#8221;][et_pb_column type=&#8221;4_4&#8243; _builder_version=&#8221;4.16&#8243; global_colors_info=&#8221;{}&#8221;][et_pb_divider show_divider=&#8221;off&#8221; _builder_version=&#8221;4.4.7&#8243; min_height=&#8221;200px&#8221; min_height_tablet=&#8221;&#8221; min_height_phone=&#8221;100px&#8221; min_height_last_edited=&#8221;on|phone&#8221; height=&#8221;25vh&#8221; height_tablet=&#8221;&#8221; height_phone=&#8221;15vh&#8221; height_last_edited=&#8221;on|phone&#8221;][\/et_pb_divider][\/et_pb_column][\/et_pb_row][\/et_pb_section][et_pb_section fb_built=&#8221;1&#8243; _builder_version=&#8221;4.16&#8243; da_disable_devices=&#8221;off|off|off&#8221; global_colors_info=&#8221;{}&#8221; da_is_popup=&#8221;off&#8221; da_exit_intent=&#8221;off&#8221; da_has_close=&#8221;on&#8221; da_alt_close=&#8221;off&#8221; da_dark_close=&#8221;off&#8221; da_not_modal=&#8221;on&#8221; da_is_singular=&#8221;off&#8221; da_with_loader=&#8221;off&#8221; da_has_shadow=&#8221;on&#8221;][et_pb_row custom_padding_last_edited=&#8221;on|phone&#8221; _builder_version=&#8221;4.16&#8243; custom_padding=&#8221;50px||30px||false|false&#8221; custom_padding_tablet=&#8221;&#8221; custom_padding_phone=&#8221;0px||0px||false|false&#8221; animation_style=&#8221;fade&#8221; global_colors_info=&#8221;{}&#8221;][et_pb_column type=&#8221;4_4&#8243; _builder_version=&#8221;4.16&#8243; global_colors_info=&#8221;{}&#8221;][et_pb_text admin_label=&#8221;Header text&#8221; _builder_version=&#8221;4.16&#8243; _dynamic_attributes=&#8221;content&#8221; header_font=&#8221;|300|||||||&#8221; header_text_align=&#8221;center&#8221; text_orientation=&#8221;center&#8221; global_colors_info=&#8221;{}&#8221;]@ET-DC@eyJkeW5hbWljIjp0cnVlLCJjb250ZW50IjoicG9zdF90aXRsZSIsInNldHRpbmdzIjp7ImJlZm9yZSI6IjxoMT4iLCJhZnRlciI6IjxcL2gxPiJ9fQ==@[\/et_pb_text][\/et_pb_column][\/et_pb_row][et_pb_row _builder_version=&#8221;4.16&#8243; max_width=&#8221;800px&#8221; animation_style=&#8221;fade&#8221; global_colors_info=&#8221;{}&#8221;][et_pb_column type=&#8221;4_4&#8243; _builder_version=&#8221;4.16&#8243; global_colors_info=&#8221;{}&#8221;][et_pb_text _builder_version=&#8221;4.16&#8243; text_line_height=&#8221;2.3em&#8221; text_orientation=&#8221;center&#8221; text_line_height_tablet=&#8221;&#8221; text_line_height_phone=&#8221;2em&#8221; text_line_height_last_edited=&#8221;on|phone&#8221; global_colors_info=&#8221;{}&#8221;]<\/p>\n<p>Attraktiv etikettering, hangtags som f\u00f6rmedlar en unik k\u00e4nsla och f\u00f6rpackningar med exklusiv framtoning \u2013 hos oss \u00e4r det mesta m\u00f6jligt. Vi designar och producerar skr\u00e4ddarsydda etiketter, hangtags, f\u00f6rpackningar och informationsetiketter efter dina specifika \u00f6nskem\u00e5l. Med v\u00e5r l\u00e5nga erfarenhet, innovativa designstudio och kompletta maskinpark ger vi dig perfekta f\u00f6ruts\u00e4ttningar att ta ditt varum\u00e4rke till n\u00e4sta niv\u00e5.<\/p>\n<p>[\/et_pb_text][\/et_pb_column][\/et_pb_row][\/et_pb_section][et_pb_section fb_built=&#8221;1&#8243; _builder_version=&#8221;4.16&#8243; _module_preset=&#8221;default&#8221; da_disable_devices=&#8221;off|off|off&#8221; global_colors_info=&#8221;{}&#8221; da_is_popup=&#8221;off&#8221; da_exit_intent=&#8221;off&#8221; da_has_close=&#8221;on&#8221; da_alt_close=&#8221;off&#8221; da_dark_close=&#8221;off&#8221; da_not_modal=&#8221;on&#8221; da_is_singular=&#8221;off&#8221; da_with_loader=&#8221;off&#8221; da_has_shadow=&#8221;on&#8221;][et_pb_row column_structure=&#8221;1_3,1_3,1_3&#8243; _builder_version=&#8221;4.16&#8243; _module_preset=&#8221;default&#8221; global_colors_info=&#8221;{}&#8221;][et_pb_column type=&#8221;1_3&#8243; _builder_version=&#8221;4.16&#8243; _module_preset=&#8221;default&#8221; global_colors_info=&#8221;{}&#8221;][et_pb_image src=&#8221;https:\/\/www.nilorn.com\/wp-content\/uploads\/2023\/12\/trims-image-front-2.jpg&#8221; title_text=&#8221;trims-image-front&#8221; url=&#8221;@ET-DC@eyJkeW5hbWljIjp0cnVlLCJjb250ZW50IjoicG9zdF9saW5rX3VybF9wYWdlIiwic2V0dGluZ3MiOnsicG9zdF9pZCI6IjExOTYifX0=@&#8221; align=&#8221;center&#8221; show_bottom_space_tablet=&#8221;&#8221; show_bottom_space_phone=&#8221;off&#8221; show_bottom_space_last_edited=&#8221;on|phone&#8221; _builder_version=&#8221;4.23.1&#8243; _dynamic_attributes=&#8221;url&#8221; _module_preset=&#8221;default&#8221; global_colors_info=&#8221;{}&#8221;][\/et_pb_image][et_pb_text module_class=&#8221;rightArrowLink&#8221; _builder_version=&#8221;4.27.4&#8243; _dynamic_attributes=&#8221;link_option_url&#8221; _module_preset=&#8221;default&#8221; header_4_font=&#8221;|300||on|||||&#8221; header_4_text_align=&#8221;center&#8221; header_4_font_size=&#8221;20px&#8221; custom_padding_tablet=&#8221;&#8221; custom_padding_phone=&#8221;0.5rem||||false|false&#8221; custom_padding_last_edited=&#8221;on|phone&#8221; link_option_url=&#8221;@ET-DC@eyJkeW5hbWljIjp0cnVlLCJjb250ZW50IjoicG9zdF9saW5rX3VybF9wYWdlIiwic2V0dGluZ3MiOnsicG9zdF9pZCI6IjExOTYifX0=@&#8221; hover_enabled=&#8221;0&#8243; custom_css_free_form=&#8221;||.rightArrowLink div.et_pb_text_inner {||  \tdisplay: flex;||  \tjustify-content: space-between;||}||.rightArrowLink div.et_pb_text_inner::after {||    content: &#8217;%92f178&#8217;;||    font-family: &#8217;FONT AWESOME 5 PRO&#8217;;||    font-size: 32px;||    color: #1ABFD7;||}&#8221; global_colors_info=&#8221;{}&#8221; header_3_text_color__hover_enabled=&#8221;on|hover&#8221; header_3_text_color__hover=&#8221;#1ABFD7&#8243; sticky_enabled=&#8221;0&#8243;]<\/p>\n<h2>Etiketter<\/h2>\n<p>[\/et_pb_text][\/et_pb_column][et_pb_column type=&#8221;1_3&#8243; _builder_version=&#8221;4.16&#8243; _module_preset=&#8221;default&#8221; global_colors_info=&#8221;{}&#8221;][et_pb_image src=&#8221;https:\/\/www.nilorn.com\/wp-content\/uploads\/2023\/12\/packaging-image-front-2.jpg&#8221; title_text=&#8221;packaging-image-front&#8221; url=&#8221;@ET-DC@eyJkeW5hbWljIjp0cnVlLCJjb250ZW50IjoicG9zdF9saW5rX3VybF9wYWdlIiwic2V0dGluZ3MiOnsicG9zdF9pZCI6IjEyMjcifX0=@&#8221; align=&#8221;center&#8221; show_bottom_space_tablet=&#8221;&#8221; show_bottom_space_phone=&#8221;off&#8221; show_bottom_space_last_edited=&#8221;on|phone&#8221; _builder_version=&#8221;4.23.1&#8243; _dynamic_attributes=&#8221;url&#8221; _module_preset=&#8221;default&#8221; global_colors_info=&#8221;{}&#8221;][\/et_pb_image][et_pb_text module_class=&#8221;rightArrowLink&#8221; _builder_version=&#8221;4.27.4&#8243; _dynamic_attributes=&#8221;link_option_url&#8221; _module_preset=&#8221;default&#8221; header_4_font=&#8221;|300||on|||||&#8221; header_4_text_align=&#8221;center&#8221; header_4_font_size=&#8221;20px&#8221; custom_padding_tablet=&#8221;&#8221; custom_padding_phone=&#8221;0.5rem||||false|false&#8221; custom_padding_last_edited=&#8221;on|phone&#8221; link_option_url=&#8221;@ET-DC@eyJkeW5hbWljIjp0cnVlLCJjb250ZW50IjoicG9zdF9saW5rX3VybF9wYWdlIiwic2V0dGluZ3MiOnsicG9zdF9pZCI6IjEyMjcifX0=@&#8221; hover_enabled=&#8221;0&#8243; custom_css_free_form=&#8221;||.rightArrowLink div.et_pb_text_inner {||  \tdisplay: flex;||  \tjustify-content: space-between;||}||.rightArrowLink div.et_pb_text_inner::after {||    content: &#8217;%92f178&#8217;;||    font-family: &#8217;FONT AWESOME 5 PRO&#8217;;||    font-size: 32px;||    color: #1ABFD7;||}&#8221; global_colors_info=&#8221;{}&#8221; header_3_text_color__hover_enabled=&#8221;on|hover&#8221; header_3_text_color__hover=&#8221;#1ABFD7&#8243; sticky_enabled=&#8221;0&#8243;]<\/p>\n<h2>F\u00f6rpackningar<\/h2>\n<p>[\/et_pb_text][\/et_pb_column][et_pb_column type=&#8221;1_3&#8243; _builder_version=&#8221;4.16&#8243; _module_preset=&#8221;default&#8221; global_colors_info=&#8221;{}&#8221;][et_pb_image src=&#8221;https:\/\/www.nilorn.com\/wp-content\/uploads\/2023\/12\/information-labels-image-front-2.jpg&#8221; title_text=&#8221;information-labels-image-front&#8221; url=&#8221;@ET-DC@eyJkeW5hbWljIjp0cnVlLCJjb250ZW50IjoicG9zdF9saW5rX3VybF9wYWdlIiwic2V0dGluZ3MiOnsicG9zdF9pZCI6IjEyNDYifX0=@&#8221; align=&#8221;center&#8221; show_bottom_space_tablet=&#8221;&#8221; show_bottom_space_phone=&#8221;off&#8221; show_bottom_space_last_edited=&#8221;on|phone&#8221; _builder_version=&#8221;4.23.1&#8243; _dynamic_attributes=&#8221;url&#8221; _module_preset=&#8221;default&#8221; global_colors_info=&#8221;{}&#8221;][\/et_pb_image][et_pb_text module_class=&#8221;rightArrowLink&#8221; _builder_version=&#8221;4.27.4&#8243; _dynamic_attributes=&#8221;link_option_url&#8221; _module_preset=&#8221;default&#8221; header_4_font=&#8221;|300||on|||||&#8221; header_4_text_align=&#8221;center&#8221; header_4_font_size=&#8221;20px&#8221; custom_padding_tablet=&#8221;&#8221; custom_padding_phone=&#8221;0.5rem||||false|false&#8221; custom_padding_last_edited=&#8221;on|phone&#8221; link_option_url=&#8221;@ET-DC@eyJkeW5hbWljIjp0cnVlLCJjb250ZW50IjoicG9zdF9saW5rX3VybF9wYWdlIiwic2V0dGluZ3MiOnsicG9zdF9pZCI6IjEyNDYifX0=@&#8221; hover_enabled=&#8221;0&#8243; custom_css_free_form=&#8221;||.rightArrowLink div.et_pb_text_inner {||  \tdisplay: flex;||  \tjustify-content: space-between;||}||.rightArrowLink div.et_pb_text_inner::after {||    content: &#8217;%92f178&#8217;;||    font-family: &#8217;FONT AWESOME 5 PRO&#8217;;||    font-size: 32px;||    color: #1ABFD7;||}&#8221; global_colors_info=&#8221;{}&#8221; header_3_text_color__hover_enabled=&#8221;on|hover&#8221; header_3_text_color__hover=&#8221;#1ABFD7&#8243; sticky_enabled=&#8221;0&#8243;]<\/p>\n<h2>Informationsetiketter<\/h2>\n<p>[\/et_pb_text][\/et_pb_column][\/et_pb_row][\/et_pb_section][et_pb_section fb_built=&#8221;1&#8243; _builder_version=&#8221;4.16&#8243; _module_preset=&#8221;default&#8221; background_color=&#8221;#eee&#8221; custom_padding=&#8221;60px||60px||true|false&#8221; link_option_url=&#8221;\/nilorn\/products\/information-labels\/#rfid&#8221; da_disable_devices=&#8221;off|off|off&#8221; global_colors_info=&#8221;{}&#8221; da_is_popup=&#8221;off&#8221; da_exit_intent=&#8221;off&#8221; da_has_close=&#8221;on&#8221; da_alt_close=&#8221;off&#8221; da_dark_close=&#8221;off&#8221; da_not_modal=&#8221;on&#8221; da_is_singular=&#8221;off&#8221; da_with_loader=&#8221;off&#8221; da_has_shadow=&#8221;on&#8221;][et_pb_row _builder_version=&#8221;4.16&#8243; _module_preset=&#8221;default&#8221; global_colors_info=&#8221;{}&#8221;][et_pb_column type=&#8221;4_4&#8243; _builder_version=&#8221;4.16&#8243; _module_preset=&#8221;default&#8221; global_colors_info=&#8221;{}&#8221;][et_pb_image src=&#8221;https:\/\/www.nilorn.com\/wp-content\/uploads\/2023\/12\/rfid-icon.png&#8221; title_text=&#8221;rfid-icon-blue&#8221; url=&#8221;https:\/\/www.nilorn.com\/sv\/produkter\/informationsetiketter\/#rfid-text&#8221; _builder_version=&#8221;4.23.1&#8243; _module_preset=&#8221;default&#8221; positioning=&#8221;relative&#8221; horizontal_offset=&#8221;5px&#8221; max_width=&#8221;100px&#8221; module_alignment=&#8221;center&#8221; global_colors_info=&#8221;{}&#8221; src__hover_enabled=&#8221;on|hover&#8221; src__hover=&#8221;https:\/\/www.nilorn.com\/wp-content\/uploads\/2023\/12\/rfid-icon-blue.png&#8221;][\/et_pb_image][et_pb_text disabled_on=&#8221;off|off|on&#8221; admin_label=&#8221;Text &#8211; RFID Header&#8221; _builder_version=&#8221;4.23.1&#8243; _module_preset=&#8221;default&#8221; text_text_color=&#8221;#1ABFD7&#8243; text_line_height=&#8221;1.9em&#8221; link_font=&#8221;|300|||||||&#8221; header_4_font=&#8221;|300|||||||&#8221; header_4_font_size=&#8221;20px&#8221; text_orientation=&#8221;center&#8221; max_width=&#8221;600px&#8221; module_alignment=&#8221;center&#8221; custom_margin_tablet=&#8221;||0px||false|false&#8221; custom_margin_phone=&#8221;||0px||false|false&#8221; custom_margin_last_edited=&#8221;on|phone&#8221; custom_padding_tablet=&#8221;||||false|false&#8221; custom_padding_last_edited=&#8221;off|phone&#8221; global_colors_info=&#8221;{}&#8221;]<\/p>\n<h4><a href=\"https:\/\/www.nilorn.com\/sv\/produkter\/informationsetiketter\/#rfid-text\">RFID<\/a><\/h4>\n<p>[\/et_pb_text][et_pb_text _builder_version=&#8221;4.16&#8243; _module_preset=&#8221;default&#8221; text_font_size=&#8221;30px&#8221; text_line_height=&#8221;1.6em&#8221; link_font=&#8221;|300|||||||&#8221; header_4_font=&#8221;|300|||||||&#8221; header_4_font_size=&#8221;20px&#8221; text_orientation=&#8221;center&#8221; max_width=&#8221;600px&#8221; module_alignment=&#8221;center&#8221; link_option_url=&#8221;https:\/\/www.nilorn.com\/sv\/produkter\/informationsetiketter\/#rfid-text&#8221; text_font_size_tablet=&#8221;24px&#8221; text_font_size_phone=&#8221;17px&#8221; text_font_size_last_edited=&#8221;on|desktop&#8221; text_line_height_tablet=&#8221;1.8em&#8221; text_line_height_phone=&#8221;1.9em&#8221; text_line_height_last_edited=&#8221;on|phone&#8221; global_colors_info=&#8221;{}&#8221;]<\/p>\n<p>Vi erbjuder RFID-etiketter i form av klisteretiketter, h\u00e4ngetiketter och textiletiketter.<\/p>\n<p>[\/et_pb_text][\/et_pb_column][\/et_pb_row][\/et_pb_section]<\/p>\n","protected":false},"excerpt":{"rendered":"<p>Attraktiv etikettering, hangtags som f\u00f6rmedlar en unik k\u00e4nsla och f\u00f6rpackningar med exklusiv framtoning \u2013 hos oss \u00e4r det mesta m\u00f6jligt. Vi designar och producerar skr\u00e4ddarsydda etiketter, hangtags, f\u00f6rpackningar och informationsetiketter efter dina specifika \u00f6nskem\u00e5l. Med v\u00e5r l\u00e5nga erfarenhet, innovativa designstudio och kompletta maskinpark ger vi dig perfekta f\u00f6ruts\u00e4ttningar att ta ditt varum\u00e4rke till n\u00e4sta niv\u00e5.EtiketterF\u00f6rpackningarInformationsetiketterRFIDVi [&hellip;]<\/p>\n","protected":false},"author":1,"featured_media":11888,"parent":0,"menu_order":0,"comment_status":"closed","ping_status":"closed","template":"","meta":{"_et_pb_use_builder":"on","_et_pb_old_content":"","_et_gb_content_width":"","footnotes":""},"class_list":["post-3029","page","type-page","status-publish","has-post-thumbnail","hentry"],"_links":{"self":[{"href":"https:\/\/www.nilorn.com\/sv\/wp-json\/wp\/v2\/pages\/3029","targetHints":{"allow":["GET"]}}],"collection":[{"href":"https:\/\/www.nilorn.com\/sv\/wp-json\/wp\/v2\/pages"}],"about":[{"href":"https:\/\/www.nilorn.com\/sv\/wp-json\/wp\/v2\/types\/page"}],"author":[{"embeddable":true,"href":"https:\/\/www.nilorn.com\/sv\/wp-json\/wp\/v2\/users\/1"}],"replies":[{"embeddable":true,"href":"https:\/\/www.nilorn.com\/sv\/wp-json\/wp\/v2\/comments?post=3029"}],"version-history":[{"count":17,"href":"https:\/\/www.nilorn.com\/sv\/wp-json\/wp\/v2\/pages\/3029\/revisions"}],"predecessor-version":[{"id":15607,"href":"https:\/\/www.nilorn.com\/sv\/wp-json\/wp\/v2\/pages\/3029\/revisions\/15607"}],"wp:featuredmedia":[{"embeddable":true,"href":"https:\/\/www.nilorn.com\/sv\/wp-json\/wp\/v2\/media\/11888"}],"wp:attachment":[{"href":"https:\/\/www.nilorn.com\/sv\/wp-json\/wp\/v2\/media?parent=3029"}],"curies":[{"name":"wp","href":"https:\/\/api.w.org\/{rel}","templated":true}]}}