{"id":3035,"date":"2020-08-24T12:32:02","date_gmt":"2020-08-24T10:32:02","guid":{"rendered":"https:\/\/www.nilorn.com\/vara-produkter\/forpackningar\/"},"modified":"2024-01-15T10:40:03","modified_gmt":"2024-01-15T09:40:03","slug":"forpackningar","status":"publish","type":"page","link":"https:\/\/www.nilorn.com\/sv\/produkter\/forpackningar\/","title":{"rendered":"F\u00f6rpackningar"},"content":{"rendered":"<p>[et_pb_section fb_built=&#8221;1&#8243; _builder_version=&#8221;4.23.3&#8243; _dynamic_attributes=&#8221;background_image&#8221; background_image=&#8221;@ET-DC@eyJkeW5hbWljIjp0cnVlLCJjb250ZW50IjoicG9zdF9mZWF0dXJlZF9pbWFnZSIsInNldHRpbmdzIjp7fX0=@&#8221; da_disable_devices=&#8221;off|off|off&#8221; global_colors_info=&#8221;{}&#8221; da_is_popup=&#8221;off&#8221; da_exit_intent=&#8221;off&#8221; da_has_close=&#8221;on&#8221; da_alt_close=&#8221;off&#8221; da_dark_close=&#8221;off&#8221; da_not_modal=&#8221;on&#8221; da_is_singular=&#8221;off&#8221; da_with_loader=&#8221;off&#8221; da_has_shadow=&#8221;on&#8221;][et_pb_row _builder_version=&#8221;4.16&#8243; global_colors_info=&#8221;{}&#8221;][et_pb_column type=&#8221;4_4&#8243; _builder_version=&#8221;4.16&#8243; global_colors_info=&#8221;{}&#8221;][et_pb_divider show_divider=&#8221;off&#8221; _builder_version=&#8221;4.16&#8243; min_height=&#8221;200px&#8221; min_height_tablet=&#8221;&#8221; min_height_phone=&#8221;100px&#8221; min_height_last_edited=&#8221;on|phone&#8221; height=&#8221;25vh&#8221; height_tablet=&#8221;&#8221; height_phone=&#8221;15vh&#8221; height_last_edited=&#8221;on|phone&#8221; global_colors_info=&#8221;{}&#8221;][\/et_pb_divider][\/et_pb_column][\/et_pb_row][\/et_pb_section][et_pb_section fb_built=&#8221;1&#8243; _builder_version=&#8221;4.16&#8243; da_disable_devices=&#8221;off|off|off&#8221; global_colors_info=&#8221;{}&#8221; da_is_popup=&#8221;off&#8221; da_exit_intent=&#8221;off&#8221; da_has_close=&#8221;on&#8221; da_alt_close=&#8221;off&#8221; da_dark_close=&#8221;off&#8221; da_not_modal=&#8221;on&#8221; da_is_singular=&#8221;off&#8221; da_with_loader=&#8221;off&#8221; da_has_shadow=&#8221;on&#8221;][et_pb_row custom_padding_last_edited=&#8221;on|phone&#8221; _builder_version=&#8221;4.16&#8243; custom_padding=&#8221;50px||30px||false|false&#8221; custom_padding_tablet=&#8221;&#8221; custom_padding_phone=&#8221;0px||0px||false|false&#8221; animation_style=&#8221;fade&#8221; global_colors_info=&#8221;{}&#8221;][et_pb_column type=&#8221;4_4&#8243; _builder_version=&#8221;4.16&#8243; global_colors_info=&#8221;{}&#8221;][et_pb_text admin_label=&#8221;Header text&#8221; _builder_version=&#8221;4.23.1&#8243; _dynamic_attributes=&#8221;content&#8221; header_font=&#8221;HelveticaNeueBold|700|||||||&#8221; header_text_align=&#8221;center&#8221; text_orientation=&#8221;center&#8221; global_colors_info=&#8221;{}&#8221;]@ET-DC@eyJkeW5hbWljIjp0cnVlLCJjb250ZW50IjoicG9zdF90aXRsZSIsInNldHRpbmdzIjp7ImJlZm9yZSI6IjxoMT4iLCJhZnRlciI6IjwvaDE+In19@[\/et_pb_text][\/et_pb_column][\/et_pb_row][et_pb_row _builder_version=&#8221;4.16&#8243; max_width=&#8221;800px&#8221; animation_style=&#8221;fade&#8221; global_colors_info=&#8221;{}&#8221;][et_pb_column type=&#8221;4_4&#8243; _builder_version=&#8221;4.16&#8243; global_colors_info=&#8221;{}&#8221;][et_pb_text _builder_version=&#8221;4.16&#8243; text_line_height=&#8221;2.3em&#8221; text_orientation=&#8221;center&#8221; max_width=&#8221;750px&#8221; module_alignment=&#8221;center&#8221; text_line_height_tablet=&#8221;&#8221; text_line_height_phone=&#8221;2em&#8221; text_line_height_last_edited=&#8221;on|phone&#8221; global_colors_info=&#8221;{}&#8221;]<\/p>\n<p>Nil\u00f6rn \u00e4r inte bara ledande inom v\u00e4vda och tryckta etiketter, v\u00e5rt erbjudande inneh\u00e5ller \u00e4ven ett brett sortiment av varum\u00e4rkesbyggande f\u00f6rpackningsl\u00f6sningar. E-handelsf\u00f6rpackningar, kartonger, pappers- och plastp\u00e5sar med unika tryck \u00e4r bara n\u00e5gra av de produkter som vi designar och producerar utefter kundens specifika behov. M\u00e5let \u00e4r kostnadseffektiva l\u00f6sningar, f\u00f6r det som annars kan vara skrymmande produkter.<\/p>\n<p>[\/et_pb_text][\/et_pb_column][\/et_pb_row][\/et_pb_section][et_pb_section fb_built=&#8221;1&#8243; disabled_on=&#8221;on|off|off&#8221; _builder_version=&#8221;4.23.1&#8243; _module_preset=&#8221;default&#8221; da_disable_devices=&#8221;off|off|off&#8221; global_colors_info=&#8221;{}&#8221; da_is_popup=&#8221;off&#8221; da_exit_intent=&#8221;off&#8221; da_has_close=&#8221;on&#8221; da_alt_close=&#8221;off&#8221; da_dark_close=&#8221;off&#8221; da_not_modal=&#8221;on&#8221; da_is_singular=&#8221;off&#8221; da_with_loader=&#8221;off&#8221; da_has_shadow=&#8221;on&#8221;][et_pb_row _builder_version=&#8221;4.23.1&#8243; _module_preset=&#8221;default&#8221; global_colors_info=&#8221;{}&#8221;][et_pb_column type=&#8221;4_4&#8243; _builder_version=&#8221;4.23.1&#8243; _module_preset=&#8221;default&#8221; global_colors_info=&#8221;{}&#8221;][et_pb_image src=&#8221;https:\/\/www.nilorn.com\/wp-content\/uploads\/2023\/12\/products-packaging.jpg&#8221; title_text=&#8221;products-packaging&#8221; align=&#8221;center&#8221; disabled_on=&#8221;on|off|off&#8221; _builder_version=&#8221;4.23.1&#8243; _module_preset=&#8221;default&#8221; global_colors_info=&#8221;{}&#8221;][\/et_pb_image][\/et_pb_column][\/et_pb_row][\/et_pb_section][et_pb_section fb_built=&#8221;1&#8243; disabled_on=&#8221;off|on|on&#8221; _builder_version=&#8221;4.23.1&#8243; _module_preset=&#8221;default&#8221; da_disable_devices=&#8221;off|off|off&#8221; global_colors_info=&#8221;{}&#8221; da_is_popup=&#8221;off&#8221; da_exit_intent=&#8221;off&#8221; da_has_close=&#8221;on&#8221; da_alt_close=&#8221;off&#8221; da_dark_close=&#8221;off&#8221; da_not_modal=&#8221;on&#8221; da_is_singular=&#8221;off&#8221; da_with_loader=&#8221;off&#8221; da_has_shadow=&#8221;on&#8221;][et_pb_row _builder_version=&#8221;4.23.1&#8243; _module_preset=&#8221;default&#8221; global_colors_info=&#8221;{}&#8221;][et_pb_column type=&#8221;4_4&#8243; _builder_version=&#8221;4.23.1&#8243; _module_preset=&#8221;default&#8221; global_colors_info=&#8221;{}&#8221;][et_pb_image src=&#8221;https:\/\/www.nilorn.com\/wp-content\/uploads\/2023\/12\/products-packaging-1.jpg&#8221; title_text=&#8221;products-packaging-1&#8243; align=&#8221;center&#8221; _builder_version=&#8221;4.23.1&#8243; _module_preset=&#8221;default&#8221; global_colors_info=&#8221;{}&#8221;][\/et_pb_image][\/et_pb_column][\/et_pb_row][et_pb_row _builder_version=&#8221;4.23.1&#8243; _module_preset=&#8221;default&#8221; global_colors_info=&#8221;{}&#8221;][et_pb_column type=&#8221;4_4&#8243; _builder_version=&#8221;4.23.1&#8243; _module_preset=&#8221;default&#8221; global_colors_info=&#8221;{}&#8221;][et_pb_image src=&#8221;https:\/\/www.nilorn.com\/wp-content\/uploads\/2023\/12\/products-packaging-2.jpg&#8221; title_text=&#8221;products-packaging-2&#8243; align=&#8221;center&#8221; _builder_version=&#8221;4.23.1&#8243; _module_preset=&#8221;default&#8221; global_colors_info=&#8221;{}&#8221;][\/et_pb_image][\/et_pb_column][\/et_pb_row][et_pb_row _builder_version=&#8221;4.23.1&#8243; _module_preset=&#8221;default&#8221; global_colors_info=&#8221;{}&#8221;][et_pb_column type=&#8221;4_4&#8243; _builder_version=&#8221;4.23.1&#8243; _module_preset=&#8221;default&#8221; global_colors_info=&#8221;{}&#8221;][et_pb_image src=&#8221;https:\/\/www.nilorn.com\/wp-content\/uploads\/2023\/12\/products-packaging-3.jpg&#8221; title_text=&#8221;products-packaging-3&#8243; align=&#8221;center&#8221; _builder_version=&#8221;4.23.1&#8243; _module_preset=&#8221;default&#8221; global_colors_info=&#8221;{}&#8221;][\/et_pb_image][\/et_pb_column][\/et_pb_row][\/et_pb_section][et_pb_section fb_built=&#8221;1&#8243; _builder_version=&#8221;4.16&#8243; _module_preset=&#8221;default&#8221; custom_padding=&#8221;0px||||false|false&#8221; da_disable_devices=&#8221;off|off|off&#8221; global_colors_info=&#8221;{}&#8221; da_is_popup=&#8221;off&#8221; da_exit_intent=&#8221;off&#8221; da_has_close=&#8221;on&#8221; da_alt_close=&#8221;off&#8221; da_dark_close=&#8221;off&#8221; da_not_modal=&#8221;on&#8221; da_is_singular=&#8221;off&#8221; da_with_loader=&#8221;off&#8221; da_has_shadow=&#8221;on&#8221;][et_pb_row _builder_version=&#8221;4.16&#8243; _module_preset=&#8221;default&#8221; max_width=&#8221;650px&#8221; animation_style=&#8221;fade&#8221; locked=&#8221;off&#8221; global_colors_info=&#8221;{}&#8221; custom_css_main_element_tablet=&#8221;display:flex; flex-flow:row;&#8221; custom_css_main_element_phone=&#8221;flex-flow:initial;&#8221; custom_css_main_element_last_edited=&#8221;on|phone&#8221;][et_pb_column type=&#8221;4_4&#8243; _builder_version=&#8221;4.16&#8243; _module_preset=&#8221;default&#8221; global_colors_info=&#8221;{}&#8221;][et_pb_menu menu_id=&#8221;33&#8243; menu_style=&#8221;centered&#8221; active_link_color=&#8221;#1ABFD7&#8243; module_class=&#8221;product-menu&#8221; _builder_version=&#8221;4.23.1&#8243; _module_preset=&#8221;default&#8221; menu_font=&#8221;|300|||||||&#8221; menu_text_color=&#8221;#000000&#8243; menu_font_size=&#8221;17px&#8221; module_alignment=&#8221;center&#8221; custom_padding=&#8221;|1rem||1rem|false|true&#8221; locked=&#8221;off&#8221; global_colors_info=&#8221;{}&#8221;][\/et_pb_menu][\/et_pb_column][\/et_pb_row][\/et_pb_section]<\/p>\n","protected":false},"excerpt":{"rendered":"<p>Nil\u00f6rn \u00e4r inte bara ledande inom v\u00e4vda och tryckta etiketter, v\u00e5rt erbjudande inneh\u00e5ller \u00e4ven ett brett sortiment av varum\u00e4rkesbyggande f\u00f6rpackningsl\u00f6sningar. E-handelsf\u00f6rpackningar, kartonger, pappers- och plastp\u00e5sar med unika tryck \u00e4r bara n\u00e5gra av de produkter som vi designar och producerar utefter kundens specifika behov. M\u00e5let \u00e4r kostnadseffektiva l\u00f6sningar, f\u00f6r det som annars kan vara skrymmande produkter.<\/p>\n","protected":false},"author":1,"featured_media":11881,"parent":3029,"menu_order":0,"comment_status":"closed","ping_status":"closed","template":"","meta":{"_et_pb_use_builder":"on","_et_pb_old_content":"","_et_gb_content_width":"","footnotes":""},"class_list":["post-3035","page","type-page","status-publish","has-post-thumbnail","hentry"],"_links":{"self":[{"href":"https:\/\/www.nilorn.com\/sv\/wp-json\/wp\/v2\/pages\/3035","targetHints":{"allow":["GET"]}}],"collection":[{"href":"https:\/\/www.nilorn.com\/sv\/wp-json\/wp\/v2\/pages"}],"about":[{"href":"https:\/\/www.nilorn.com\/sv\/wp-json\/wp\/v2\/types\/page"}],"author":[{"embeddable":true,"href":"https:\/\/www.nilorn.com\/sv\/wp-json\/wp\/v2\/users\/1"}],"replies":[{"embeddable":true,"href":"https:\/\/www.nilorn.com\/sv\/wp-json\/wp\/v2\/comments?post=3035"}],"version-history":[{"count":20,"href":"https:\/\/www.nilorn.com\/sv\/wp-json\/wp\/v2\/pages\/3035\/revisions"}],"predecessor-version":[{"id":12243,"href":"https:\/\/www.nilorn.com\/sv\/wp-json\/wp\/v2\/pages\/3035\/revisions\/12243"}],"up":[{"embeddable":true,"href":"https:\/\/www.nilorn.com\/sv\/wp-json\/wp\/v2\/pages\/3029"}],"wp:featuredmedia":[{"embeddable":true,"href":"https:\/\/www.nilorn.com\/sv\/wp-json\/wp\/v2\/media\/11881"}],"wp:attachment":[{"href":"https:\/\/www.nilorn.com\/sv\/wp-json\/wp\/v2\/media?parent=3035"}],"curies":[{"name":"wp","href":"https:\/\/api.w.org\/{rel}","templated":true}]}}