{"id":3066,"date":"2020-04-23T11:16:59","date_gmt":"2020-04-23T09:16:59","guid":{"rendered":"https:\/\/www.nilorn.com\/hallbarhet\/"},"modified":"2026-04-14T10:42:58","modified_gmt":"2026-04-14T08:42:58","slug":"hallbarhet","status":"publish","type":"page","link":"https:\/\/www.nilorn.com\/sv\/hallbarhet\/","title":{"rendered":"H\u00e5llbarhet"},"content":{"rendered":"<p>[et_pb_section fb_built=&#8221;1&#8243; _builder_version=&#8221;4.23.1&#8243; _dynamic_attributes=&#8221;background_image&#8221; background_image=&#8221;@ET-DC@eyJkeW5hbWljIjp0cnVlLCJjb250ZW50IjoicG9zdF9mZWF0dXJlZF9pbWFnZSIsInNldHRpbmdzIjp7fX0=@&#8221; background_position=&#8221;top_center&#8221; da_disable_devices=&#8221;off|off|off&#8221; global_colors_info=&#8221;{}&#8221; da_is_popup=&#8221;off&#8221; da_exit_intent=&#8221;off&#8221; da_has_close=&#8221;on&#8221; da_alt_close=&#8221;off&#8221; da_dark_close=&#8221;off&#8221; da_not_modal=&#8221;on&#8221; da_is_singular=&#8221;off&#8221; da_with_loader=&#8221;off&#8221; da_has_shadow=&#8221;on&#8221;][et_pb_row _builder_version=&#8221;4.16&#8243; global_colors_info=&#8221;{}&#8221;][et_pb_column type=&#8221;4_4&#8243; _builder_version=&#8221;4.16&#8243; global_colors_info=&#8221;{}&#8221;][et_pb_divider show_divider=&#8221;off&#8221; admin_label=&#8221;Divider&#8221; _builder_version=&#8221;4.27.6&#8243; min_height=&#8221;200px&#8221; min_height_tablet=&#8221;&#8221; min_height_phone=&#8221;100px&#8221; min_height_last_edited=&#8221;on|phone&#8221; height=&#8221;25vh&#8221; height_tablet=&#8221;&#8221; height_phone=&#8221;15vh&#8221; height_last_edited=&#8221;on|phone&#8221; global_colors_info=&#8221;{}&#8221;][\/et_pb_divider][\/et_pb_column][\/et_pb_row][\/et_pb_section][et_pb_section fb_built=&#8221;1&#8243; _builder_version=&#8221;4.16&#8243; custom_padding=&#8221;||28px|||&#8221; da_disable_devices=&#8221;off|off|off&#8221; global_colors_info=&#8221;{}&#8221; da_is_popup=&#8221;off&#8221; da_exit_intent=&#8221;off&#8221; da_has_close=&#8221;on&#8221; da_alt_close=&#8221;off&#8221; da_dark_close=&#8221;off&#8221; da_not_modal=&#8221;on&#8221; da_is_singular=&#8221;off&#8221; da_with_loader=&#8221;off&#8221; da_has_shadow=&#8221;on&#8221;][et_pb_row _builder_version=&#8221;4.23.1&#8243; custom_padding=&#8221;0px||0px||false|false&#8221; animation_style=&#8221;fade&#8221; global_colors_info=&#8221;{}&#8221;][et_pb_column type=&#8221;4_4&#8243; _builder_version=&#8221;4.16&#8243; global_colors_info=&#8221;{}&#8221;][et_pb_text admin_label=&#8221;Header text&#8221; _builder_version=&#8221;4.27.6&#8243; _dynamic_attributes=&#8221;content&#8221; header_font=&#8221;|300|||||||&#8221; header_text_align=&#8221;center&#8221; text_orientation=&#8221;center&#8221; max_width_phone=&#8221;80%&#8221; max_width_last_edited=&#8221;off|desktop&#8221; module_alignment=&#8221;center&#8221; global_colors_info=&#8221;{}&#8221;]@ET-DC@eyJkeW5hbWljIjp0cnVlLCJjb250ZW50IjoicG9zdF90aXRsZSIsInNldHRpbmdzIjp7ImJlZm9yZSI6IjxoMT5cdTAwYTA8L2gxPiIsImFmdGVyIjoiPC9oMT4ifX0=@[\/et_pb_text][\/et_pb_column][\/et_pb_row][et_pb_row _builder_version=&#8221;4.16&#8243; max_width=&#8221;800px&#8221; animation_style=&#8221;fade&#8221; global_colors_info=&#8221;{}&#8221;][et_pb_column type=&#8221;4_4&#8243; _builder_version=&#8221;4.16&#8243; global_colors_info=&#8221;{}&#8221;][et_pb_text _builder_version=&#8221;4.27.6&#8243; text_text_color=&#8221;#000000&#8243; text_line_height=&#8221;2.3em&#8221; text_orientation=&#8221;center&#8221; text_line_height_tablet=&#8221;&#8221; text_line_height_phone=&#8221;2em&#8221; text_line_height_last_edited=&#8221;on|phone&#8221; global_colors_info=&#8221;{}&#8221;]<\/p>\n<p>H\u00e5llbarhet \u00e4r grunden f\u00f6r v\u00e5r verksamhet. F\u00f6r oss inneb\u00e4r det att vi arbetar f\u00f6r att tillgodose m\u00e4nniskors och samh\u00e4llets behov utan att kompromissa med kommande generationers behov. Vi har d\u00e4rf\u00f6r ett holistiskt f\u00f6rh\u00e5llningss\u00e4tt som inbegriper hela designprocessen, tillverkningen och leveranskedjan. Vi \u00e4r stolta \u00f6ver de framsteg vi gjort i v\u00e5rt h\u00e5llbarhetsarbete, och vi vet att h\u00e5llbarhet \u00e4r en resa som kr\u00e4ver kontinuerligt l\u00e4rande och st\u00e4ndiga f\u00f6rb\u00e4ttringar. V\u00e5r h\u00e5llbarhetsrapport \u00e4r ett viktigt verktyg i v\u00e5rt arbete med att f\u00f6lja upp ambitioner och \u00e5taganden samt bedriva en h\u00e5llbar verksamhet och skapa h\u00e5llbara aff\u00e4rsrelationer.<\/p>\n<p><a href=\"https:\/\/www.nilorn.com\/wp-content\/uploads\/2026\/04\/Arsredovisning-2025.pdf\">Sustainability Report 2025<\/a><\/p>\n<p>[\/et_pb_text][\/et_pb_column][\/et_pb_row][\/et_pb_section][et_pb_section fb_built=&#8221;1&#8243; module_class=&#8221;sustainability-links&#8221; _builder_version=&#8221;4.16&#8243; _module_preset=&#8221;default&#8221; custom_margin=&#8221;-6px|||||&#8221; custom_padding=&#8221;0px|||||&#8221; da_disable_devices=&#8221;off|off|off&#8221; global_colors_info=&#8221;{}&#8221; da_is_popup=&#8221;off&#8221; da_exit_intent=&#8221;off&#8221; da_has_close=&#8221;on&#8221; da_alt_close=&#8221;off&#8221; da_dark_close=&#8221;off&#8221; da_not_modal=&#8221;on&#8221; da_is_singular=&#8221;off&#8221; da_with_loader=&#8221;off&#8221; da_has_shadow=&#8221;on&#8221;][et_pb_row column_structure=&#8221;1_4,1_4,1_4,1_4&#8243; _builder_version=&#8221;4.16&#8243; _module_preset=&#8221;default&#8221; max_width=&#8221;770px&#8221; custom_padding=&#8221;||70px|||&#8221; global_colors_info=&#8221;{}&#8221;][et_pb_column type=&#8221;1_4&#8243; _builder_version=&#8221;4.16&#8243; _module_preset=&#8221;default&#8221; custom_padding_tablet=&#8221;&#8221; custom_padding_phone=&#8221;||2rem||false|false&#8221; custom_padding_last_edited=&#8221;on|phone&#8221; global_colors_info=&#8221;{}&#8221;][et_pb_blurb title=&#8221;Vi tillhandah\u00e5ller&#8221; url=&#8221;@ET-DC@eyJkeW5hbWljIjp0cnVlLCJjb250ZW50IjoicG9zdF9saW5rX3VybF9wYWdlIiwic2V0dGluZ3MiOnsicG9zdF9pZCI6Ijc3In19@&#8221; image=&#8221;https:\/\/www.nilorn.com\/wp-content\/uploads\/2023\/12\/we-provide-icon.png&#8221; image_icon_width=&#8221;100%&#8221; content_max_width=&#8221;150px&#8221; content_max_width_tablet=&#8221;&#8221; content_max_width_phone=&#8221;&#8221; content_max_width_last_edited=&#8221;on|phone&#8221; _builder_version=&#8221;4.27.4&#8243; _dynamic_attributes=&#8221;url,link_option_url&#8221; _module_preset=&#8221;default&#8221; header_level=&#8221;h2&#8243; header_font=&#8221;HelveticaNeueRegular||||||||&#8221; header_text_color=&#8221;#000000&#8243; header_font_size=&#8221;15px&#8221; image_icon_custom_margin_tablet=&#8221;&#8221; image_icon_custom_margin_phone=&#8221;||||false|false&#8221; image_icon_custom_margin_last_edited=&#8221;on|phone&#8221; text_orientation=&#8221;center&#8221; max_width_tablet=&#8221;&#8221; max_width_phone=&#8221;70%&#8221; max_width_last_edited=&#8221;on|phone&#8221; module_alignment=&#8221;center&#8221; custom_margin_tablet=&#8221;&#8221; custom_margin_phone=&#8221;||||false|false&#8221; custom_margin_last_edited=&#8221;on|phone&#8221; custom_padding_tablet=&#8221;&#8221; custom_padding_phone=&#8221;||||false|false&#8221; custom_padding_last_edited=&#8221;on|phone&#8221; link_option_url=&#8221;@ET-DC@eyJkeW5hbWljIjp0cnVlLCJjb250ZW50IjoicG9zdF9saW5rX3VybF9wYWdlIiwic2V0dGluZ3MiOnsicG9zdF9pZCI6Ijc3In19@&#8221; border_width_all=&#8221;0px&#8221; global_colors_info=&#8221;{}&#8221; custom_css_blurb_image_last_edited=&#8221;on|phone&#8221; custom_css_blurb_image_phone=&#8221;margin-bottom:0;&#8221; child_filter_saturate__hover_enabled=&#8221;on|hover&#8221; child_filter_saturate__hover=&#8221;100%&#8221; header_text_color__hover_enabled=&#8221;on|hover&#8221; header_text_color__hover=&#8221;#1ABFD7&#8243; image__hover_enabled=&#8221;on|hover&#8221; image__hover=&#8221;https:\/\/www.nilorn.com\/wp-content\/uploads\/2023\/12\/we-provide-icon-blue.png&#8221; filter_opacity__hover_enabled=&#8221;on|desktop&#8221; child_filter_hue_rotate__hover_enabled=&#8221;on|desktop&#8221;][\/et_pb_blurb][\/et_pb_column][et_pb_column type=&#8221;1_4&#8243; _builder_version=&#8221;4.16&#8243; _module_preset=&#8221;default&#8221; custom_padding_tablet=&#8221;&#8221; custom_padding_phone=&#8221;||2rem||false|false&#8221; custom_padding_last_edited=&#8221;on|phone&#8221; global_colors_info=&#8221;{}&#8221;][et_pb_blurb title=&#8221;V\u00e5r h\u00e5llbarhetsstrategi&#8221; url=&#8221;@ET-DC@eyJkeW5hbWljIjp0cnVlLCJjb250ZW50IjoicG9zdF9saW5rX3VybF9wYWdlIiwic2V0dGluZ3MiOnsicG9zdF9pZCI6IjExMSJ9fQ==@&#8221; image=&#8221;https:\/\/www.nilorn.com\/wp-content\/uploads\/2023\/12\/our-approach-to-sustainability-icon.png&#8221; content_max_width=&#8221;150px&#8221; content_max_width_tablet=&#8221;&#8221; content_max_width_phone=&#8221;&#8221; content_max_width_last_edited=&#8221;on|phone&#8221; _builder_version=&#8221;4.27.4&#8243; _dynamic_attributes=&#8221;link_option_url,url&#8221; _module_preset=&#8221;default&#8221; header_level=&#8221;h2&#8243; header_font=&#8221;HelveticaNeueRegular||||||||&#8221; header_text_color=&#8221;#000000&#8243; header_font_size=&#8221;15px&#8221; text_orientation=&#8221;center&#8221; max_width=&#8221;70%&#8221; module_alignment=&#8221;center&#8221; link_option_url=&#8221;@ET-DC@eyJkeW5hbWljIjp0cnVlLCJjb250ZW50IjoicG9zdF9saW5rX3VybF9wYWdlIiwic2V0dGluZ3MiOnsicG9zdF9pZCI6IjExMSJ9fQ==@&#8221; global_colors_info=&#8221;{}&#8221; custom_css_blurb_image_last_edited=&#8221;on|phone&#8221; custom_css_blurb_image_phone=&#8221;margin-bottom:0;&#8221; child_filter_saturate__hover_enabled=&#8221;on|hover&#8221; child_filter_saturate__hover=&#8221;100%&#8221; header_text_color__hover=&#8221;#1ABFD7&#8243; header_text_color__hover_enabled=&#8221;on|hover&#8221; filter_opacity__hover_enabled=&#8221;on|desktop&#8221; child_filter_hue_rotate__hover_enabled=&#8221;on|desktop&#8221; image__hover_enabled=&#8221;on|hover&#8221; image__hover=&#8221;https:\/\/www.nilorn.com\/wp-content\/uploads\/2023\/12\/our-approach-to-sustainability-icon-blue.png&#8221;][\/et_pb_blurb][\/et_pb_column][et_pb_column type=&#8221;1_4&#8243; _builder_version=&#8221;4.16&#8243; _module_preset=&#8221;default&#8221; custom_padding_tablet=&#8221;&#8221; custom_padding_phone=&#8221;||2rem||false|false&#8221; custom_padding_last_edited=&#8221;on|phone&#8221; global_colors_info=&#8221;{}&#8221;][et_pb_blurb title=&#8221;Ansvarsfull verksamhet och styrning&#8221; url=&#8221;@ET-DC@eyJkeW5hbWljIjp0cnVlLCJjb250ZW50IjoicG9zdF9saW5rX3VybF9wYWdlIiwic2V0dGluZ3MiOnsicG9zdF9pZCI6IjE0MCJ9fQ==@&#8221; image=&#8221;https:\/\/www.nilorn.com\/wp-content\/uploads\/2023\/12\/responsible-business-and-governance-icon.png&#8221; content_max_width=&#8221;150px&#8221; content_max_width_tablet=&#8221;&#8221; content_max_width_phone=&#8221;&#8221; content_max_width_last_edited=&#8221;on|phone&#8221; _builder_version=&#8221;4.27.4&#8243; _dynamic_attributes=&#8221;url,link_option_url&#8221; _module_preset=&#8221;default&#8221; header_level=&#8221;h2&#8243; header_font=&#8221;HelveticaNeueRegular||||||||&#8221; header_text_color=&#8221;#000000&#8243; header_font_size=&#8221;15px&#8221; text_orientation=&#8221;center&#8221; max_width=&#8221;70%&#8221; module_alignment=&#8221;center&#8221; link_option_url=&#8221;@ET-DC@eyJkeW5hbWljIjp0cnVlLCJjb250ZW50IjoicG9zdF9saW5rX3VybF9wYWdlIiwic2V0dGluZ3MiOnsicG9zdF9pZCI6IjE0MCJ9fQ==@&#8221; custom_css_blurb_title=&#8221;padding:0 10%;&#8221; global_colors_info=&#8221;{}&#8221; custom_css_blurb_image_last_edited=&#8221;on|phone&#8221; custom_css_blurb_image_phone=&#8221;margin-bottom:0;&#8221; child_filter_saturate__hover_enabled=&#8221;on|hover&#8221; child_filter_saturate__hover=&#8221;100%&#8221; header_text_color__hover=&#8221;#1ABFD7&#8243; header_text_color__hover_enabled=&#8221;on|hover&#8221; filter_opacity__hover_enabled=&#8221;on|desktop&#8221; child_filter_hue_rotate__hover_enabled=&#8221;on|desktop&#8221; image__hover_enabled=&#8221;on|hover&#8221; image__hover=&#8221;https:\/\/www.nilorn.com\/wp-content\/uploads\/2023\/12\/responsible-business-and-governance-icon-blue.png&#8221;][\/et_pb_blurb][\/et_pb_column][et_pb_column type=&#8221;1_4&#8243; _builder_version=&#8221;4.16&#8243; _module_preset=&#8221;default&#8221; custom_padding_tablet=&#8221;&#8221; custom_padding_phone=&#8221;||2rem||false|false&#8221; custom_padding_last_edited=&#8221;on|phone&#8221; global_colors_info=&#8221;{}&#8221;][et_pb_blurb title=&#8221;Certifieringar, medlemskap och samarbete&#8221; url=&#8221;@ET-DC@eyJkeW5hbWljIjp0cnVlLCJjb250ZW50IjoicG9zdF9saW5rX3VybF9wYWdlIiwic2V0dGluZ3MiOnsicG9zdF9pZCI6IjE1MyJ9fQ==@&#8221; image=&#8221;https:\/\/www.nilorn.com\/wp-content\/uploads\/2023\/12\/certifications-memberships-and-cooperations-icon.png&#8221; content_max_width=&#8221;150px&#8221; content_max_width_tablet=&#8221;&#8221; content_max_width_phone=&#8221;&#8221; content_max_width_last_edited=&#8221;on|phone&#8221; _builder_version=&#8221;4.27.4&#8243; _dynamic_attributes=&#8221;url,link_option_url&#8221; _module_preset=&#8221;default&#8221; header_level=&#8221;h2&#8243; header_font=&#8221;HelveticaNeueRegular||||||||&#8221; header_text_color=&#8221;#000000&#8243; header_font_size=&#8221;15px&#8221; text_orientation=&#8221;center&#8221; max_width=&#8221;76%&#8221; module_alignment=&#8221;center&#8221; link_option_url=&#8221;@ET-DC@eyJkeW5hbWljIjp0cnVlLCJjb250ZW50IjoicG9zdF9saW5rX3VybF9wYWdlIiwic2V0dGluZ3MiOnsicG9zdF9pZCI6IjE1MyJ9fQ==@&#8221; global_colors_info=&#8221;{}&#8221; custom_css_blurb_image_last_edited=&#8221;on|phone&#8221; custom_css_blurb_image_phone=&#8221;margin-bottom:0;&#8221; child_filter_saturate__hover_enabled=&#8221;on|hover&#8221; child_filter_saturate__hover=&#8221;100%&#8221; header_text_color__hover=&#8221;#1ABFD7&#8243; header_text_color__hover_enabled=&#8221;on|hover&#8221; filter_opacity__hover_enabled=&#8221;on|desktop&#8221; child_filter_hue_rotate__hover_enabled=&#8221;on|desktop&#8221; image__hover_enabled=&#8221;on|hover&#8221; image__hover=&#8221;https:\/\/www.nilorn.com\/wp-content\/uploads\/2023\/12\/certifications-memberships-and-cooperations-icon-blue.png&#8221;][\/et_pb_blurb][\/et_pb_column][\/et_pb_row][\/et_pb_section]<\/p>\n","protected":false},"excerpt":{"rendered":"<p>H\u00e5llbarhet \u00e4r grunden f\u00f6r v\u00e5r verksamhet. F\u00f6r oss inneb\u00e4r det att vi arbetar f\u00f6r att tillgodose m\u00e4nniskors och samh\u00e4llets behov utan att kompromissa med kommande generationers behov. Vi har d\u00e4rf\u00f6r ett holistiskt f\u00f6rh\u00e5llningss\u00e4tt som inbegriper hela designprocessen, tillverkningen och leveranskedjan.<\/p>\n","protected":false},"author":1,"featured_media":11909,"parent":0,"menu_order":0,"comment_status":"closed","ping_status":"closed","template":"","meta":{"_et_pb_use_builder":"on","_et_pb_old_content":"","_et_gb_content_width":"","footnotes":""},"class_list":["post-3066","page","type-page","status-publish","has-post-thumbnail","hentry"],"_links":{"self":[{"href":"https:\/\/www.nilorn.com\/sv\/wp-json\/wp\/v2\/pages\/3066","targetHints":{"allow":["GET"]}}],"collection":[{"href":"https:\/\/www.nilorn.com\/sv\/wp-json\/wp\/v2\/pages"}],"about":[{"href":"https:\/\/www.nilorn.com\/sv\/wp-json\/wp\/v2\/types\/page"}],"author":[{"embeddable":true,"href":"https:\/\/www.nilorn.com\/sv\/wp-json\/wp\/v2\/users\/1"}],"replies":[{"embeddable":true,"href":"https:\/\/www.nilorn.com\/sv\/wp-json\/wp\/v2\/comments?post=3066"}],"version-history":[{"count":53,"href":"https:\/\/www.nilorn.com\/sv\/wp-json\/wp\/v2\/pages\/3066\/revisions"}],"predecessor-version":[{"id":18068,"href":"https:\/\/www.nilorn.com\/sv\/wp-json\/wp\/v2\/pages\/3066\/revisions\/18068"}],"wp:featuredmedia":[{"embeddable":true,"href":"https:\/\/www.nilorn.com\/sv\/wp-json\/wp\/v2\/media\/11909"}],"wp:attachment":[{"href":"https:\/\/www.nilorn.com\/sv\/wp-json\/wp\/v2\/media?parent=3066"}],"curies":[{"name":"wp","href":"https:\/\/api.w.org\/{rel}","templated":true}]}}