{"id":3072,"date":"2020-04-24T16:13:15","date_gmt":"2020-04-24T14:13:15","guid":{"rendered":"https:\/\/www.nilorn.com\/hallbarhet\/var-hallbarhetsstrategi\/"},"modified":"2025-06-23T19:24:01","modified_gmt":"2025-06-23T17:24:01","slug":"var-hallbarhetsstrategi","status":"publish","type":"page","link":"https:\/\/www.nilorn.com\/sv\/hallbarhet\/var-hallbarhetsstrategi\/","title":{"rendered":"H\u00e5llbarhetsstrategi"},"content":{"rendered":"<p>[et_pb_section fb_built=&#8221;1&#8243; _builder_version=&#8221;4.23.1&#8243; _dynamic_attributes=&#8221;background_image&#8221; background_image=&#8221;@ET-DC@eyJkeW5hbWljIjp0cnVlLCJjb250ZW50IjoicG9zdF9mZWF0dXJlZF9pbWFnZSIsInNldHRpbmdzIjp7fX0=@&#8221; da_disable_devices=&#8221;off|off|off&#8221; global_colors_info=&#8221;{}&#8221; da_is_popup=&#8221;off&#8221; da_exit_intent=&#8221;off&#8221; da_has_close=&#8221;on&#8221; da_alt_close=&#8221;off&#8221; da_dark_close=&#8221;off&#8221; da_not_modal=&#8221;on&#8221; da_is_singular=&#8221;off&#8221; da_with_loader=&#8221;off&#8221; da_has_shadow=&#8221;on&#8221;][et_pb_row _builder_version=&#8221;4.16&#8243; global_colors_info=&#8221;{}&#8221;][et_pb_column type=&#8221;4_4&#8243; _builder_version=&#8221;4.16&#8243; global_colors_info=&#8221;{}&#8221;][et_pb_divider show_divider=&#8221;off&#8221; _builder_version=&#8221;4.16&#8243; min_height=&#8221;200px&#8221; min_height_tablet=&#8221;&#8221; min_height_phone=&#8221;100px&#8221; min_height_last_edited=&#8221;on|phone&#8221; height=&#8221;25vh&#8221; height_tablet=&#8221;&#8221; height_phone=&#8221;15vh&#8221; height_last_edited=&#8221;on|phone&#8221; global_colors_info=&#8221;{}&#8221;][\/et_pb_divider][\/et_pb_column][\/et_pb_row][\/et_pb_section][et_pb_section fb_built=&#8221;1&#8243; _builder_version=&#8221;4.16&#8243; da_disable_devices=&#8221;off|off|off&#8221; global_colors_info=&#8221;{}&#8221; da_is_popup=&#8221;off&#8221; da_exit_intent=&#8221;off&#8221; da_has_close=&#8221;on&#8221; da_alt_close=&#8221;off&#8221; da_dark_close=&#8221;off&#8221; da_not_modal=&#8221;on&#8221; da_is_singular=&#8221;off&#8221; da_with_loader=&#8221;off&#8221; da_has_shadow=&#8221;on&#8221;][et_pb_row custom_padding_last_edited=&#8221;on|phone&#8221; _builder_version=&#8221;4.16&#8243; custom_padding=&#8221;50px||30px||false|false&#8221; custom_padding_tablet=&#8221;&#8221; custom_padding_phone=&#8221;0px||0px||false|false&#8221; animation_style=&#8221;fade&#8221; global_colors_info=&#8221;{}&#8221;][et_pb_column type=&#8221;4_4&#8243; _builder_version=&#8221;4.16&#8243; global_colors_info=&#8221;{}&#8221;][et_pb_text admin_label=&#8221;Header text&#8221; _builder_version=&#8221;4.21.0&#8243; _dynamic_attributes=&#8221;content&#8221; header_font=&#8221;|300|||||||&#8221; header_text_align=&#8221;center&#8221; text_orientation=&#8221;center&#8221; module_alignment=&#8221;center&#8221; header_font_size_tablet=&#8221;&#8221; header_font_size_phone=&#8221;30px&#8221; header_font_size_last_edited=&#8221;on|phone&#8221; global_colors_info=&#8221;{}&#8221;]@ET-DC@eyJkeW5hbWljIjp0cnVlLCJjb250ZW50IjoicG9zdF90aXRsZSIsInNldHRpbmdzIjp7ImJlZm9yZSI6IjxoMT4iLCJhZnRlciI6IjxcL2gxPiJ9fQ==@[\/et_pb_text][\/et_pb_column][\/et_pb_row][et_pb_row _builder_version=&#8221;4.16&#8243; max_width=&#8221;800px&#8221; animation_style=&#8221;fade&#8221; global_colors_info=&#8221;{}&#8221;][et_pb_column type=&#8221;4_4&#8243; _builder_version=&#8221;4.16&#8243; global_colors_info=&#8221;{}&#8221;][et_pb_text _builder_version=&#8221;4.21.0&#8243; text_line_height=&#8221;2.3em&#8221; text_orientation=&#8221;center&#8221; text_line_height_tablet=&#8221;&#8221; text_line_height_phone=&#8221;2em&#8221; text_line_height_last_edited=&#8221;on|phone&#8221; global_colors_info=&#8221;{}&#8221;]<\/p>\n<p>Vi levererar v\u00e5ra produkter till mer \u00e4n 85 l\u00e4nder runt om i v\u00e4rlden och utg\u00f6r d\u00e4rmed en del av omfattande leveranskedjor. Vi vet att en s\u00e5dan global n\u00e4rvaro kr\u00e4ver globalt ansvarsfulla \u00e5tg\u00e4rder. Vi str\u00e4var efter att vara ledande inom h\u00e5llbarhetsarbete i v\u00e5r bransch, och genom att underteckna Global Compact f\u00f6rbinder vi oss att st\u00e4ndigt f\u00f6rb\u00e4ttra v\u00e5ra metoder.<\/p>\n<p>[\/et_pb_text][\/et_pb_column][\/et_pb_row][\/et_pb_section][et_pb_section fb_built=&#8221;1&#8243; _builder_version=&#8221;4.16&#8243; background_color=&#8221;#eeeeee&#8221; custom_padding=&#8221;100px||100px||true|false&#8221; da_disable_devices=&#8221;off|off|off&#8221; global_colors_info=&#8221;{}&#8221; da_is_popup=&#8221;off&#8221; da_exit_intent=&#8221;off&#8221; da_has_close=&#8221;on&#8221; da_alt_close=&#8221;off&#8221; da_dark_close=&#8221;off&#8221; da_not_modal=&#8221;on&#8221; da_is_singular=&#8221;off&#8221; da_with_loader=&#8221;off&#8221; da_has_shadow=&#8221;on&#8221;][et_pb_row use_custom_gutter=&#8221;on&#8221; gutter_width=&#8221;4&#8243; make_equal=&#8221;on&#8221; _builder_version=&#8221;4.21.0&#8243; background_enable_color=&#8221;off&#8221; max_width=&#8221;860px&#8221; global_colors_info=&#8221;{}&#8221;][et_pb_column type=&#8221;4_4&#8243; _builder_version=&#8221;4.16&#8243; global_colors_info=&#8221;{}&#8221;][et_pb_text _builder_version=&#8221;4.23.1&#8243; text_text_color=&#8221;#000000&#8243; text_line_height=&#8221;2.3em&#8221; text_orientation=&#8221;center&#8221; custom_padding=&#8221;||3rem||false|false&#8221; text_line_height_tablet=&#8221;&#8221; text_line_height_phone=&#8221;2em&#8221; text_line_height_last_edited=&#8221;on|phone&#8221; global_colors_info=&#8221;{}&#8221;]<\/p>\n<p>Nil\u00f6rns h\u00e5llbarhetsstrategi beskriver v\u00e5ra m\u00e5l och fokusomr\u00e5den p\u00e5 l\u00e5ng sikt. Den bygger p\u00e5 v\u00e5r mission \u201dAdding value to your brand\u201d, tillsammans med Global Compacts 10 principer om m\u00e4nskliga r\u00e4ttigheter, arbetsr\u00e4tt, milj\u00f6 och antikorruption, m\u00e5len f\u00f6r h\u00e5llbar utveckling (SDG) och v\u00e4gleds av en omfattande v\u00e4sentlighetsanalys.<\/p>\n<p>[\/et_pb_text][et_pb_image src=&#8221;https:\/\/www.nilorn.com\/wp-content\/uploads\/2023\/08\/our-approach-info-gfx.svg&#8221; title_text=&#8221;our-approach-info-gfx-mobile&#8221; align=&#8221;center&#8221; src_tablet=&#8221;https:\/\/www.nilorn.com\/wp-content\/uploads\/2023\/08\/our-approach-info-gfx.svg&#8221; src_phone=&#8221;https:\/\/www.nilorn.com\/wp-content\/uploads\/2023\/08\/our-approach-info-gfx-mobile.svg&#8221; src_last_edited=&#8221;on|phone&#8221; disabled_on=&#8221;off|off|off&#8221; _builder_version=&#8221;4.21.0&#8243; width=&#8221;80%&#8221; width_tablet=&#8221;80%&#8221; width_phone=&#8221;auto&#8221; width_last_edited=&#8221;on|phone&#8221; max_width=&#8221;680px&#8221; max_width_tablet=&#8221;80%&#8221; max_width_phone=&#8221;100%&#8221; max_width_last_edited=&#8221;on|phone&#8221; module_alignment=&#8221;center&#8221; global_colors_info=&#8221;{}&#8221;][\/et_pb_image][\/et_pb_column][\/et_pb_row][\/et_pb_section][et_pb_section fb_built=&#8221;1&#8243; _builder_version=&#8221;4.16&#8243; da_disable_devices=&#8221;off|off|off&#8221; global_colors_info=&#8221;{}&#8221; da_is_popup=&#8221;off&#8221; da_exit_intent=&#8221;off&#8221; da_has_close=&#8221;on&#8221; da_alt_close=&#8221;off&#8221; da_dark_close=&#8221;off&#8221; da_not_modal=&#8221;on&#8221; da_is_singular=&#8221;off&#8221; da_with_loader=&#8221;off&#8221; da_has_shadow=&#8221;on&#8221;][et_pb_row custom_padding_last_edited=&#8221;on|phone&#8221; _builder_version=&#8221;4.16&#8243; custom_padding=&#8221;50px||30px||false|false&#8221; custom_padding_tablet=&#8221;&#8221; custom_padding_phone=&#8221;0px||0px||false|false&#8221; animation_style=&#8221;fade&#8221; global_colors_info=&#8221;{}&#8221;][et_pb_column type=&#8221;4_4&#8243; _builder_version=&#8221;4.16&#8243; global_colors_info=&#8221;{}&#8221;][et_pb_text admin_label=&#8221;Sub Header text&#8221; _builder_version=&#8221;4.16&#8243; header_font=&#8221;|300|||||||&#8221; header_text_align=&#8221;center&#8221; header_2_font=&#8221;|300|||||||&#8221; header_2_font_size=&#8221;27px&#8221; text_orientation=&#8221;center&#8221; header_font_size_tablet=&#8221;&#8221; header_font_size_phone=&#8221;30px&#8221; header_font_size_last_edited=&#8221;on|phone&#8221; global_colors_info=&#8221;{}&#8221;]<\/p>\n<h2>V\u00e5ra fokusm\u00e5l<\/h2>\n<p>[\/et_pb_text][\/et_pb_column][\/et_pb_row][et_pb_row _builder_version=&#8221;4.16&#8243; max_width=&#8221;770px&#8221; animation_style=&#8221;fade&#8221; global_colors_info=&#8221;{}&#8221;][et_pb_column type=&#8221;4_4&#8243; _builder_version=&#8221;4.16&#8243; global_colors_info=&#8221;{}&#8221;][et_pb_text _builder_version=&#8221;4.16&#8243; text_line_height=&#8221;2.3em&#8221; text_orientation=&#8221;center&#8221; text_line_height_tablet=&#8221;&#8221; text_line_height_phone=&#8221;2em&#8221; text_line_height_last_edited=&#8221;on|phone&#8221; global_colors_info=&#8221;{}&#8221;]<\/p>\n<p>Som undertecknare av FN:s Global Compact samtycker vi frivilligt till att anpassa v\u00e5ra verksamheter och strategier till 10 allm\u00e4nt accepterade principer inom omr\u00e5dena m\u00e4nskliga r\u00e4ttigheter, arbetskraft, milj\u00f6 och antikorruption som en del av v\u00e5r strategi, kultur och dagliga verksamhet. I linje med detta \u00e5tagande \u00e4r v\u00e5r ambition att bidra till FN:s globala m\u00e5l f\u00f6r h\u00e5llbar utveckling (SDG). De flesta globala m\u00e5len kan kopplas till f\u00f6retagets verksamhet och aktiviteter, men vi har konstaterat att sex m\u00e5l \u00e4r s\u00e4rskilt relevanta f\u00f6r Nil\u00f6rn. Dessa sex globala m\u00e5l \u00e4r de som vi bed\u00f6mt att vi har st\u00f6rst inverkan p\u00e5 \u2013 med andra ord de m\u00e5l som v\u00e5r verksamhet p\u00e5verkar mest och d\u00e4r vi ser mest m\u00f6jligheter att bidra till en h\u00e5llbar utveckling.<\/p>\n<p>[\/et_pb_text][et_pb_text admin_label=&#8221;Icons&#8221; _builder_version=&#8221;4.27.4&#8243; _module_preset=&#8221;default&#8221; text_orientation=&#8221;center&#8221; width_tablet=&#8221;65%&#8221; width_phone=&#8221;auto&#8221; width_last_edited=&#8221;on|desktop&#8221; module_alignment=&#8221;center&#8221; custom_padding=&#8221;3rem||||false|false&#8221; hover_enabled=&#8221;0&#8243; global_colors_info=&#8221;{}&#8221; sticky_enabled=&#8221;0&#8243;]<img loading=\"lazy\" decoding=\"async\" class=\"alignnone wp-image-573\" src=\"https:\/\/www.nilorn.com\/wp-content\/uploads\/2020\/07\/5-Gender-equality.png\" alt=\"\" width=\"100\" height=\"101\" \/> <img loading=\"lazy\" decoding=\"async\" class=\"alignnone wp-image-574\" src=\"https:\/\/www.nilorn.com\/wp-content\/uploads\/2020\/07\/6-clean-water-and-anitation.png\" alt=\"\" width=\"100\" height=\"101\" \/> <img loading=\"lazy\" decoding=\"async\" class=\"alignnone wp-image-575\" src=\"https:\/\/www.nilorn.com\/wp-content\/uploads\/2020\/07\/8-decent-work.png\" alt=\"\" width=\"100\" height=\"101\" \/> <img loading=\"lazy\" decoding=\"async\" class=\"alignnone wp-image-576\" src=\"https:\/\/www.nilorn.com\/wp-content\/uploads\/2020\/07\/12-responsible-consumption.png\" alt=\"\" width=\"100\" height=\"101\" \/> <img loading=\"lazy\" decoding=\"async\" class=\"alignnone wp-image-577\" src=\"https:\/\/www.nilorn.com\/wp-content\/uploads\/2020\/07\/13-climate-action.png\" alt=\"\" width=\"100\" height=\"101\" \/> <img loading=\"lazy\" decoding=\"async\" class=\"alignnone wp-image-578\" src=\"https:\/\/www.nilorn.com\/wp-content\/uploads\/2020\/07\/17-partnerships.png\" alt=\"\" width=\"100\" height=\"101\" \/><\/p>\n<p>&nbsp;<\/p>\n<p><a href=\"https:\/\/www.unglobalcompact.org\" target=\"_blank\" rel=\"noopener\" name=\"UN Global Impact\" title=\"UN Global Impact\"><img loading=\"lazy\" decoding=\"async\" class=\"alignnone wp-image-579\" src=\"https:\/\/www.nilorn.com\/wp-content\/uploads\/2020\/07\/UN-global-compact.png\" alt=\"UN Global Impact\" width=\"100\" height=\"121\" \/><\/a>[\/et_pb_text][\/et_pb_column][\/et_pb_row][\/et_pb_section]<\/p>\n","protected":false},"excerpt":{"rendered":"<p>Vi levererar v\u00e5ra produkter till mer \u00e4n 85 l\u00e4nder runt om i v\u00e4rlden och utg\u00f6r d\u00e4rmed en del av omfattande leveranskedjor. Vi vet att en s\u00e5dan global n\u00e4rvaro kr\u00e4ver globalt ansvarsfulla \u00e5tg\u00e4rder. Vi str\u00e4var efter att vara ledande inom h\u00e5llbarhetsarbete i v\u00e5r bransch, och genom att underteckna Global Compact f\u00f6rbinder vi oss att st\u00e4ndigt f\u00f6rb\u00e4ttra [&hellip;]<\/p>\n","protected":false},"author":1,"featured_media":10623,"parent":3066,"menu_order":0,"comment_status":"closed","ping_status":"closed","template":"","meta":{"_et_pb_use_builder":"on","_et_pb_old_content":"","_et_gb_content_width":"","footnotes":""},"class_list":["post-3072","page","type-page","status-publish","has-post-thumbnail","hentry"],"_links":{"self":[{"href":"https:\/\/www.nilorn.com\/sv\/wp-json\/wp\/v2\/pages\/3072","targetHints":{"allow":["GET"]}}],"collection":[{"href":"https:\/\/www.nilorn.com\/sv\/wp-json\/wp\/v2\/pages"}],"about":[{"href":"https:\/\/www.nilorn.com\/sv\/wp-json\/wp\/v2\/types\/page"}],"author":[{"embeddable":true,"href":"https:\/\/www.nilorn.com\/sv\/wp-json\/wp\/v2\/users\/1"}],"replies":[{"embeddable":true,"href":"https:\/\/www.nilorn.com\/sv\/wp-json\/wp\/v2\/comments?post=3072"}],"version-history":[{"count":33,"href":"https:\/\/www.nilorn.com\/sv\/wp-json\/wp\/v2\/pages\/3072\/revisions"}],"predecessor-version":[{"id":15630,"href":"https:\/\/www.nilorn.com\/sv\/wp-json\/wp\/v2\/pages\/3072\/revisions\/15630"}],"up":[{"embeddable":true,"href":"https:\/\/www.nilorn.com\/sv\/wp-json\/wp\/v2\/pages\/3066"}],"wp:featuredmedia":[{"embeddable":true,"href":"https:\/\/www.nilorn.com\/sv\/wp-json\/wp\/v2\/media\/10623"}],"wp:attachment":[{"href":"https:\/\/www.nilorn.com\/sv\/wp-json\/wp\/v2\/media?parent=3072"}],"curies":[{"name":"wp","href":"https:\/\/api.w.org\/{rel}","templated":true}]}}