{"id":3075,"date":"2020-04-27T10:17:29","date_gmt":"2020-04-27T08:17:29","guid":{"rendered":"https:\/\/www.nilorn.com\/hallbarhet\/ansvarsfull-verksamhet-och-styrning\/"},"modified":"2025-06-23T19:29:40","modified_gmt":"2025-06-23T17:29:40","slug":"ansvarsfull-verksamhet-och-styrning","status":"publish","type":"page","link":"https:\/\/www.nilorn.com\/sv\/hallbarhet\/ansvarsfull-verksamhet-och-styrning\/","title":{"rendered":"Ansvarsfull verksamhet och styrning"},"content":{"rendered":"<p>[et_pb_section fb_built=&#8221;1&#8243; _builder_version=&#8221;4.16&#8243; _dynamic_attributes=&#8221;background_image&#8221; background_image=&#8221;@ET-DC@eyJkeW5hbWljIjp0cnVlLCJjb250ZW50IjoicG9zdF9mZWF0dXJlZF9pbWFnZSIsInNldHRpbmdzIjp7fX0=@&#8221; da_disable_devices=&#8221;off|off|off&#8221; global_colors_info=&#8221;{}&#8221; da_is_popup=&#8221;off&#8221; da_exit_intent=&#8221;off&#8221; da_has_close=&#8221;on&#8221; da_alt_close=&#8221;off&#8221; da_dark_close=&#8221;off&#8221; da_not_modal=&#8221;on&#8221; da_is_singular=&#8221;off&#8221; da_with_loader=&#8221;off&#8221; da_has_shadow=&#8221;on&#8221;][et_pb_row _builder_version=&#8221;4.16&#8243; global_colors_info=&#8221;{}&#8221;][et_pb_column type=&#8221;4_4&#8243; _builder_version=&#8221;4.16&#8243; global_colors_info=&#8221;{}&#8221;][et_pb_divider show_divider=&#8221;off&#8221; _builder_version=&#8221;4.4.4&#8243; min_height=&#8221;200px&#8221; min_height_tablet=&#8221;&#8221; min_height_phone=&#8221;100px&#8221; min_height_last_edited=&#8221;on|phone&#8221; height=&#8221;25vh&#8221; height_tablet=&#8221;&#8221; height_phone=&#8221;15vh&#8221; height_last_edited=&#8221;on|phone&#8221;][\/et_pb_divider][\/et_pb_column][\/et_pb_row][\/et_pb_section][et_pb_section fb_built=&#8221;1&#8243; _builder_version=&#8221;4.16&#8243; da_disable_devices=&#8221;off|off|off&#8221; global_colors_info=&#8221;{}&#8221; da_is_popup=&#8221;off&#8221; da_exit_intent=&#8221;off&#8221; da_has_close=&#8221;on&#8221; da_alt_close=&#8221;off&#8221; da_dark_close=&#8221;off&#8221; da_not_modal=&#8221;on&#8221; da_is_singular=&#8221;off&#8221; da_with_loader=&#8221;off&#8221; da_has_shadow=&#8221;on&#8221;][et_pb_row custom_padding_last_edited=&#8221;on|desktop&#8221; _builder_version=&#8221;4.16&#8243; max_width=&#8221;600px&#8221; custom_padding=&#8221;50px||30px||false|false&#8221; custom_padding_tablet=&#8221;&#8221; custom_padding_phone=&#8221;0px||0px||false|false&#8221; animation_style=&#8221;fade&#8221; global_colors_info=&#8221;{}&#8221;][et_pb_column type=&#8221;4_4&#8243; _builder_version=&#8221;4.16&#8243; global_colors_info=&#8221;{}&#8221;][et_pb_text admin_label=&#8221;Header text&#8221; _builder_version=&#8221;4.16&#8243; _dynamic_attributes=&#8221;content&#8221; header_font=&#8221;|300|||||||&#8221; header_text_align=&#8221;center&#8221; text_orientation=&#8221;center&#8221; header_font_size_tablet=&#8221;&#8221; header_font_size_phone=&#8221;30px&#8221; header_font_size_last_edited=&#8221;on|phone&#8221; global_colors_info=&#8221;{}&#8221;]@ET-DC@eyJkeW5hbWljIjp0cnVlLCJjb250ZW50IjoicG9zdF90aXRsZSIsInNldHRpbmdzIjp7ImJlZm9yZSI6IjxoMT4iLCJhZnRlciI6IjxcL2gxPiJ9fQ==@[\/et_pb_text][\/et_pb_column][\/et_pb_row][et_pb_row _builder_version=&#8221;4.16&#8243; max_width=&#8221;708px&#8221; animation_style=&#8221;fade&#8221; global_colors_info=&#8221;{}&#8221;][et_pb_column type=&#8221;4_4&#8243; _builder_version=&#8221;4.16&#8243; global_colors_info=&#8221;{}&#8221;][et_pb_text admin_label=&#8221;Intro text&#8221; _builder_version=&#8221;4.21.0&#8243; text_line_height=&#8221;2.3em&#8221; text_orientation=&#8221;center&#8221; text_line_height_tablet=&#8221;&#8221; text_line_height_phone=&#8221;2em&#8221; text_line_height_last_edited=&#8221;on|desktop&#8221; global_colors_info=&#8221;{}&#8221;]Som ett globalt verksamt f\u00f6retag \u00e4r vi inf\u00f6rst\u00e5dda med v\u00e5rt ansvar att respektera internationella standarder och metoder. Nil\u00f6rn har undertecknat FN:s Global Compact-initiativ f\u00f6r f\u00f6retagsansvar inom h\u00e5llbarhetsomr\u00e5det. Som undertecknare samtycker vi frivilligt till att anpassa v\u00e5ra verksamheter och strategier till 10 allm\u00e4nt accepterade principer inom omr\u00e5dena m\u00e4nskliga r\u00e4ttigheter, arbetskraft, milj\u00f6 och antikorruption som en del av v\u00e5r strategi, kultur och dagliga verksamhet. FN:s Global Compact \u00e4r det st\u00f6rsta h\u00e5llbarhetsinitiativet i v\u00e4rlden, med \u00f6ver 12 000 medverkande f\u00f6retag och organisationer i mer \u00e4n 160 l\u00e4nder.[\/et_pb_text][\/et_pb_column][\/et_pb_row][et_pb_row _builder_version=&#8221;4.16&#8243; locked=&#8221;off&#8221; global_colors_info=&#8221;{}&#8221;][et_pb_column type=&#8221;4_4&#8243; _builder_version=&#8221;4.16&#8243; custom_padding_last_edited=&#8221;off|phone&#8221; global_colors_info=&#8221;{}&#8221;][et_pb_image src=&#8221;https:\/\/www.nilorn.com\/wp-content\/uploads\/2023\/12\/arrow-down.png&#8221; title_text=&#8221;arrow-down&#8221; url=&#8221;#internal-properties&#8221; align=&#8221;center&#8221; admin_label=&#8221;Arrow down &#8211; Image&#8221; module_class=&#8221;arrow-down&#8221; _builder_version=&#8221;4.23.1&#8243; module_alignment=&#8221;center&#8221; min_height=&#8221;40px&#8221; height=&#8221;2vh&#8221; max_height=&#8221;100px&#8221; animation_style=&#8221;slide&#8221; animation_direction=&#8221;top&#8221; animation_duration=&#8221;800ms&#8221; animation_delay=&#8221;200ms&#8221; animation_intensity_slide=&#8221;30%&#8221; global_colors_info=&#8221;{}&#8221;][\/et_pb_image][\/et_pb_column][\/et_pb_row][\/et_pb_section][et_pb_section fb_built=&#8221;1&#8243; module_id=&#8221;internal-properties&#8221; _builder_version=&#8221;4.16&#8243; background_color=&#8221;#eeeeee&#8221; custom_padding=&#8221;||100px||false|false&#8221; da_disable_devices=&#8221;off|off|off&#8221; global_colors_info=&#8221;{}&#8221; da_is_popup=&#8221;off&#8221; da_exit_intent=&#8221;off&#8221; da_has_close=&#8221;on&#8221; da_alt_close=&#8221;off&#8221; da_dark_close=&#8221;off&#8221; da_not_modal=&#8221;on&#8221; da_is_singular=&#8221;off&#8221; da_with_loader=&#8221;off&#8221; da_has_shadow=&#8221;on&#8221;][et_pb_row _builder_version=&#8221;4.16&#8243; _module_preset=&#8221;default&#8221; max_width=&#8221;800px&#8221; custom_padding=&#8221;||4rem||false|false&#8221; global_colors_info=&#8221;{}&#8221;][et_pb_column type=&#8221;4_4&#8243; _builder_version=&#8221;4.16&#8243; _module_preset=&#8221;default&#8221; global_colors_info=&#8221;{}&#8221;][et_pb_text admin_label=&#8221;Text&#8221; _builder_version=&#8221;4.27.4&#8243; text_text_color=&#8221;#000000&#8243; text_line_height=&#8221;2.3em&#8221; text_orientation=&#8221;center&#8221; hover_enabled=&#8221;0&#8243; text_line_height_tablet=&#8221;&#8221; text_line_height_phone=&#8221;2em&#8221; text_line_height_last_edited=&#8221;on|desktop&#8221; global_colors_info=&#8221;{}&#8221; sticky_enabled=&#8221;0&#8243;]<\/p>\n<p>Nil\u00f6rns CSR- och Sustainability Advisory Team (CSAT) inr\u00e4ttades \u00e5r 2018 i syfte att ytterligare integrera samh\u00e4llsansvar (CSR) och h\u00e5llbarhet i f\u00f6retagets dagliga verksamhet. Teamet som arbetar med att f\u00f6rankra m\u00e5len i hela organisationen, best\u00e5r av medarbetare fr\u00e5n olika Nil\u00f6rn-kontor som f\u00f6retr\u00e4der avdelningarna design, produktutveckling, produktion, ink\u00f6p, f\u00f6rs\u00e4ljning, CSR och h\u00e5llbarhet.<\/p>\n<p><\/p>\n<p>F\u00f6r att kunna basera v\u00e5rt dagliga arbete p\u00e5 denna h\u00e5llbarhetsvision har vi utvecklat ett antal interna policyer som st\u00f6der v\u00e5r vision och v\u00e5ra v\u00e4rderingar.<\/p>\n<p>[\/et_pb_text][\/et_pb_column][\/et_pb_row][et_pb_row custom_padding_last_edited=&#8221;on|phone&#8221; _builder_version=&#8221;4.16&#8243; background_color=&#8221;#ffffff&#8221; custom_padding=&#8221;5rem|6rem|5rem|6rem|true|true&#8221; custom_padding_tablet=&#8221;3rem|3rem|3rem|3rem|true|true&#8221; custom_padding_phone=&#8221;|2rem||2rem|true|true&#8221; animation_style=&#8221;fade&#8221; animation_duration=&#8221;700ms&#8221; global_colors_info=&#8221;{}&#8221;][et_pb_column type=&#8221;4_4&#8243; _builder_version=&#8221;4.16&#8243; global_colors_info=&#8221;{}&#8221;][et_pb_text admin_label=&#8221;Heading &#8211; Nil\u00f6rn Internal Policies&#8221; _builder_version=&#8221;4.27.4&#8243; header_2_font=&#8221;|300|||||||&#8221; header_2_font_size=&#8221;40px&#8221; animation_style=&#8221;fade&#8221; animation_duration=&#8221;800ms&#8221; animation_delay=&#8221;200ms&#8221; header_2_font_size_tablet=&#8221;&#8221; header_2_font_size_phone=&#8221;28px&#8221; header_2_font_size_last_edited=&#8221;on|tablet&#8221; global_colors_info=&#8221;{}&#8221;]<\/p>\n<h2>Nil\u00f6rns interna policyer<\/h2>\n<p>[\/et_pb_text][et_pb_text admin_label=&#8221;List of internal properties&#8221; module_class=&#8221;internal-properties-text&#8221; _builder_version=&#8221;4.27.4&#8243; text_text_color=&#8221;#000000&#8243; header_4_font_size=&#8221;17px&#8221; custom_padding_last_edited=&#8221;off|phone&#8221; animation_style=&#8221;fade&#8221; animation_duration=&#8221;800ms&#8221; animation_delay=&#8221;250ms&#8221; hover_enabled=&#8221;0&#8243; global_colors_info=&#8221;{}&#8221; header_3_font_size=&#8221;17px&#8221; sticky_enabled=&#8221;0&#8243;]<\/p>\n<h3>Uppf\u00f6randekod<\/h3>\n<p><\/p>\n<p>Ger v\u00e4gledning kring v\u00e5ra v\u00e4rderingar, beteenden och arbetss\u00e4tt f\u00f6r samtliga Nil\u00f6rn-medarbetare. Den styr v\u00e5rt dagliga arbete och t\u00e4cker omr\u00e5den som efterlevnad av lagar, respekt p\u00e5 arbetsplatsen, skydd av f\u00f6retagets egendom, professionalism, antikorruption, arbetsuppgifter, teamwork och kommunikation.<\/p>\n<p><\/p>\n<p><a href=\"https:\/\/www.nilorn.com\/wp-content\/uploads\/2025\/04\/Code-of-Ethics-and-Business-Conduct.pdf\" target=\"_blank\" rel=\"noopener\">L\u00e4s den fullst\u00e4ndiga policyn<\/a><\/p>\n<p><\/p>\n<h3>CSR- och Milj\u00f6policy<\/h3>\n<p><\/p>\n<p>Detta \u00e4r v\u00e5ra interna riktlinjer som syftar till att l\u00e4gga grunden f\u00f6r hur vi arbetar med socialt, milj\u00f6m\u00e4ssigt och etiskt ansvar. De \u00e4r baserade p\u00e5 v\u00e5rt engagemang f\u00f6r h\u00e5llbarhet och omfattar samtliga Nil\u00f6rn-medarbetare.<\/p>\n<p><\/p>\n<p><a href=\"https:\/\/www.nilorn.com\/wp-content\/uploads\/2025\/04\/CSR-policy.pdf\" target=\"_blank\" rel=\"noopener\">L\u00e4s v\u00e5r CSR-policy<\/a><\/p>\n<p><\/p>\n<p><a href=\"https:\/\/www.nilorn.com\/wp-content\/uploads\/2025\/04\/Environmental-Policy.pdf\" target=\"_blank\" rel=\"noopener\">L\u00e4s v\u00e5r milj\u00f6policy<\/a><\/p>\n<p><\/p>\n<h3>Antikorruptionspolicy<\/h3>\n<p><\/p>\n<p>V\u00e5r antikorruptionspolicy inneh\u00e5ller organisationens obligatoriska regler och riktlinjer f\u00f6r g\u00e5vor och andra tecken p\u00e5 uppskattning. Den beskriver \u00e4ven rutinerna f\u00f6r hur man som anst\u00e4lld tar upp etiska fr\u00e5gor eller anm\u00e4ler eventuella brott eller misst\u00e4nkta brott mot f\u00f6retagets uppf\u00f6randekod.<\/p>\n<p><\/p>\n<p><a href=\"https:\/\/www.nilorn.com\/wp-content\/uploads\/2025\/04\/Anti-Corruption-and-bribery-policy.pdf\" target=\"_blank\" rel=\"noopener\">L\u00e4s den fullst\u00e4ndiga policyn<\/a><\/p>\n<p><\/p>\n<h3>Policy f\u00f6r m\u00e4nskliga r\u00e4ttigheter<\/h3>\n<p><\/p>\n<p>Nil\u00f6rns f\u00f6rh\u00e5llningss\u00e4tt till m\u00e4nskliga r\u00e4ttigheter \u00e4r baserat p\u00e5 FN:s v\u00e4gledande principer f\u00f6r f\u00f6retag och m\u00e4nskliga r\u00e4ttigheter och ramverket \u201dSkydda, respektera och \u00e5tg\u00e4rda\u201d. Policyn f\u00f6r m\u00e4nskliga r\u00e4ttigheter omfattar alla Nil\u00f6rn-medarbetare. Den omfattar \u00e4ven, s\u00e5 l\u00e5ngt det \u00e4r m\u00f6jligt, v\u00e5r v\u00e4rdekedja nedstr\u00f6ms och uppstr\u00f6ms via leverant\u00f6rer och aff\u00e4rspartner.<\/p>\n<p><\/p>\n<p><a href=\"https:\/\/www.nilorn.com\/wp-content\/uploads\/2025\/04\/Human-Rights-Policy.pdf\" target=\"_blank\" rel=\"noopener\">L\u00e4s den fullst\u00e4ndiga policyn<\/a><\/p>\n<p><\/p>\n<h3>UK Modern Slavery Act<\/h3>\n<p><\/p>\n<p>Sedan 2017 publicerar Nil\u00f6rn ett meddelande enligt Storbritanniens Modern Slavery Act, d\u00e4r vi redog\u00f6r f\u00f6r de \u00e5tg\u00e4rder vi vidtar f\u00f6r att s\u00e4nka risken f\u00f6r modernt slaveri i leverant\u00f6rskedjan och aff\u00e4rsverksamheten. Meddelandet publiceras p\u00e5 Nil\u00f6rns webbplats. Det \u00e5terspeglar v\u00e5r strategi f\u00f6r nolltolerans gentemot modernt slaveri i alla former, och de olika formerna av modernt slaveri t\u00e4cks av fokusomr\u00e5dena i v\u00e5ra leveranskedjerevisioner.<\/p>\n<p><\/p>\n<p><a href=\"https:\/\/www.nilorn.com\/wp-content\/uploads\/2024\/08\/Nilorngruppen-AB-Modern-Slavery-Human-Trafficking-Statement-2024.pdf\" target=\"_blank\" rel=\"noopener\">Modern Slavery Human Trafficking Statement<\/a><\/p>\n<p><\/p>\n<h3>Animal Welfare Policy<\/h3>\n<p><\/p>\n<p>Som leverant\u00f6r av etiketter och varum\u00e4rkesprodukter tillverkade av material som ibland har animaliskt ursprung, har Nil\u00f6rn ett ansvar f\u00f6r djurens v\u00e4lf\u00e4rd. Vi s\u00e4kerst\u00e4ller att material kommer fr\u00e5n ansvarsfulla k\u00e4llor och att alla leverant\u00f6rer f\u00f6ljer nationell och internationell djurskyddslagstiftning. Nil\u00f6rn f\u00f6ljer rekommendationerna om \u201dDe fem friheterna\u201d fr\u00e5n V\u00e4rldsorganisationen f\u00f6r djurh\u00e4lsa (WOAH), som ger v\u00e4gledning inom djurv\u00e4lf\u00e4rdsomr\u00e5det. Material med animaliskt ursprung erh\u00e5lls enbart som biprodukter och aldrig fr\u00e5n hotade eller s\u00e5rbara arter som listas av CITES eller IUCN. Denna policy g\u00e4ller f\u00f6r v\u00e5r verksamhet och alla akt\u00f6rer i v\u00e4rdekedjan. H\u00e5llbarhetsansvarig f\u00f6ljer upp och uppdaterar policyn \u00e5rligen.<\/p>\n<p><\/p>\n<p><a href=\"https:\/\/www.nilorn.com\/wp-content\/uploads\/2023\/04\/Policy-on-Raw-Materials-with-Animal-origin.pdf\" target=\"_blank\" rel=\"noopener\">L\u00e4s den fullst\u00e4ndiga policyn<\/a><\/p>\n<p><\/p>\n<h3>Uppf\u00f6randekod f\u00f6r leverant\u00f6rer<\/h3>\n<p><\/p>\n<p>Fungerar som en gemensam grund f\u00f6r oss och v\u00e5ra leverant\u00f6rer n\u00e4r det g\u00e4ller att agera p\u00e5 ett ansvarsfullt s\u00e4tt, inklusive fokus p\u00e5 socialt ansvar och goda arbetsvillkor. F\u00f6retag som till\u00e4mpar denna kod f\u00f6rv\u00e4ntas \u00e4ven f\u00f6lja nationell och annan till\u00e4mplig lagstiftning och inte vara inblandade i korruption, utpressning eller f\u00f6rskingring, eller n\u00e5gon form av mutor.<\/p>\n<p><\/p>\n<p><a href=\"https:\/\/www.nilorn.com\/wp-content\/uploads\/2025\/04\/Supplier-code-of-conduct.pdf\" target=\"_blank\" rel=\"noopener\">L\u00e4s den fullst\u00e4ndiga policyn<\/a><\/p>\n<p>[\/et_pb_text][\/et_pb_column][\/et_pb_row][\/et_pb_section]<\/p>\n","protected":false},"excerpt":{"rendered":"<p>Som ett globalt verksamt f\u00f6retag \u00e4r vi inf\u00f6rst\u00e5dda med v\u00e5rt ansvar att respektera internationella standarder och metoder. Nil\u00f6rn har undertecknat FN:s Global Compact-initiativ f\u00f6r f\u00f6retagsansvar inom h\u00e5llbarhetsomr\u00e5det. Som undertecknare samtycker vi frivilligt till att anpassa v\u00e5ra verksamheter och strategier till 10 allm\u00e4nt accepterade principer inom omr\u00e5dena m\u00e4nskliga r\u00e4ttigheter, arbetskraft, milj\u00f6 och antikorruption som en del [&hellip;]<\/p>\n","protected":false},"author":1,"featured_media":10626,"parent":3066,"menu_order":0,"comment_status":"closed","ping_status":"closed","template":"","meta":{"_et_pb_use_builder":"on","_et_pb_old_content":"","_et_gb_content_width":"","footnotes":""},"class_list":["post-3075","page","type-page","status-publish","has-post-thumbnail","hentry"],"_links":{"self":[{"href":"https:\/\/www.nilorn.com\/sv\/wp-json\/wp\/v2\/pages\/3075","targetHints":{"allow":["GET"]}}],"collection":[{"href":"https:\/\/www.nilorn.com\/sv\/wp-json\/wp\/v2\/pages"}],"about":[{"href":"https:\/\/www.nilorn.com\/sv\/wp-json\/wp\/v2\/types\/page"}],"author":[{"embeddable":true,"href":"https:\/\/www.nilorn.com\/sv\/wp-json\/wp\/v2\/users\/1"}],"replies":[{"embeddable":true,"href":"https:\/\/www.nilorn.com\/sv\/wp-json\/wp\/v2\/comments?post=3075"}],"version-history":[{"count":33,"href":"https:\/\/www.nilorn.com\/sv\/wp-json\/wp\/v2\/pages\/3075\/revisions"}],"predecessor-version":[{"id":15634,"href":"https:\/\/www.nilorn.com\/sv\/wp-json\/wp\/v2\/pages\/3075\/revisions\/15634"}],"up":[{"embeddable":true,"href":"https:\/\/www.nilorn.com\/sv\/wp-json\/wp\/v2\/pages\/3066"}],"wp:featuredmedia":[{"embeddable":true,"href":"https:\/\/www.nilorn.com\/sv\/wp-json\/wp\/v2\/media\/10626"}],"wp:attachment":[{"href":"https:\/\/www.nilorn.com\/sv\/wp-json\/wp\/v2\/media?parent=3075"}],"curies":[{"name":"wp","href":"https:\/\/api.w.org\/{rel}","templated":true}]}}