{"id":3081,"date":"2020-04-24T14:59:55","date_gmt":"2020-04-24T12:59:55","guid":{"rendered":"https:\/\/www.nilorn.com\/hallbarhet\/vi-tillhandahaller\/"},"modified":"2024-01-03T08:43:46","modified_gmt":"2024-01-03T07:43:46","slug":"vi-tillhandahaller","status":"publish","type":"page","link":"https:\/\/www.nilorn.com\/sv\/hallbarhet\/vi-tillhandahaller\/","title":{"rendered":"Vi tillhandah\u00e5ller"},"content":{"rendered":"<p>[et_pb_section fb_built=&#8221;1&#8243; _builder_version=&#8221;4.23.1&#8243; _dynamic_attributes=&#8221;background_image&#8221; background_image=&#8221;@ET-DC@eyJkeW5hbWljIjp0cnVlLCJjb250ZW50IjoicG9zdF9mZWF0dXJlZF9pbWFnZSIsInNldHRpbmdzIjp7fX0=@&#8221; da_disable_devices=&#8221;off|off|off&#8221; global_colors_info=&#8221;{}&#8221; da_is_popup=&#8221;off&#8221; da_exit_intent=&#8221;off&#8221; da_has_close=&#8221;on&#8221; da_alt_close=&#8221;off&#8221; da_dark_close=&#8221;off&#8221; da_not_modal=&#8221;on&#8221; da_is_singular=&#8221;off&#8221; da_with_loader=&#8221;off&#8221; da_has_shadow=&#8221;on&#8221;][et_pb_row _builder_version=&#8221;4.16&#8243; global_colors_info=&#8221;{}&#8221;][et_pb_column type=&#8221;4_4&#8243; _builder_version=&#8221;4.16&#8243; global_colors_info=&#8221;{}&#8221;][et_pb_divider show_divider=&#8221;off&#8221; _builder_version=&#8221;4.16&#8243; min_height=&#8221;200px&#8221; min_height_tablet=&#8221;&#8221; min_height_phone=&#8221;100px&#8221; min_height_last_edited=&#8221;on|phone&#8221; height=&#8221;25vh&#8221; height_tablet=&#8221;&#8221; height_phone=&#8221;15vh&#8221; height_last_edited=&#8221;on|phone&#8221; global_colors_info=&#8221;{}&#8221;][\/et_pb_divider][\/et_pb_column][\/et_pb_row][\/et_pb_section][et_pb_section fb_built=&#8221;1&#8243; _builder_version=&#8221;4.16&#8243; da_disable_devices=&#8221;off|off|off&#8221; global_colors_info=&#8221;{}&#8221; da_is_popup=&#8221;off&#8221; da_exit_intent=&#8221;off&#8221; da_has_close=&#8221;on&#8221; da_alt_close=&#8221;off&#8221; da_dark_close=&#8221;off&#8221; da_not_modal=&#8221;on&#8221; da_is_singular=&#8221;off&#8221; da_with_loader=&#8221;off&#8221; da_has_shadow=&#8221;on&#8221;][et_pb_row custom_padding_last_edited=&#8221;on|phone&#8221; _builder_version=&#8221;4.16&#8243; custom_padding=&#8221;50px||30px||false|false&#8221; custom_padding_tablet=&#8221;&#8221; custom_padding_phone=&#8221;0px||0px||false|false&#8221; animation_style=&#8221;fade&#8221; global_colors_info=&#8221;{}&#8221;][et_pb_column type=&#8221;4_4&#8243; _builder_version=&#8221;4.16&#8243; global_colors_info=&#8221;{}&#8221;][et_pb_text admin_label=&#8221;Header text&#8221; _builder_version=&#8221;4.16&#8243; _dynamic_attributes=&#8221;content&#8221; header_font=&#8221;|300|||||||&#8221; header_text_align=&#8221;center&#8221; text_orientation=&#8221;center&#8221; global_colors_info=&#8221;{}&#8221;]@ET-DC@eyJkeW5hbWljIjp0cnVlLCJjb250ZW50IjoicG9zdF90aXRsZSIsInNldHRpbmdzIjp7ImJlZm9yZSI6IjxoMT4iLCJhZnRlciI6IjxcL2gxPiJ9fQ==@[\/et_pb_text][\/et_pb_column][\/et_pb_row][et_pb_row _builder_version=&#8221;4.16&#8243; max_width=&#8221;800px&#8221; animation_style=&#8221;fade&#8221; global_colors_info=&#8221;{}&#8221;][et_pb_column type=&#8221;4_4&#8243; _builder_version=&#8221;4.16&#8243; global_colors_info=&#8221;{}&#8221;][et_pb_text _builder_version=&#8221;4.21.0&#8243; text_line_height=&#8221;2.3em&#8221; text_orientation=&#8221;center&#8221; text_line_height_tablet=&#8221;&#8221; text_line_height_phone=&#8221;2em&#8221; text_line_height_last_edited=&#8221;on|phone&#8221; global_colors_info=&#8221;{}&#8221;]<\/p>\n<p>Vi arbetar m\u00e5lmedvetet f\u00f6r att vara innovativa i allt vi g\u00f6r, fr\u00e5n design och formgivning till hur v\u00e5ra produkter n\u00e5r v\u00e5ra kunder. Vi utvecklas kontinuerligt f\u00f6r att uppfylla v\u00e5ra aff\u00e4rs- och h\u00e5llbarhetsambitioner och f\u00f6r att erbjuda v\u00e5ra kunder b\u00e4ttre val och l\u00f6sningar.<\/p>\n<p>[\/et_pb_text][\/et_pb_column][\/et_pb_row][et_pb_row _builder_version=&#8221;4.16&#8243; locked=&#8221;off&#8221; global_colors_info=&#8221;{}&#8221;][et_pb_column type=&#8221;4_4&#8243; _builder_version=&#8221;4.16&#8243; custom_padding_last_edited=&#8221;off|phone&#8221; global_colors_info=&#8221;{}&#8221;][et_pb_image src=&#8221;https:\/\/www.nilorn.com\/wp-content\/uploads\/2023\/12\/arrow-down.png&#8221; title_text=&#8221;arrow-down&#8221; url=&#8221;#internal-properties&#8221; align=&#8221;center&#8221; admin_label=&#8221;Arrow down &#8211; Image&#8221; module_class=&#8221;arrow-down&#8221; _builder_version=&#8221;4.23.1&#8243; module_alignment=&#8221;center&#8221; min_height=&#8221;40px&#8221; height=&#8221;2vh&#8221; max_height=&#8221;100px&#8221; animation_style=&#8221;slide&#8221; animation_direction=&#8221;top&#8221; animation_duration=&#8221;800ms&#8221; animation_delay=&#8221;200ms&#8221; animation_intensity_slide=&#8221;30%&#8221; global_colors_info=&#8221;{}&#8221;][\/et_pb_image][\/et_pb_column][\/et_pb_row][\/et_pb_section][et_pb_section fb_built=&#8221;1&#8243; module_id=&#8221;internal-properties&#8221; _builder_version=&#8221;4.16&#8243; background_color=&#8221;rgba(0,0,0,0.1)&#8221; custom_padding=&#8221;||100px||false|false&#8221; da_disable_devices=&#8221;off|off|off&#8221; locked=&#8221;off&#8221; global_colors_info=&#8221;{}&#8221; da_is_popup=&#8221;off&#8221; da_exit_intent=&#8221;off&#8221; da_has_close=&#8221;on&#8221; da_alt_close=&#8221;off&#8221; da_dark_close=&#8221;off&#8221; da_not_modal=&#8221;on&#8221; da_is_singular=&#8221;off&#8221; da_with_loader=&#8221;off&#8221; da_has_shadow=&#8221;on&#8221;][et_pb_row _builder_version=&#8221;4.16&#8243; _module_preset=&#8221;default&#8221; max_width=&#8221;800px&#8221; custom_padding=&#8221;||4rem||false|false&#8221; global_colors_info=&#8221;{}&#8221;][et_pb_column type=&#8221;4_4&#8243; _builder_version=&#8221;4.16&#8243; _module_preset=&#8221;default&#8221; global_colors_info=&#8221;{}&#8221;][et_pb_text admin_label=&#8221;Text&#8221; _builder_version=&#8221;4.23.1&#8243; text_text_color=&#8221;#000000&#8243; text_line_height=&#8221;2.3em&#8221; text_orientation=&#8221;center&#8221; text_line_height_tablet=&#8221;&#8221; text_line_height_phone=&#8221;2em&#8221; text_line_height_last_edited=&#8221;on|desktop&#8221; global_colors_info=&#8221;{}&#8221;]<\/p>\n<p>Vi str\u00e4var efter att leverera produkter som skapar ett h\u00e5llbart merv\u00e4rde f\u00f6r v\u00e5ra kunder samt att st\u00f6dja och v\u00e4gleda dem i deras \u00f6verg\u00e5ng till mer h\u00e5llbara material. Nedan visas en lista \u00f6ver material och standarder som vi erbjuder:<\/p>\n<p>[\/et_pb_text][\/et_pb_column][\/et_pb_row][et_pb_row column_structure=&#8221;1_2,1_2&#8243; custom_padding_last_edited=&#8221;on|phone&#8221; _builder_version=&#8221;4.23.1&#8243; background_color=&#8221;#FFFFFF&#8221; custom_margin=&#8221;||4px||false|false&#8221; custom_padding=&#8221;5rem|6rem|5rem|6rem|false|false&#8221; custom_padding_tablet=&#8221;5rem|6rem|5rem|6rem|false|false&#8221; custom_padding_phone=&#8221;2rem|2rem|2rem|2rem|false|false&#8221; global_colors_info=&#8221;{}&#8221;][et_pb_column type=&#8221;1_2&#8243; _builder_version=&#8221;4.16&#8243; global_colors_info=&#8221;{}&#8221;][et_pb_text admin_label=&#8221;Textiles woven\/ printed&#8221; _builder_version=&#8221;4.23.1&#8243; text_font=&#8221;HelveticaNeueBold|700||on|||||&#8221; text_text_color=&#8221;#000000&#8243; custom_margin=&#8221;||4px||false|false&#8221; animation_direction=&#8221;left&#8221; text_orientation_tablet=&#8221;left&#8221; text_orientation_phone=&#8221;left&#8221; text_orientation_last_edited=&#8221;off|phone&#8221; global_colors_info=&#8221;{}&#8221;]<\/p>\n<p>Textiles woven\/ printed<\/p>\n<p>[\/et_pb_text][et_pb_text content_last_edited=&#8221;off|desktop&#8221; _builder_version=&#8221;4.23.3&#8243; text_text_color=&#8221;#000000&#8243; custom_padding_last_edited=&#8221;off|phone&#8221; animation_direction=&#8221;right&#8221; global_colors_info=&#8221;{}&#8221;]<\/p>\n<ul>\n<li>bluesign\u00ae<\/li>\n<li>OEKO-TEX\u00ae STANDARD 100<\/li>\n<li>Global Recycled Standard<\/li>\n<li>\u00c5tervunnen polyester<\/li>\n<li>Ekologisk bomull<\/li>\n<li>Tencel\u2122 Lyocell<\/li>\n<li>Andra naturliga fiber t.ex. lin, bambu och ull<\/li>\n<\/ul>\n<p>[\/et_pb_text][et_pb_text admin_label=&#8221;Paper&#8221; _builder_version=&#8221;4.21.0&#8243; text_font=&#8221;HelveticaNeueBold|700||on|||||&#8221; text_text_color=&#8221;#000000&#8243; custom_margin=&#8221;||4px||false|false&#8221; animation_direction=&#8221;left&#8221; global_colors_info=&#8221;{}&#8221;]<\/p>\n<p>Papper<\/p>\n<p>[\/et_pb_text][et_pb_text content_tablet=&#8221;<\/p>\n<ul>\n<li>FSC\u2122 certified paper<\/li>\n<li>Recycled paper<\/li>\n<li>Paper made from alternative fibres, such as grass,<br  \/> sugarcane or waste cotton<\/li>\n<\/ul>\n<p>&#8221; content_phone=&#8221;<\/p>\n<ul>\n<li>FSC\u2122 certified paper<\/li>\n<li>Recycled paper<\/li>\n<li>Paper made from alternative fibres, such as grass, sugarcane or waste cotton<\/li>\n<\/ul>\n<p>&#8221; content_last_edited=&#8221;on|phone&#8221; _builder_version=&#8221;4.23.3&#8243; text_text_color=&#8221;#000000&#8243; animation_direction=&#8221;right&#8221; global_colors_info=&#8221;{}&#8221;]<\/p>\n<ul>\n<li>FSC\u2122 certifierat paper<\/li>\n<li>\u00c5tervunnet papper<\/li>\n<li>Paper gjort av alternativa fiber t.ex. gr\u00e4s, sockerr\u00f6r eller \u00f6verbliven bomull<\/li>\n<\/ul>\n<p>[\/et_pb_text][et_pb_text admin_label=&#8221;POLYBAG\/ PROTECTIVE PACKAGING<br \/>\n&#8221; _builder_version=&#8221;4.21.0&#8243; text_font=&#8221;HelveticaNeueBold|700||on|||||&#8221; text_text_color=&#8221;#000000&#8243; custom_margin=&#8221;||4px||false|false&#8221; animation_direction=&#8221;left&#8221; global_colors_info=&#8221;{}&#8221;]<\/p>\n<p>POLYBAG\/ PROTECTIVE PACKAGING<\/p>\n<p>[\/et_pb_text][et_pb_text _builder_version=&#8221;4.21.0&#8243; text_text_color=&#8221;#000000&#8243; animation_direction=&#8221;right&#8221; global_colors_info=&#8221;{}&#8221;]<\/p>\n<ul>\n<li>Global Recycled Standard<\/li>\n<li>Blue Angel<\/li>\n<li>RecyClass<\/li>\n<li>Recycled LDPE<\/li>\n<li>Glassine paper<\/li>\n<li>Paptic\u00ae<\/li>\n<\/ul>\n<p>[\/et_pb_text][et_pb_text admin_label=&#8221;Plastics&#8221; _builder_version=&#8221;4.21.0&#8243; text_font=&#8221;HelveticaNeueBold|700||on|||||&#8221; text_text_color=&#8221;#000000&#8243; custom_margin=&#8221;||4px||false|false&#8221; animation_direction=&#8221;left&#8221; global_colors_info=&#8221;{}&#8221;]<\/p>\n<p>Plast<\/p>\n<p>[\/et_pb_text][et_pb_text _builder_version=&#8221;4.21.0&#8243; text_text_color=&#8221;#000000&#8243; animation_direction=&#8221;right&#8221; global_colors_info=&#8221;{}&#8221;]<\/p>\n<ul>\n<li>bluesign\u00ae<\/li>\n<li>OEKO-TEX\u00ae STANDARD 100<\/li>\n<li>Global Recycled Standard<\/li>\n<li>\u00c5tervunnen plast t.ex. silikon, TPU eller polystyren<\/li>\n<li>Bioplast t.ex. PLA<\/li>\n<\/ul>\n<p>[\/et_pb_text][\/et_pb_column][et_pb_column type=&#8221;1_2&#8243; _builder_version=&#8221;4.16&#8243; global_colors_info=&#8221;{}&#8221;][et_pb_text admin_label=&#8221;Metals&#8221; _builder_version=&#8221;4.16&#8243; text_font=&#8221;HelveticaNeueBold|700||on|||||&#8221; text_text_color=&#8221;#000000&#8243; custom_margin=&#8221;||4px||false|false&#8221; animation_direction=&#8221;left&#8221; global_colors_info=&#8221;{}&#8221;]<\/p>\n<p>Metall<\/p>\n<p>[\/et_pb_text][et_pb_text _builder_version=&#8221;4.21.0&#8243; text_text_color=&#8221;#000000&#8243; animation_direction=&#8221;right&#8221; global_colors_info=&#8221;{}&#8221;]<\/p>\n<ul>\n<li>bluesign\u00ae<\/li>\n<li>OEKO-TEX\u00ae STANDARD 100<\/li>\n<li>\u00c5tervunnen legering och m\u00e4ssing<\/li>\n<li>Rostfritt st\u00e5l<\/li>\n<\/ul>\n<p>[\/et_pb_text][et_pb_text admin_label=&#8221;Heat tranfers&#8221; _builder_version=&#8221;4.21.0&#8243; text_font=&#8221;HelveticaNeueBold|700||on|||||&#8221; text_text_color=&#8221;#000000&#8243; custom_margin=&#8221;||4px||false|false&#8221; animation_direction=&#8221;left&#8221; global_colors_info=&#8221;{}&#8221;]<\/p>\n<p>V\u00e4rmetransfers<\/p>\n<p>[\/et_pb_text][et_pb_text _builder_version=&#8221;4.21.0&#8243; text_text_color=&#8221;#000000&#8243; animation_direction=&#8221;right&#8221; global_colors_info=&#8221;{}&#8221;]<\/p>\n<ul>\n<li>bluesign\u00ae<\/li>\n<li>OEKO-TEX\u00ae STANDARD 100<\/li>\n<li>\u00c5tervunnen eller delvis biobaserad<\/li>\n<\/ul>\n<p>[\/et_pb_text][et_pb_text admin_label=&#8221;Leather and cork&#8221; _builder_version=&#8221;4.21.0&#8243; text_font=&#8221;HelveticaNeueBold|700||on|||||&#8221; text_text_color=&#8221;#000000&#8243; custom_margin=&#8221;||4px||false|false&#8221; animation_direction=&#8221;left&#8221; global_colors_info=&#8221;{}&#8221;]<\/p>\n<p>L\u00e4der och alternativ<\/p>\n<p>[\/et_pb_text][et_pb_text _builder_version=&#8221;4.21.0&#8243; text_text_color=&#8221;#000000&#8243; animation_direction=&#8221;right&#8221; global_colors_info=&#8221;{}&#8221;]<\/p>\n<ul>\n<li>OEKO-TEX\u00ae LEATHER STANDARD<\/li>\n<li>OEKO-TEX\u00ae STANDARD 100<\/li>\n<li>Global Recycled Standard<\/li>\n<li>\u00c5tervunnet l\u00e4der<\/li>\n<li>Kromfritt l\u00e4der<\/li>\n<li>L\u00e4derimitation (\u00e5tervunnet eller biobaserat)<\/li>\n<li>Korktyg<\/li>\n<li>FSC\u2122 Jacron<\/li>\n<\/ul>\n<p>[\/et_pb_text][\/et_pb_column][\/et_pb_row][\/et_pb_section]<\/p>\n","protected":false},"excerpt":{"rendered":"<p>Vi arbetar m\u00e5lmedvetet f\u00f6r att vara innovativa i allt vi g\u00f6r, fr\u00e5n design och formgivning till hur v\u00e5ra produkter n\u00e5r v\u00e5ra kunder. Vi utvecklas kontinuerligt f\u00f6r att uppfylla v\u00e5ra aff\u00e4rs- och h\u00e5llbarhetsambitioner och f\u00f6r att erbjuda v\u00e5ra kunder b\u00e4ttre val och l\u00f6sningar.<\/p>\n","protected":false},"author":1,"featured_media":11916,"parent":3066,"menu_order":0,"comment_status":"closed","ping_status":"closed","template":"","meta":{"_et_pb_use_builder":"on","_et_pb_old_content":"","_et_gb_content_width":"","footnotes":""},"class_list":["post-3081","page","type-page","status-publish","has-post-thumbnail","hentry"],"_links":{"self":[{"href":"https:\/\/www.nilorn.com\/sv\/wp-json\/wp\/v2\/pages\/3081","targetHints":{"allow":["GET"]}}],"collection":[{"href":"https:\/\/www.nilorn.com\/sv\/wp-json\/wp\/v2\/pages"}],"about":[{"href":"https:\/\/www.nilorn.com\/sv\/wp-json\/wp\/v2\/types\/page"}],"author":[{"embeddable":true,"href":"https:\/\/www.nilorn.com\/sv\/wp-json\/wp\/v2\/users\/1"}],"replies":[{"embeddable":true,"href":"https:\/\/www.nilorn.com\/sv\/wp-json\/wp\/v2\/comments?post=3081"}],"version-history":[{"count":29,"href":"https:\/\/www.nilorn.com\/sv\/wp-json\/wp\/v2\/pages\/3081\/revisions"}],"predecessor-version":[{"id":11921,"href":"https:\/\/www.nilorn.com\/sv\/wp-json\/wp\/v2\/pages\/3081\/revisions\/11921"}],"up":[{"embeddable":true,"href":"https:\/\/www.nilorn.com\/sv\/wp-json\/wp\/v2\/pages\/3066"}],"wp:featuredmedia":[{"embeddable":true,"href":"https:\/\/www.nilorn.com\/sv\/wp-json\/wp\/v2\/media\/11916"}],"wp:attachment":[{"href":"https:\/\/www.nilorn.com\/sv\/wp-json\/wp\/v2\/media?parent=3081"}],"curies":[{"name":"wp","href":"https:\/\/api.w.org\/{rel}","templated":true}]}}