{"id":3109,"date":"2020-07-15T10:29:38","date_gmt":"2020-07-15T08:29:38","guid":{"rendered":"https:\/\/www.nilorn.com\/vi-tillfor-varde-till-ert-varumarke\/bli-en-del-av-nilorn-familjen\/"},"modified":"2026-03-12T13:42:08","modified_gmt":"2026-03-12T12:42:08","slug":"karriar","status":"publish","type":"page","link":"https:\/\/www.nilorn.com\/sv\/om-oss\/karriar\/","title":{"rendered":"Bli en del av Nil\u00f6rnfamiljen"},"content":{"rendered":"<p>[et_pb_section fb_built=&#8221;1&#8243; _builder_version=&#8221;4.23.1&#8243; _dynamic_attributes=&#8221;background_image&#8221; background_image=&#8221;@ET-DC@eyJkeW5hbWljIjp0cnVlLCJjb250ZW50IjoicG9zdF9mZWF0dXJlZF9pbWFnZSIsInNldHRpbmdzIjp7fX0=@&#8221; da_disable_devices=&#8221;off|off|off&#8221; global_colors_info=&#8221;{}&#8221; da_is_popup=&#8221;off&#8221; da_exit_intent=&#8221;off&#8221; da_has_close=&#8221;on&#8221; da_alt_close=&#8221;off&#8221; da_dark_close=&#8221;off&#8221; da_not_modal=&#8221;on&#8221; da_is_singular=&#8221;off&#8221; da_with_loader=&#8221;off&#8221; da_has_shadow=&#8221;on&#8221;][et_pb_row _builder_version=&#8221;4.16&#8243; global_colors_info=&#8221;{}&#8221;][et_pb_column type=&#8221;4_4&#8243; _builder_version=&#8221;4.16&#8243; global_colors_info=&#8221;{}&#8221;][et_pb_divider show_divider=&#8221;off&#8221; _builder_version=&#8221;4.16&#8243; min_height=&#8221;200px&#8221; min_height_tablet=&#8221;&#8221; min_height_phone=&#8221;100px&#8221; min_height_last_edited=&#8221;on|phone&#8221; height=&#8221;25vh&#8221; height_tablet=&#8221;&#8221; height_phone=&#8221;15vh&#8221; height_last_edited=&#8221;on|phone&#8221; global_colors_info=&#8221;{}&#8221;][\/et_pb_divider][\/et_pb_column][\/et_pb_row][\/et_pb_section][et_pb_section fb_built=&#8221;1&#8243; _builder_version=&#8221;4.16&#8243; da_disable_devices=&#8221;off|off|off&#8221; global_colors_info=&#8221;{}&#8221; da_is_popup=&#8221;off&#8221; da_exit_intent=&#8221;off&#8221; da_has_close=&#8221;on&#8221; da_alt_close=&#8221;off&#8221; da_dark_close=&#8221;off&#8221; da_not_modal=&#8221;on&#8221; da_is_singular=&#8221;off&#8221; da_with_loader=&#8221;off&#8221; da_has_shadow=&#8221;on&#8221;][et_pb_row custom_padding_last_edited=&#8221;on|phone&#8221; _builder_version=&#8221;4.16&#8243; custom_padding=&#8221;50px||30px||false|false&#8221; custom_padding_tablet=&#8221;&#8221; custom_padding_phone=&#8221;0px||0px||false|false&#8221; animation_style=&#8221;fade&#8221; global_colors_info=&#8221;{}&#8221;][et_pb_column type=&#8221;4_4&#8243; _builder_version=&#8221;4.16&#8243; global_colors_info=&#8221;{}&#8221;][et_pb_text admin_label=&#8221;Header text&#8221; _builder_version=&#8221;4.16&#8243; _dynamic_attributes=&#8221;content&#8221; header_font=&#8221;|300|||||||&#8221; header_text_align=&#8221;center&#8221; text_orientation=&#8221;center&#8221; width_tablet=&#8221;&#8221; width_phone=&#8221;280px&#8221; width_last_edited=&#8221;on|phone&#8221; module_alignment=&#8221;center&#8221; global_colors_info=&#8221;{}&#8221;]@ET-DC@eyJkeW5hbWljIjp0cnVlLCJjb250ZW50IjoicG9zdF90aXRsZSIsInNldHRpbmdzIjp7ImJlZm9yZSI6IjxoMT4iLCJhZnRlciI6IjxcL2gxPiJ9fQ==@[\/et_pb_text][\/et_pb_column][\/et_pb_row][et_pb_row _builder_version=&#8221;4.16&#8243; max_width=&#8221;900px&#8221; animation_style=&#8221;fade&#8221; global_colors_info=&#8221;{}&#8221;][et_pb_column type=&#8221;4_4&#8243; _builder_version=&#8221;4.16&#8243; global_colors_info=&#8221;{}&#8221;][et_pb_text _builder_version=&#8221;4.16&#8243; text_line_height=&#8221;2.3em&#8221; text_orientation=&#8221;center&#8221; text_line_height_tablet=&#8221;&#8221; text_line_height_phone=&#8221;2em&#8221; text_line_height_last_edited=&#8221;on|phone&#8221; global_colors_info=&#8221;{}&#8221;]<\/p>\n<p>V\u00e5ra medarbetare \u00e4r v\u00e5r viktigaste tillg\u00e5ng. I dag \u00e4r vi cirka 500 personer som tillsammans utvecklar, designar och tillverkar v\u00e4rldens b\u00e4sta etiketteringsl\u00f6sningar f\u00f6r uppdragsgivare \u00f6ver hela v\u00e4rlden. Vi jobbar \u00e4ven fokuserat och m\u00e5lmedvetet med att utveckla oss sj\u00e4lva genom interna och externa kurser och utbildningar.<\/p>\n<p><\/p>\n<p>V\u00e5r kunskap och erfarenhet fr\u00e5n etikettproduktion str\u00e4cker sig \u00f6ver mer \u00e4n ett halvt sekel och vi ligger idag i framkant vad g\u00e4ller design, kvalitet och h\u00e5llbarhet. Vi har kontor och tillverkningsanl\u00e4ggningar i Sverige, Danmark, Belgien, Nederl\u00e4nderna, Tyskland, Schweiz, Spanien, Italien, England, Portugal, Turkiet, Hongkong, Kina, Indien, Bangladesh, Pakistan, USA och Vietnam. Huvudkontoret ligger i Bor\u00e5s.<\/p>\n<p><\/p>\n<p>Se v\u00e5ra lediga tj\u00e4nster p\u00e5 <a href=\"https:\/\/www.linkedin.com\/company\/nilornworldwide\/jobs\/\" target=\"_blank\" rel=\"noopener noreferrer\">LinkedIn<\/a>.<\/p>\n<p>[\/et_pb_text][\/et_pb_column][\/et_pb_row][et_pb_row _builder_version=&#8221;4.16&#8243; locked=&#8221;off&#8221; global_colors_info=&#8221;{}&#8221;][et_pb_column type=&#8221;4_4&#8243; _builder_version=&#8221;4.16&#8243; custom_padding_last_edited=&#8221;off|phone&#8221; global_colors_info=&#8221;{}&#8221;][et_pb_button button_url=&#8221;https:\/\/www.linkedin.com\/company\/nilornworldwide\/&#8221; url_new_window=&#8221;on&#8221; button_text=&#8221;Connecta med oss p\u00e5 LinkedIn&#8221; button_alignment=&#8221;center&#8221; admin_label=&#8221;Button &#8211; Connect at LinkedIn&#8221; _builder_version=&#8221;4.16&#8243; _module_preset=&#8221;default&#8221; animation_style=&#8221;fade&#8221; global_colors_info=&#8221;{}&#8221;][\/et_pb_button][\/et_pb_column][\/et_pb_row][\/et_pb_section][et_pb_section fb_built=&#8221;1&#8243; _builder_version=&#8221;4.16&#8243; _module_preset=&#8221;default&#8221; da_disable_devices=&#8221;off|off|off&#8221; global_colors_info=&#8221;{}&#8221; da_is_popup=&#8221;off&#8221; da_exit_intent=&#8221;off&#8221; da_has_close=&#8221;on&#8221; da_alt_close=&#8221;off&#8221; da_dark_close=&#8221;off&#8221; da_not_modal=&#8221;on&#8221; da_is_singular=&#8221;off&#8221; da_with_loader=&#8221;off&#8221; da_has_shadow=&#8221;on&#8221;][et_pb_row _builder_version=&#8221;4.16&#8243; max_width=&#8221;800px&#8221; animation_style=&#8221;fade&#8221; global_colors_info=&#8221;{}&#8221;][et_pb_column type=&#8221;4_4&#8243; _builder_version=&#8221;4.16&#8243; global_colors_info=&#8221;{}&#8221;][et_pb_text admin_label=&#8221;Spontaneous application &#8211; Header text&#8221; _builder_version=&#8221;4.16&#8243; header_font=&#8221;|300|||||||&#8221; header_text_align=&#8221;center&#8221; header_2_font=&#8221;|300|||||||&#8221; text_orientation=&#8221;center&#8221; global_colors_info=&#8221;{}&#8221;]<\/p>\n<h2>Spontanans\u00f6kan<\/h2>\n<p>[\/et_pb_text][et_pb_text _builder_version=&#8221;4.27.4&#8243; text_line_height=&#8221;2.3em&#8221; header_4_font_size=&#8221;17px&#8221; text_orientation=&#8221;center&#8221; text_line_height_tablet=&#8221;&#8221; text_line_height_phone=&#8221;2em&#8221; text_line_height_last_edited=&#8221;on|phone&#8221; global_colors_info=&#8221;{}&#8221;]<\/p>\n<p>Vill du arbeta inom en koncern som ger dig stora m\u00f6jligheter att utvecklas b\u00e5de professionellt och p\u00e5 ett personligt plan? Tillsammans med arbetskamrater fr\u00e5n hela v\u00e4rlden? Vi tar emot ans\u00f6kningar \u00e5ret runt och ser g\u00e4rna att du kontaktar oss om du \u00e4r intresserad av att bli en del av Nil\u00f6rn-familjen.<\/p>\n<p>[\/et_pb_text][et_pb_text admin_label=&#8221;Address&#8221; _builder_version=&#8221;4.27.4&#8243; header_3_font=&#8221;||||||||&#8221; header_3_font_size=&#8221;17px&#8221; header_3_line_height=&#8221;1.7em&#8221; header_4_font_size=&#8221;17px&#8221; header_4_line_height=&#8221;1.7em&#8221; text_orientation=&#8221;center&#8221; custom_padding=&#8221;3rem||||false|false&#8221; text_line_height_tablet=&#8221;&#8221; text_line_height_phone=&#8221;1.5em&#8221; text_line_height_last_edited=&#8221;on|phone&#8221; global_colors_info=&#8221;{}&#8221;]<\/p>\n<h3>NIL\u00d6RNGRUPPEN AB<\/h3>\n<p><\/p>\n<p>BES\u00d6K: Wieslanders v\u00e4g 3<br \/>504 31 Bor\u00e5s<br \/>SWEDEN<br \/>POST: Box 499<br \/>501 13 Bor\u00e5s<br \/>SWEDEN<br \/>Tel: +46 33 700 88 88<br \/>info@nilorn.com<\/p>\n<p>[\/et_pb_text][\/et_pb_column][\/et_pb_row][et_pb_row _builder_version=&#8221;4.16&#8243; custom_margin=&#8221;||3rem||false|false&#8221; locked=&#8221;off&#8221; global_colors_info=&#8221;{}&#8221;][et_pb_column type=&#8221;4_4&#8243; _builder_version=&#8221;4.16&#8243; custom_padding_last_edited=&#8221;off|phone&#8221; global_colors_info=&#8221;{}&#8221;][et_pb_button button_url=&#8221;@ET-DC@eyJkeW5hbWljIjp0cnVlLCJjb250ZW50IjoicG9zdF9saW5rX3VybF9wYWdlIiwic2V0dGluZ3MiOnsicG9zdF9pZCI6IjUxMyJ9fQ==@&#8221; button_text=&#8221;Hitta fler adresser&#8221; button_alignment=&#8221;center&#8221; admin_label=&#8221;Button &#8211; Find more addresses&#8221; _builder_version=&#8221;4.16&#8243; _dynamic_attributes=&#8221;button_url&#8221; _module_preset=&#8221;default&#8221; animation_style=&#8221;fade&#8221; global_colors_info=&#8221;{}&#8221;][\/et_pb_button][\/et_pb_column][\/et_pb_row][\/et_pb_section]<\/p>\n","protected":false},"excerpt":{"rendered":"<p>V\u00e5ra medarbetare \u00e4r v\u00e5r viktigaste tillg\u00e5ng. I dag \u00e4r vi cirka 500 personer som tillsammans utvecklar, designar och tillverkar v\u00e4rldens b\u00e4sta etiketteringsl\u00f6sningar f\u00f6r uppdragsgivare \u00f6ver hela v\u00e4rlden. Vi jobbar \u00e4ven fokuserat och m\u00e5lmedvetet med att utveckla oss sj\u00e4lva genom interna och externa kurser och utbildningar.V\u00e5r kunskap och erfarenhet fr\u00e5n etikettproduktion str\u00e4cker sig \u00f6ver mer \u00e4n [&hellip;]<\/p>\n","protected":false},"author":1,"featured_media":11773,"parent":3106,"menu_order":0,"comment_status":"closed","ping_status":"closed","template":"","meta":{"_et_pb_use_builder":"on","_et_pb_old_content":"","_et_gb_content_width":"","footnotes":""},"class_list":["post-3109","page","type-page","status-publish","has-post-thumbnail","hentry"],"_links":{"self":[{"href":"https:\/\/www.nilorn.com\/sv\/wp-json\/wp\/v2\/pages\/3109","targetHints":{"allow":["GET"]}}],"collection":[{"href":"https:\/\/www.nilorn.com\/sv\/wp-json\/wp\/v2\/pages"}],"about":[{"href":"https:\/\/www.nilorn.com\/sv\/wp-json\/wp\/v2\/types\/page"}],"author":[{"embeddable":true,"href":"https:\/\/www.nilorn.com\/sv\/wp-json\/wp\/v2\/users\/1"}],"replies":[{"embeddable":true,"href":"https:\/\/www.nilorn.com\/sv\/wp-json\/wp\/v2\/comments?post=3109"}],"version-history":[{"count":39,"href":"https:\/\/www.nilorn.com\/sv\/wp-json\/wp\/v2\/pages\/3109\/revisions"}],"predecessor-version":[{"id":17841,"href":"https:\/\/www.nilorn.com\/sv\/wp-json\/wp\/v2\/pages\/3109\/revisions\/17841"}],"up":[{"embeddable":true,"href":"https:\/\/www.nilorn.com\/sv\/wp-json\/wp\/v2\/pages\/3106"}],"wp:featuredmedia":[{"embeddable":true,"href":"https:\/\/www.nilorn.com\/sv\/wp-json\/wp\/v2\/media\/11773"}],"wp:attachment":[{"href":"https:\/\/www.nilorn.com\/sv\/wp-json\/wp\/v2\/media?parent=3109"}],"curies":[{"name":"wp","href":"https:\/\/api.w.org\/{rel}","templated":true}]}}