{"id":3113,"date":"2020-06-12T08:47:10","date_gmt":"2020-06-12T06:47:10","guid":{"rendered":"https:\/\/www.nilorn.com\/vi-tillfor-varde-till-ert-varumarke\/publikationer\/"},"modified":"2025-06-24T09:11:19","modified_gmt":"2025-06-24T07:11:19","slug":"publikationer","status":"publish","type":"page","link":"https:\/\/www.nilorn.com\/sv\/om-oss\/publikationer\/","title":{"rendered":"Publikationer"},"content":{"rendered":"<p>[et_pb_section fb_built=&#8221;1&#8243; _builder_version=&#8221;4.23.1&#8243; _dynamic_attributes=&#8221;background_image&#8221; background_image=&#8221;@ET-DC@eyJkeW5hbWljIjp0cnVlLCJjb250ZW50IjoicG9zdF9mZWF0dXJlZF9pbWFnZSIsInNldHRpbmdzIjp7fX0=@&#8221; da_disable_devices=&#8221;off|off|off&#8221; global_colors_info=&#8221;{}&#8221; da_is_popup=&#8221;off&#8221; da_exit_intent=&#8221;off&#8221; da_has_close=&#8221;on&#8221; da_alt_close=&#8221;off&#8221; da_dark_close=&#8221;off&#8221; da_not_modal=&#8221;on&#8221; da_is_singular=&#8221;off&#8221; da_with_loader=&#8221;off&#8221; da_has_shadow=&#8221;on&#8221;][et_pb_row _builder_version=&#8221;4.16&#8243; global_colors_info=&#8221;{}&#8221;][et_pb_column type=&#8221;4_4&#8243; _builder_version=&#8221;4.16&#8243; global_colors_info=&#8221;{}&#8221;][et_pb_divider show_divider=&#8221;off&#8221; _builder_version=&#8221;4.4.7&#8243; min_height=&#8221;200px&#8221; min_height_tablet=&#8221;&#8221; min_height_phone=&#8221;100px&#8221; min_height_last_edited=&#8221;on|phone&#8221; height=&#8221;25vh&#8221; height_tablet=&#8221;&#8221; height_phone=&#8221;15vh&#8221; height_last_edited=&#8221;on|phone&#8221; global_colors_info=&#8221;{}&#8221;][\/et_pb_divider][\/et_pb_column][\/et_pb_row][\/et_pb_section][et_pb_section fb_built=&#8221;1&#8243; _builder_version=&#8221;4.16&#8243; custom_padding=&#8221;||1rem||false|false&#8221; da_disable_devices=&#8221;off|off|off&#8221; global_colors_info=&#8221;{}&#8221; da_is_popup=&#8221;off&#8221; da_exit_intent=&#8221;off&#8221; da_has_close=&#8221;on&#8221; da_alt_close=&#8221;off&#8221; da_dark_close=&#8221;off&#8221; da_not_modal=&#8221;on&#8221; da_is_singular=&#8221;off&#8221; da_with_loader=&#8221;off&#8221; da_has_shadow=&#8221;on&#8221;][et_pb_row _builder_version=&#8221;4.16&#8243; custom_padding=&#8221;50px||30px||false|false&#8221; animation_style=&#8221;fade&#8221; global_colors_info=&#8221;{}&#8221;][et_pb_column type=&#8221;4_4&#8243; _builder_version=&#8221;4.16&#8243; global_colors_info=&#8221;{}&#8221;][et_pb_text admin_label=&#8221;Header text&#8221; _builder_version=&#8221;4.16&#8243; _dynamic_attributes=&#8221;content&#8221; header_font=&#8221;|300|||||||&#8221; header_text_align=&#8221;center&#8221; text_orientation=&#8221;center&#8221; global_colors_info=&#8221;{}&#8221;]@ET-DC@eyJkeW5hbWljIjp0cnVlLCJjb250ZW50IjoicG9zdF90aXRsZSIsInNldHRpbmdzIjp7ImJlZm9yZSI6IjxoMT4iLCJhZnRlciI6IjxcL2gxPiJ9fQ==@[\/et_pb_text][\/et_pb_column][\/et_pb_row][et_pb_row _builder_version=&#8221;4.16&#8243; max_width=&#8221;800px&#8221; custom_padding=&#8221;0px|||||&#8221; animation_style=&#8221;fade&#8221; global_colors_info=&#8221;{}&#8221;][et_pb_column type=&#8221;4_4&#8243; _builder_version=&#8221;4.16&#8243; global_colors_info=&#8221;{}&#8221;][et_pb_text _builder_version=&#8221;4.23.1&#8243; text_line_height=&#8221;2.3em&#8221; text_orientation=&#8221;center&#8221; text_line_height_tablet=&#8221;&#8221; text_line_height_phone=&#8221;2em&#8221; text_line_height_last_edited=&#8221;on|phone&#8221; global_colors_info=&#8221;{}&#8221;]Nedan hittar du v\u00e5ra senaste publikationer.<br \/>Samtliga publikationer kan ocks\u00e5 ses p\u00e5 <a class=\"external-link\" href=\"https:\/\/issuu.com\/nilornworldwide\" target=\"_blank\" rel=\"noopener noreferrer\">Issuu<\/a>.[\/et_pb_text][\/et_pb_column][\/et_pb_row][et_pb_row _builder_version=&#8221;4.16&#8243; custom_padding=&#8221;0px|||||&#8221; global_colors_info=&#8221;{}&#8221;][et_pb_column type=&#8221;4_4&#8243; _builder_version=&#8221;4.16&#8243; custom_padding=&#8221;50px||||false|false&#8221; custom_padding_tablet=&#8221;40px||||false|false&#8221; custom_padding_phone=&#8221;30px||||false|false&#8221; custom_padding_last_edited=&#8221;on|phone&#8221; global_colors_info=&#8221;{}&#8221;][et_pb_image src=&#8221;https:\/\/www.nilorn.com\/wp-content\/uploads\/2023\/12\/arrow-down.png&#8221; title_text=&#8221;arrow-down&#8221; url=&#8221;#publications-list&#8221; align=&#8221;center&#8221; admin_label=&#8221;Arrow down &#8211; Image&#8221; module_class=&#8221;arrow-down&#8221; _builder_version=&#8221;4.23.1&#8243; module_alignment=&#8221;center&#8221; min_height=&#8221;40px&#8221; height=&#8221;2vh&#8221; max_height=&#8221;100px&#8221; animation_style=&#8221;slide&#8221; animation_direction=&#8221;top&#8221; animation_duration=&#8221;800ms&#8221; animation_delay=&#8221;200ms&#8221; animation_intensity_slide=&#8221;20%&#8221; global_colors_info=&#8221;{}&#8221;][\/et_pb_image][\/et_pb_column][\/et_pb_row][\/et_pb_section][et_pb_section fb_built=&#8221;1&#8243; admin_label=&#8221;Presentations Section&#8221; _builder_version=&#8221;4.16&#8243; da_disable_devices=&#8221;off|off|off&#8221; global_colors_info=&#8221;{}&#8221; da_is_popup=&#8221;off&#8221; da_exit_intent=&#8221;off&#8221; da_has_close=&#8221;on&#8221; da_alt_close=&#8221;off&#8221; da_dark_close=&#8221;off&#8221; da_not_modal=&#8221;on&#8221; da_is_singular=&#8221;off&#8221; da_with_loader=&#8221;off&#8221; da_has_shadow=&#8221;on&#8221;][et_pb_row _builder_version=&#8221;4.16&#8243; custom_padding=&#8221;0px||0px||true|false&#8221; animation_style=&#8221;fade&#8221; global_colors_info=&#8221;{}&#8221;][et_pb_column type=&#8221;4_4&#8243; _builder_version=&#8221;4.16&#8243; global_colors_info=&#8221;{}&#8221;][et_pb_text admin_label=&#8221;Presentations header&#8221; _builder_version=&#8221;4.16&#8243; header_2_font=&#8221;|300|||||||&#8221; header_2_font_size=&#8221;32px&#8221; global_colors_info=&#8221;{}&#8221;]<\/p>\n<h2>Presentationer<\/h2>\n<p>[\/et_pb_text][\/et_pb_column][\/et_pb_row][et_pb_row column_structure=&#8221;1_5,1_5,1_5,1_5,1_5&#8243; make_equal=&#8221;on&#8221; custom_padding_last_edited=&#8221;on|desktop&#8221; module_class=&#8221;publications-blurbs&#8221; _builder_version=&#8221;4.16&#8243; custom_padding=&#8221;|||3px|false|false&#8221; custom_padding_tablet=&#8221;&#8221; custom_padding_phone=&#8221;|||0px|false|false&#8221; global_colors_info=&#8221;{}&#8221;][et_pb_column type=&#8221;1_5&#8243; _builder_version=&#8221;4.16&#8243; global_colors_info=&#8221;{}&#8221;][et_pb_blurb title=&#8221;F\u00f6retagspresentation 2024&#8243; url=&#8221;https:\/\/www.nilorn.com\/wp-content\/uploads\/2024\/01\/Nilorn-company-presentation-2024.pdf&#8221; url_new_window=&#8221;on&#8221; image=&#8221;https:\/\/www.nilorn.com\/wp-content\/uploads\/2024\/01\/Nilorn-Company-Presentation-2024.jpg&#8221; alt=&#8221;Nilo\u0308rn Company Presentation 2024&#8243; admin_label=&#8221;Blurb &#8211; Company presentation 2024&#8243; _builder_version=&#8221;4.27.4&#8243; header_font=&#8221;|300|||||||&#8221; header_font_size=&#8221;16px&#8221; link_option_url=&#8221;https:\/\/www.nilorn.com\/wp-content\/uploads\/2024\/01\/Nilorn-company-presentation-2024.pdf&#8221; link_option_url_new_window=&#8221;on&#8221; hover_enabled=&#8221;0&#8243; global_colors_info=&#8221;{}&#8221; child_filter_hue_rotate__hover_enabled=&#8221;off|desktop&#8221; child_filter_hue_rotate__hover=&#8221;170deg&#8221; header_level=&#8221;h3&#8243; sticky_enabled=&#8221;0&#8243;][\/et_pb_blurb][\/et_pb_column][et_pb_column type=&#8221;1_5&#8243; _builder_version=&#8221;4.16&#8243; global_colors_info=&#8221;{}&#8221;][et_pb_blurb title=&#8221;The Blue Book 2024&#8243; url=&#8221;https:\/\/issuu.com\/nilornworldwide\/docs\/the_blue_book_2025&#8243; url_new_window=&#8221;on&#8221; image=&#8221;https:\/\/www.nilorn.com\/wp-content\/uploads\/2025\/03\/The-blue-book-2024.png&#8221; alt=&#8221;Blue-Book_2022&#8243; admin_label=&#8221;Blurb &#8211; The Blue Book 2024&#8243; _builder_version=&#8221;4.27.4&#8243; header_font=&#8221;|300|||||||&#8221; header_font_size=&#8221;16px&#8221; link_option_url=&#8221;https:\/\/issuu.com\/nilornworldwide\/docs\/the_blue_book_2025&#8243; link_option_url_new_window=&#8221;on&#8221; hover_enabled=&#8221;0&#8243; global_colors_info=&#8221;{}&#8221; header_level=&#8221;h3&#8243; sticky_enabled=&#8221;0&#8243;][\/et_pb_blurb][\/et_pb_column][et_pb_column type=&#8221;1_5&#8243; _builder_version=&#8221;4.16&#8243; global_colors_info=&#8221;{}&#8221;][\/et_pb_column][et_pb_column type=&#8221;1_5&#8243; _builder_version=&#8221;4.16&#8243; global_colors_info=&#8221;{}&#8221;][\/et_pb_column][et_pb_column type=&#8221;1_5&#8243; _builder_version=&#8221;4.16&#8243; global_colors_info=&#8221;{}&#8221;][\/et_pb_column][\/et_pb_row][\/et_pb_section][et_pb_section fb_built=&#8221;1&#8243; admin_label=&#8221;Reports Section&#8221; _builder_version=&#8221;4.16&#8243; da_disable_devices=&#8221;off|off|off&#8221; global_colors_info=&#8221;{}&#8221; da_is_popup=&#8221;off&#8221; da_exit_intent=&#8221;off&#8221; da_has_close=&#8221;on&#8221; da_alt_close=&#8221;off&#8221; da_dark_close=&#8221;off&#8221; da_not_modal=&#8221;on&#8221; da_is_singular=&#8221;off&#8221; da_with_loader=&#8221;off&#8221; da_has_shadow=&#8221;on&#8221;][et_pb_row _builder_version=&#8221;4.16&#8243; custom_padding=&#8221;0px||0px||true|false&#8221; animation_style=&#8221;fade&#8221; global_colors_info=&#8221;{}&#8221;][et_pb_column type=&#8221;4_4&#8243; _builder_version=&#8221;4.16&#8243; global_colors_info=&#8221;{}&#8221;][et_pb_text admin_label=&#8221;Reports header&#8221; _builder_version=&#8221;4.16&#8243; header_2_font=&#8221;|300|||||||&#8221; header_2_font_size=&#8221;32px&#8221; global_colors_info=&#8221;{}&#8221;]<\/p>\n<h2>Rapporter<\/h2>\n<p>[\/et_pb_text][\/et_pb_column][\/et_pb_row][et_pb_row column_structure=&#8221;1_5,1_5,1_5,1_5,1_5&#8243; make_equal=&#8221;on&#8221; module_class=&#8221;publications-blurbs&#8221; _builder_version=&#8221;4.16&#8243; global_colors_info=&#8221;{}&#8221;][et_pb_column type=&#8221;1_5&#8243; _builder_version=&#8221;4.16&#8243; global_colors_info=&#8221;{}&#8221;][et_pb_blurb title=&#8221;\u00c5rsredovisning &amp; h\u00e5llbarhetsrapport 2024&#8243; url=&#8221;https:\/\/www.nilorn.com\/wp-content\/uploads\/2025\/04\/Nilorn-Arsredovisning-24-4.pdf&#8221; url_new_window=&#8221;on&#8221; image=&#8221;https:\/\/www.nilorn.com\/wp-content\/uploads\/2025\/04\/annual-report-sustainability-report-2024-cover.jpg&#8221; admin_label=&#8221;Blurb &#8211; Annual report &#038; Sustainability report 2024&#8243; _builder_version=&#8221;4.27.4&#8243; header_font=&#8221;|300|||||||&#8221; header_font_size=&#8221;16px&#8221; link_option_url=&#8221;https:\/\/www.nilorn.com\/wp-content\/uploads\/2025\/04\/Nilorn-Arsredovisning-24-4.pdf&#8221; link_option_url_new_window=&#8221;on&#8221; hover_enabled=&#8221;0&#8243; global_colors_info=&#8221;{}&#8221; child_filter_hue_rotate__hover_enabled=&#8221;off|desktop&#8221; child_filter_hue_rotate__hover=&#8221;170deg&#8221; header_level=&#8221;h3&#8243; sticky_enabled=&#8221;0&#8243;][\/et_pb_blurb][\/et_pb_column][et_pb_column type=&#8221;1_5&#8243; _builder_version=&#8221;4.16&#8243; global_colors_info=&#8221;{}&#8221;][et_pb_blurb title=&#8221;\u00c5rsredovisning 2023&#8243; url=&#8221;https:\/\/www.nilorn.com\/wp-content\/uploads\/2025\/04\/Nilorngruppen-AB-Arsredovisning-2023-1.pdf&#8221; url_new_window=&#8221;on&#8221; image=&#8221;https:\/\/www.nilorn.com\/wp-content\/uploads\/2024\/04\/annual-report-2023-cover.jpg&#8221; admin_label=&#8221;Blurb &#8211; Annual report 2023&#8243; _builder_version=&#8221;4.27.4&#8243; header_font=&#8221;|300|||||||&#8221; header_font_size=&#8221;16px&#8221; link_option_url=&#8221;https:\/\/www.nilorn.com\/wp-content\/uploads\/2025\/04\/Nilorngruppen-AB-Arsredovisning-2023-1.pdf&#8221; link_option_url_new_window=&#8221;on&#8221; hover_enabled=&#8221;0&#8243; global_colors_info=&#8221;{}&#8221; child_filter_hue_rotate__hover_enabled=&#8221;off|desktop&#8221; child_filter_hue_rotate__hover=&#8221;170deg&#8221; header_level=&#8221;h3&#8243; sticky_enabled=&#8221;0&#8243;][\/et_pb_blurb][\/et_pb_column][et_pb_column type=&#8221;1_5&#8243; _builder_version=&#8221;4.16&#8243; global_colors_info=&#8221;{}&#8221;][et_pb_blurb title=&#8221;H\u00e5llbarhetsrapport 2023&#8243; url=&#8221;https:\/\/issuu.com\/nilornworldwide\/docs\/more_fit_for_the_future_-_nilo_rn_sustainability_re&#8221; url_new_window=&#8221;on&#8221; image=&#8221;https:\/\/www.nilorn.com\/wp-content\/uploads\/2024\/04\/sustainability-report-23.png&#8221; admin_label=&#8221;Blurb &#8211; Sustainability report 2023&#8243; _builder_version=&#8221;4.27.4&#8243; header_font=&#8221;|300|||||||&#8221; header_font_size=&#8221;16px&#8221; link_option_url=&#8221;https:\/\/issuu.com\/nilornworldwide\/docs\/more_fit_for_the_future_-_nilo_rn_sustainability_re&#8221; link_option_url_new_window=&#8221;on&#8221; hover_enabled=&#8221;0&#8243; global_colors_info=&#8221;{}&#8221; child_filter_hue_rotate__hover_enabled=&#8221;off|desktop&#8221; child_filter_hue_rotate__hover=&#8221;170deg&#8221; header_level=&#8221;h3&#8243; sticky_enabled=&#8221;0&#8243;][\/et_pb_blurb][\/et_pb_column][et_pb_column type=&#8221;1_5&#8243; _builder_version=&#8221;4.16&#8243; global_colors_info=&#8221;{}&#8221;][\/et_pb_column][et_pb_column type=&#8221;1_5&#8243; _builder_version=&#8221;4.16&#8243; global_colors_info=&#8221;{}&#8221;][\/et_pb_column][\/et_pb_row][\/et_pb_section]<\/p>\n","protected":false},"excerpt":{"rendered":"<p>Nedan hittar du v\u00e5ra senaste publikationer.Samtliga publikationer kan ocks\u00e5 ses p\u00e5 Issuu.PresentationerRapporter<\/p>\n","protected":false},"author":1,"featured_media":11895,"parent":3106,"menu_order":0,"comment_status":"closed","ping_status":"closed","template":"","meta":{"_et_pb_use_builder":"on","_et_pb_old_content":"","_et_gb_content_width":"","footnotes":""},"class_list":["post-3113","page","type-page","status-publish","has-post-thumbnail","hentry"],"_links":{"self":[{"href":"https:\/\/www.nilorn.com\/sv\/wp-json\/wp\/v2\/pages\/3113","targetHints":{"allow":["GET"]}}],"collection":[{"href":"https:\/\/www.nilorn.com\/sv\/wp-json\/wp\/v2\/pages"}],"about":[{"href":"https:\/\/www.nilorn.com\/sv\/wp-json\/wp\/v2\/types\/page"}],"author":[{"embeddable":true,"href":"https:\/\/www.nilorn.com\/sv\/wp-json\/wp\/v2\/users\/1"}],"replies":[{"embeddable":true,"href":"https:\/\/www.nilorn.com\/sv\/wp-json\/wp\/v2\/comments?post=3113"}],"version-history":[{"count":49,"href":"https:\/\/www.nilorn.com\/sv\/wp-json\/wp\/v2\/pages\/3113\/revisions"}],"predecessor-version":[{"id":15671,"href":"https:\/\/www.nilorn.com\/sv\/wp-json\/wp\/v2\/pages\/3113\/revisions\/15671"}],"up":[{"embeddable":true,"href":"https:\/\/www.nilorn.com\/sv\/wp-json\/wp\/v2\/pages\/3106"}],"wp:featuredmedia":[{"embeddable":true,"href":"https:\/\/www.nilorn.com\/sv\/wp-json\/wp\/v2\/media\/11895"}],"wp:attachment":[{"href":"https:\/\/www.nilorn.com\/sv\/wp-json\/wp\/v2\/media?parent=3113"}],"curies":[{"name":"wp","href":"https:\/\/api.w.org\/{rel}","templated":true}]}}